{"id":1029208,"date":"2024-06-17T16:16:14","date_gmt":"2024-06-17T08:16:14","guid":{"rendered":"https:\/\/vimaterial.de\/product\/nitrate-derbiumiii-pentahydrate\/"},"modified":"2025-06-10T11:37:24","modified_gmt":"2025-06-10T03:37:24","slug":"nitrate-derbiumiii-pentahydrate","status":"publish","type":"product","link":"https:\/\/vimaterial.de\/fr\/product\/nitrate-derbiumiii-pentahydrate\/","title":{"rendered":"Nitrate d\u2019erbium(III) pentahydrat\u00e9"},"content":{"rendered":"<p><span style=\"color: #0000ff;\"><a style=\"color: #0000ff;\" href=\"https:\/\/vimaterial.de\/fr\/product\/carbonate-derbium-hydrate\/\"><strong>Le nitrate d&#8217;erbium pentahydrat\u00e9<\/strong><\/a><\/span>, formule chimique : Er(NO\u2083)\u2083\u00b75H\u2082O, est un solide cristallin rose clair avec une bonne solubilit\u00e9 dans l\u2019eau et une bonne r\u00e9activit\u00e9. Il s\u2019agit d\u2019un compos\u00e9 source d\u2019erbium important. Il a un large \u00e9ventail d\u2019utilisations dans les mat\u00e9riaux laser, les dispositifs opto\u00e9lectroniques, les modificateurs c\u00e9ramiques et la synth\u00e8se chimique.<\/p>\n<p><strong>Le nitrate d&#8217;erbium pentahydrat\u00e9<\/strong> fourni par VIMATERIAL est fabriqu\u00e9 \u00e0 partir de mati\u00e8res premi\u00e8res de terres rares de haute puret\u00e9 et raffin\u00e9 par des proc\u00e9d\u00e9s avanc\u00e9s. Il pr\u00e9sente les caract\u00e9ristiques d\u2019une grande puret\u00e9 et d\u2019une faible teneur en impuret\u00e9s. Il peut \u00eatre votre source id\u00e9ale de mat\u00e9riaux. <span style=\"color: #0000ff;\"><a style=\"color: #0000ff;\" href=\"https:\/\/vimaterial.de\/fr\/contact\/\">Contactez-nous rapidement.<\/a><\/span><\/p>\n<h2><span style=\"font-size: 14pt;\">Caract\u00e9ristiques<\/span><\/h2>\n<p>Formule mol\u00e9culaire : Er(NO\u2083)\u2083\u00b75H\u2082O<\/p>\n<p>Poids mol\u00e9culaire : 434,37 g\/mol<\/p>\n<p>Apparence\u00a0: poudre cristalline rose clair \u00e0 rose pourpre<\/p>\n<p>Point de fusion : environ 60\u201365 \u00b0C (d\u00e9shydratation)<\/p>\n<p>Structure cristalline : \u00c0 temp\u00e9rature ambiante, le nitrate d\u2019erbium pentahydrat\u00e9 cristallise dans le syst\u00e8me monoclinique. Dans sa structure cristalline, les ions Er\u00b3\u207a sont multi-coordonn\u00e9s et stabilis\u00e9s par les ions nitrate et les mol\u00e9cules d\u2019eau pour former un r\u00e9seau de coordination complexe. Cette structure a une bonne solubilit\u00e9 et une bonne stabilit\u00e9 thermique, et convient \u00e0 la synth\u00e8se, \u00e0 la d\u00e9composition, au dopage ionique et \u00e0 d\u2019autres fins.<\/p>\n<h2><span style=\"font-size: 14pt;\">Application<\/span><\/h2>\n<p>Mat\u00e9riaux de communication laser et fibre optique : Les caract\u00e9ristiques d\u2019\u00e9mission d\u2019ions Er\u00b3\u207a dans la gamme de 1,5 \u03bcm sont utilis\u00e9es pour fabriquer des amplificateurs \u00e0 fibre dop\u00e9s \u00e0 l\u2019erbium (EDFA) et du verre laser.<\/p>\n<p>R\u00e9actifs de synth\u00e8se chimique : <strong>Le nitrate d&#8217;erbium pentahydrat\u00e9<\/strong> est utilis\u00e9 pour pr\u00e9parer des complexes organiques d\u2019erbium, des sels d\u2019erbium de haute puret\u00e9 et des pr\u00e9curseurs de catalyseurs.<\/p>\n<p>Modification de la c\u00e9ramique et du verre\u00a0: <strong>Le nitrate d&#8217;erbium pentahydrat\u00e9<\/strong> peut \u00eatre utilis\u00e9 comme r\u00e9gulateur de couleur et am\u00e9liorateur de stabilit\u00e9 thermique.<\/p>\n<h2><span style=\"font-size: 14pt;\">Contr\u00f4le qualit\u00e9<\/span><\/h2>\n<p><span style=\"color: #0000ff;\"><a style=\"color: #0000ff;\" href=\"https:\/\/vimaterial.de\/fr\/controle-qualite\/\">Nos produits<\/a> <\/span>ont un processus de contr\u00f4le de qualit\u00e9 strict pour garantir le principe de qualit\u00e9 du \u00ab \u00a0contr\u00f4le des lots et de la tra\u00e7abilit\u00e9 \u00e0 la source\u00a0 \u00bb. Nos mati\u00e8res premi\u00e8res sont v\u00e9rifi\u00e9es par ICP-MS, GDMS et d\u2019autres puret\u00e9s, des processus de production standardis\u00e9s, un contr\u00f4le complet de la qualit\u00e9 du processus et l\u2019int\u00e9grit\u00e9 de l\u2019inspection finale.<\/p>\n<h2><span style=\"font-size: 14pt;\">Emballage<\/span><\/h2>\n<p><strong>Le nitrate d&#8217;erbium pentahydrat\u00e9<\/strong> est emball\u00e9 dans des bouteilles scell\u00e9es sous vide avec diff\u00e9rentes sp\u00e9cifications d\u2019emballage telles que 50g \/ 100g \/ 500g \/ 1kg \/ 5kg, qui peuvent \u00eatre personnalis\u00e9es selon les exigences du client. Les grandes quantit\u00e9s sont conditionn\u00e9es dans des f\u00fbts de 25 kg et fix\u00e9es avec des palettes externes.<\/p>\n<h2><span style=\"font-size: 14pt;\">Stockage<\/span><\/h2>\n<p><strong>Le nitrate d&#8217;erbium pentahydrat\u00e9<\/strong> doit \u00eatre stock\u00e9 dans un environnement sec et scell\u00e9 pour \u00e9viter l\u2019humidit\u00e9. La temp\u00e9rature de stockage recommand\u00e9e est de 5 ~ 30 \u00b0C. \u00c9vitez l\u2019exposition \u00e0 long terme \u00e0 l\u2019air et \u00e9vitez les fortes vibrations et la lumi\u00e8re directe du soleil pendant le transport.<\/p>\n","protected":false},"excerpt":{"rendered":"<p><span style=\"color: #0000ff;\"><a style=\"color: #0000ff;\" href=\"https:\/\/vimaterial.de\/fr\/product\/carbonate-derbium-hydrate\/\"><strong>Le nitrate d&#8217;erbium pentahydrat\u00e9<\/strong><\/a><\/span>, formule chimique : Er(NO\u2083)\u2083\u00b75H\u2082O, est un solide cristallin rose clair avec une bonne solubilit\u00e9 dans l\u2019eau et une bonne r\u00e9activit\u00e9. Il s\u2019agit d\u2019un compos\u00e9 source d\u2019erbium important. Il a un large \u00e9ventail d\u2019utilisations dans les mat\u00e9riaux laser, les dispositifs opto\u00e9lectroniques, les modificateurs c\u00e9ramiques et la synth\u00e8se chimique.<\/p>\n<p><strong>Le nitrate d&#8217;erbium pentahydrat\u00e9<\/strong> fourni par VIMATERIAL est fabriqu\u00e9 \u00e0 partir de mati\u00e8res premi\u00e8res de terres rares de haute puret\u00e9 et raffin\u00e9 par des proc\u00e9d\u00e9s avanc\u00e9s. Il pr\u00e9sente les caract\u00e9ristiques d\u2019une grande puret\u00e9 et d\u2019une faible teneur en impuret\u00e9s. Il peut \u00eatre votre source id\u00e9ale de mat\u00e9riaux. <span style=\"color: #0000ff;\"><a style=\"color: #0000ff;\" href=\"https:\/\/vimaterial.de\/fr\/contact\/\">Contactez-nous rapidement.<\/a><\/span><\/p>\n<p>&nbsp;<\/p>\n","protected":false},"featured_media":1034436,"comment_status":"open","ping_status":"closed","template":"","meta":{"_acf_changed":false},"product_brand":[],"product_cat":[241],"product_tag":[],"class_list":{"0":"post-1029208","1":"product","2":"type-product","3":"status-publish","4":"has-post-thumbnail","6":"product_cat-materiaux-a-base-de-terres-rares","8":"first","9":"instock","10":"shipping-taxable","11":"purchasable","12":"product-type-variable"},"acf":[],"_links":{"self":[{"href":"https:\/\/vimaterial.de\/fr\/wp-json\/wp\/v2\/product\/1029208","targetHints":{"allow":["GET"]}}],"collection":[{"href":"https:\/\/vimaterial.de\/fr\/wp-json\/wp\/v2\/product"}],"about":[{"href":"https:\/\/vimaterial.de\/fr\/wp-json\/wp\/v2\/types\/product"}],"replies":[{"embeddable":true,"href":"https:\/\/vimaterial.de\/fr\/wp-json\/wp\/v2\/comments?post=1029208"}],"wp:featuredmedia":[{"embeddable":true,"href":"https:\/\/vimaterial.de\/fr\/wp-json\/wp\/v2\/media\/1034436"}],"wp:attachment":[{"href":"https:\/\/vimaterial.de\/fr\/wp-json\/wp\/v2\/media?parent=1029208"}],"wp:term":[{"taxonomy":"product_brand","embeddable":true,"href":"https:\/\/vimaterial.de\/fr\/wp-json\/wp\/v2\/product_brand?post=1029208"},{"taxonomy":"product_cat","embeddable":true,"href":"https:\/\/vimaterial.de\/fr\/wp-json\/wp\/v2\/product_cat?post=1029208"},{"taxonomy":"product_tag","embeddable":true,"href":"https:\/\/vimaterial.de\/fr\/wp-json\/wp\/v2\/product_tag?post=1029208"}],"curies":[{"name":"wp","href":"https:\/\/api.w.org\/{rel}","templated":true}]}}