{"id":1029187,"date":"2024-06-17T16:16:14","date_gmt":"2024-06-17T08:16:14","guid":{"rendered":"https:\/\/vimaterial.de\/product\/carbonate-derbium-hydrate\/"},"modified":"2025-06-10T14:50:52","modified_gmt":"2025-06-10T06:50:52","slug":"carbonate-derbium-hydrate","status":"publish","type":"product","link":"https:\/\/vimaterial.de\/fr\/product\/carbonate-derbium-hydrate\/","title":{"rendered":"Hydrate de carbonate d\u2019erbium"},"content":{"rendered":"<p><span style=\"color: #0000ff;\"><a style=\"color: #0000ff;\" href=\"https:\/\/vimaterial.de\/fr\/product\/nitrate-derbiumiii-pentahydrate\/\"><strong>L&#8217;hydrate de carbonate d&#8217;erbium<\/strong> <\/a><\/span>(Er\u2082(CO\u2083)\u2083\u00b7xH\u2082O) est un compos\u00e9 de terres rares en poudre de lavande \u00e0 rose et l\u2019un des pr\u00e9curseurs importants pour la synth\u00e8se d\u2019une vari\u00e9t\u00e9 de mat\u00e9riaux fonctionnels de terres rares. Ce produit pr\u00e9sente les caract\u00e9ristiques d\u2019une grande puret\u00e9, d\u2019une d\u00e9composition thermique contr\u00f4lable et d\u2019une hydratation mod\u00e9r\u00e9e. Il peut \u00eatre utilis\u00e9 pour pr\u00e9parer de l\u2019Er\u2082O\u2083 (oxyde d\u2019erbium) de haute qualit\u00e9 par d\u00e9composition thermique et est largement utilis\u00e9 dans l\u2019opto\u00e9lectronique, la c\u00e9ramique, le d\u00e9p\u00f4t chimique en phase vapeur (CVD) et d\u2019autres domaines.<\/p>\n<p>Le produit Er\u2082(CO\u2083)\u2083\u00b7xH\u2082O fourni par VIMATERIAL a une hydratation contr\u00f4lable, une grande puret\u00e9, une bonne stabilit\u00e9 thermique et convient \u00e0 une vari\u00e9t\u00e9 d\u2019occasions.<span style=\"color: #0000ff;\"><a style=\"color: #0000ff;\" href=\"https:\/\/vimaterial.de\/fr\/contact\/\">Contactez-nous.<\/a><\/span><\/p>\n<h2><span style=\"font-size: 14pt;\">Caract\u00e9ristiques<\/span><\/h2>\n<p>Formule chimique : Er\u2082(CO\u2083)\u2083\u00b7xH\u2082O<\/p>\n<p>Apparence\u00a0: poudre cristalline de lavande \u00e0 rose<\/p>\n<p>Point de fusion : &gt;400\u00b0C D\u00e9composition thermique en oxyde d\u2019erbium (Er\u2082O\u2083)<\/p>\n<p>Structure cristalline : monoclinique ou triclinique (selon le degr\u00e9 d\u2019hydratation et la m\u00e9thode de s\u00e9chage)<\/p>\n<h2><span style=\"font-size: 14pt;\">Application<\/span><\/h2>\n<p>Pr\u00e9paration de l\u2019Er\u2082O\u2083 pur : <strong>L&#8217;hydrate de carbonate d&#8217;erbium<\/strong> est d\u00e9compos\u00e9 thermiquement pour obtenir une poudre d\u2019oxyde d\u2019erbium ultrafine de haute puret\u00e9<\/p>\n<p>Recherche en science des mat\u00e9riaux : <strong>L&#8217;hydrate de carbonate d&#8217;erbium<\/strong> est utilis\u00e9 comme pr\u00e9curseur pour explorer les c\u00e9ramiques de terres rares, les films minces et les mat\u00e9riaux magn\u00e9tiques<\/p>\n<p>Mat\u00e9riaux fonctionnels opto\u00e9lectroniques : L&#8217;erbium pr\u00e9sente de fortes caract\u00e9ristiques d\u2019absorption\/\u00e9mission dans la r\u00e9gion infrarouge et convient aux mat\u00e9riaux fluorescents infrarouges<\/p>\n<p>R\u00e9actif de pr\u00e9cipitation\/s\u00e9paration des terres rares : <strong>L&#8217;hydrate de carbonate d&#8217;erbium<\/strong> est utilis\u00e9 pour le contr\u00f4le des pr\u00e9cipitations de carbonate dans la recherche sur la s\u00e9paration et la r\u00e9cup\u00e9ration des terres rares<\/p>\n<h2><span style=\"font-size: 14pt;\">Contr\u00f4le qualit\u00e9<\/span><\/h2>\n<p><span style=\"color: #0000ff;\"><a style=\"color: #0000ff;\" href=\"https:\/\/vimaterial.de\/fr\/controle-qualite\/\">Nos produits<\/a><\/span> suivent des proc\u00e9dures strictes de contr\u00f4le de la qualit\u00e9 et des m\u00e9thodes de test scientifiques, y compris ICP-MS, XRD, SEM, etc. pour effectuer une analyse compl\u00e8te des produits. Nos produits b\u00e9n\u00e9ficient d\u2019enregistrements complets et d\u2019une tra\u00e7abilit\u00e9 depuis l\u2019approvisionnement en mati\u00e8res premi\u00e8res, la production jusqu\u2019\u00e0 l\u2019exp\u00e9dition, garantissant la coh\u00e9rence des ingr\u00e9dients et les performances entre les lots. Chaque lot de produits est accompagn\u00e9 de donn\u00e9es compl\u00e8tes d\u2019inspection de la qualit\u00e9.<\/p>\n<h2><span style=\"font-size: 14pt;\">Emballage et stockage<\/span><\/h2>\n<p><strong>La poudre d&#8217;hydrate de carbonate d&#8217;erbium<\/strong> est emball\u00e9e dans des bouteilles scell\u00e9es sous vide, et diff\u00e9rentes sp\u00e9cifications d\u2019emballage telles que 50g \/ 100g \/ 500g \/ 1kg \/ 5kg sont disponibles, qui peuvent \u00eatre personnalis\u00e9es selon les besoins du client. Les grandes quantit\u00e9s sont conditionn\u00e9es dans des f\u00fbts de 25 kg et fix\u00e9es avec des palettes standard.<\/p>\n<p><strong>La poudre d&#8217;hydrate de carbonate d&#8217;erbium<\/strong> est g\u00e9n\u00e9ralement stock\u00e9e dans un environnement sec scell\u00e9 \u00e0 temp\u00e9rature ambiante pour \u00e9viter le contact avec l\u2019air humide et emp\u00eacher l\u2019absorption et l\u2019agglom\u00e9ration de l\u2019humidit\u00e9.<\/p>\n","protected":false},"excerpt":{"rendered":"<p><span style=\"color: #0000ff;\"><a style=\"color: #0000ff;\" href=\"https:\/\/vimaterial.de\/fr\/product\/nitrate-derbiumiii-pentahydrate\/\"><strong>L&#8217;hydrate de carbonate d&#8217;erbium<\/strong> <\/a><\/span>(Er\u2082(CO\u2083)\u2083\u00b7xH\u2082O) est un compos\u00e9 de terres rares en poudre de lavande \u00e0 rose et l\u2019un des pr\u00e9curseurs importants pour la synth\u00e8se d\u2019une vari\u00e9t\u00e9 de mat\u00e9riaux fonctionnels de terres rares. Ce produit pr\u00e9sente les caract\u00e9ristiques d\u2019une grande puret\u00e9, d\u2019une d\u00e9composition thermique contr\u00f4lable et d\u2019une hydratation mod\u00e9r\u00e9e. Il peut \u00eatre utilis\u00e9 pour pr\u00e9parer de l\u2019Er\u2082O\u2083 (oxyde d\u2019erbium) de haute qualit\u00e9 par d\u00e9composition thermique et est largement utilis\u00e9 dans l\u2019opto\u00e9lectronique, la c\u00e9ramique, le d\u00e9p\u00f4t chimique en phase vapeur (CVD) et d\u2019autres domaines.<\/p>\n<p>Le produit Er\u2082(CO\u2083)\u2083\u00b7xH\u2082O fourni par VIMATERIAL a une hydratation contr\u00f4lable, une grande puret\u00e9, une bonne stabilit\u00e9 thermique et convient \u00e0 une vari\u00e9t\u00e9 d\u2019occasions.<span style=\"color: #0000ff;\"><a style=\"color: #0000ff;\" href=\"https:\/\/vimaterial.de\/fr\/contact\/\">Contactez-nous.<\/a><\/span><\/p>\n<p>&nbsp;<\/p>\n","protected":false},"featured_media":1034446,"comment_status":"open","ping_status":"closed","template":"","meta":{"_acf_changed":false},"product_brand":[],"product_cat":[241],"product_tag":[],"class_list":{"0":"post-1029187","1":"product","2":"type-product","3":"status-publish","4":"has-post-thumbnail","6":"product_cat-materiaux-a-base-de-terres-rares","8":"first","9":"instock","10":"shipping-taxable","11":"purchasable","12":"product-type-variable"},"acf":[],"_links":{"self":[{"href":"https:\/\/vimaterial.de\/fr\/wp-json\/wp\/v2\/product\/1029187","targetHints":{"allow":["GET"]}}],"collection":[{"href":"https:\/\/vimaterial.de\/fr\/wp-json\/wp\/v2\/product"}],"about":[{"href":"https:\/\/vimaterial.de\/fr\/wp-json\/wp\/v2\/types\/product"}],"replies":[{"embeddable":true,"href":"https:\/\/vimaterial.de\/fr\/wp-json\/wp\/v2\/comments?post=1029187"}],"wp:featuredmedia":[{"embeddable":true,"href":"https:\/\/vimaterial.de\/fr\/wp-json\/wp\/v2\/media\/1034446"}],"wp:attachment":[{"href":"https:\/\/vimaterial.de\/fr\/wp-json\/wp\/v2\/media?parent=1029187"}],"wp:term":[{"taxonomy":"product_brand","embeddable":true,"href":"https:\/\/vimaterial.de\/fr\/wp-json\/wp\/v2\/product_brand?post=1029187"},{"taxonomy":"product_cat","embeddable":true,"href":"https:\/\/vimaterial.de\/fr\/wp-json\/wp\/v2\/product_cat?post=1029187"},{"taxonomy":"product_tag","embeddable":true,"href":"https:\/\/vimaterial.de\/fr\/wp-json\/wp\/v2\/product_tag?post=1029187"}],"curies":[{"name":"wp","href":"https:\/\/api.w.org\/{rel}","templated":true}]}}