{"id":1029175,"date":"2024-06-17T16:16:15","date_gmt":"2024-06-17T08:16:15","guid":{"rendered":"https:\/\/vimaterial.de\/product\/oxyde-derbium-3\/"},"modified":"2025-06-10T08:59:29","modified_gmt":"2025-06-10T00:59:29","slug":"oxyde-derbium-3","status":"publish","type":"product","link":"https:\/\/vimaterial.de\/fr\/product\/oxyde-derbium-3\/","title":{"rendered":"Oxyde d\u2019erbium"},"content":{"rendered":"<p>Les granules <span style=\"color: #0000ff;\"><a style=\"color: #0000ff;\" href=\"https:\/\/vimaterial.de\/fr\/product\/oxyde-derbium\/\"><strong>d\u2019oxyde d&#8217;erbium <\/strong><\/a><\/span>sont une sorte d\u2019oxyde de terres rares de haute puret\u00e9, qui sont des solides granulaires rose clair \u00e0 violet et sont largement utilis\u00e9s dans les rev\u00eatements optiques, les mat\u00e9riaux laser, les additifs c\u00e9ramiques et l\u2019industrie nucl\u00e9aire. VIMATERIAL fournit des particules d\u2019oxyde d\u2019erbium de diff\u00e9rentes sp\u00e9cifications et niveaux de puret\u00e9, prend en charge la taille et l\u2019emballage personnalis\u00e9s des particules et r\u00e9pond aux divers besoins des clients en mati\u00e8re d\u2019applications. La soci\u00e9t\u00e9 dispose d\u2019experts en science des mat\u00e9riaux, en ing\u00e9nierie d\u2019application et dans d\u2019autres domaines pour fournir un support technique aux clients. Veuillez <span style=\"color: #0000ff;\"><a style=\"color: #0000ff;\" href=\"https:\/\/vimaterial.de\/en\/contact-us\/\">nous contacter rapidement<\/a>.<\/span><\/p>\n<h2>Caract\u00e9ristiques<\/h2>\n<p>Formule chimique : Er\u2082O\u2083<\/p>\n<p>Poids mol\u00e9culaire : 382,52 g\/mol<\/p>\n<p>Aspect : granules rose clair \u00e0 violet<\/p>\n<p>Densit\u00e9 : 8,64 g\/cm\u00b3<\/p>\n<p>Point de fusion : 2341\u00b0C<\/p>\n<p>Point d\u2019\u00e9bullition : 3 300 \u00b0C (environ)<\/p>\n<p>Structure cristalline : syst\u00e8me cubique<\/p>\n<h2>Application<\/h2>\n<p>Verre optique\u00a0: Granules d\u2019oxyde d\u2019erbium utilis\u00e9s comme colorant du verre, il peut donner au verre une couleur rose-rouge unique, qui peut \u00eatre utilis\u00e9e dans la fabrication de verre d\u00e9coratif, de verre d\u2019art, etc., pour augmenter l\u2019esth\u00e9tique et la valeur artistique du verre.<\/p>\n<p>Dispositifs optiques : En raison de ses excellentes propri\u00e9t\u00e9s optiques, il est largement utilis\u00e9 dans la fabrication de dispositifs optiques haute performance, tels que les amplificateurs \u00e0 fibre optique, les lasers, etc. Il peut am\u00e9liorer efficacement l\u2019efficacit\u00e9 de transmission de la lumi\u00e8re et r\u00e9duire la diffusion et la r\u00e9flexion de la lumi\u00e8re, am\u00e9liorant ainsi les performances globales de l\u2019appareil.<\/p>\n<p>Verre absorbant les infrarouges : Les granules d\u2019oxyde d\u2019erbium peuvent \u00eatre utilis\u00e9s pour fabriquer du verre absorbant les infrarouges, qui a des applications importantes dans les syst\u00e8mes optiques infrarouges, les \u00e9quipements d\u2019imagerie thermique, le verre architectural, etc., et peut bloquer efficacement la transmission des rayons infrarouges et r\u00e9duire le transfert de chaleur.<\/p>\n<p>Dispositifs \u00e0 semi-conducteurs : Les granules d\u2019oxyde d\u2019erbium peuvent \u00eatre utilis\u00e9s comme di\u00e9lectrique de grille dans les dispositifs \u00e0 semi-conducteurs pour am\u00e9liorer les performances et la stabilit\u00e9 des dispositifs \u00e0 semi-conducteurs en tirant parti de sa constante di\u00e9lectrique \u00e9lev\u00e9e et de sa grande bande interdite.<\/p>\n<h2>Contr\u00f4le de la qualit\u00e9<\/h2>\n<p><span style=\"color: #0000ff;\"><a style=\"color: #0000ff;\" href=\"https:\/\/vimaterial.de\/fr\/controle-qualite\/\">Nos produits<\/a><\/span> suivent des proc\u00e9dures strictes de contr\u00f4le de la qualit\u00e9 et des m\u00e9thodes de test scientifiques, y compris ICP-MS, XRD, SEM, etc. pour effectuer une analyse compl\u00e8te des produits. Nos produits sont enti\u00e8rement enregistr\u00e9s et tra\u00e7ables, de l\u2019approvisionnement en mati\u00e8res premi\u00e8res, de la production \u00e0 l\u2019exp\u00e9dition, afin de garantir que la composition et les performances entre les lots sont coh\u00e9rentes, et que chaque lot de produits est accompagn\u00e9 de donn\u00e9es compl\u00e8tes d\u2019inspection de la qualit\u00e9.<\/p>\n<h2>Emballage<\/h2>\n<p>Les granul\u00e9s d\u2019oxyde d\u2019erbium sont scell\u00e9s sous vide et ont diff\u00e9rentes tailles d\u2019emballage telles que 50g \/ 100g \/ 500g \/ 1kg \/ 5kg, qui peuvent \u00eatre personnalis\u00e9s selon les exigences du client. Les grandes quantit\u00e9s sont emball\u00e9es dans des f\u00fbts de 25 kg et fix\u00e9es avec des palettes externes.<\/p>\n<p>Les granules d\u2019oxyde d\u2019erbium doivent \u00eatre stock\u00e9s dans un endroit sec et bien ventil\u00e9 pour \u00e9viter l\u2019humidit\u00e9. Il est recommand\u00e9 de les conserver dans leur emballage d\u2019origine scell\u00e9 pour \u00e9viter toute r\u00e9action avec l\u2019humidit\u00e9 de l\u2019air et \u00e9viter de les m\u00e9langer avec des substances acides ou volatiles.<\/p>\n","protected":false},"excerpt":{"rendered":"<p>Les granules <strong>d\u2019oxyde d&#8217;erbium <\/strong>sont une sorte d\u2019oxyde de terres rares de haute puret\u00e9, qui sont des solides granulaires rose clair \u00e0 violet et sont largement utilis\u00e9s dans les rev\u00eatements optiques, les mat\u00e9riaux laser, les additifs c\u00e9ramiques et l\u2019industrie nucl\u00e9aire. VIMATERIAL fournit des particules d\u2019oxyde d\u2019erbium de diff\u00e9rentes sp\u00e9cifications et niveaux de puret\u00e9, prend en charge la taille et l\u2019emballage personnalis\u00e9s des particules et r\u00e9pond aux divers besoins des clients en mati\u00e8re d\u2019applications. La soci\u00e9t\u00e9 dispose d\u2019experts en science des mat\u00e9riaux, en ing\u00e9nierie d\u2019application et dans d\u2019autres domaines pour fournir un support technique aux clients. Veuillez nous contacter rapidement.<\/p>\n","protected":false},"featured_media":1034456,"comment_status":"open","ping_status":"closed","template":"","meta":{"_acf_changed":false},"product_brand":[],"product_cat":[236],"product_tag":[],"class_list":{"0":"post-1029175","1":"product","2":"type-product","3":"status-publish","4":"has-post-thumbnail","6":"product_cat-materiaux-devaporation","8":"first","9":"instock","10":"shipping-taxable","11":"product-type-variable"},"acf":[],"_links":{"self":[{"href":"https:\/\/vimaterial.de\/fr\/wp-json\/wp\/v2\/product\/1029175","targetHints":{"allow":["GET"]}}],"collection":[{"href":"https:\/\/vimaterial.de\/fr\/wp-json\/wp\/v2\/product"}],"about":[{"href":"https:\/\/vimaterial.de\/fr\/wp-json\/wp\/v2\/types\/product"}],"replies":[{"embeddable":true,"href":"https:\/\/vimaterial.de\/fr\/wp-json\/wp\/v2\/comments?post=1029175"}],"wp:featuredmedia":[{"embeddable":true,"href":"https:\/\/vimaterial.de\/fr\/wp-json\/wp\/v2\/media\/1034456"}],"wp:attachment":[{"href":"https:\/\/vimaterial.de\/fr\/wp-json\/wp\/v2\/media?parent=1029175"}],"wp:term":[{"taxonomy":"product_brand","embeddable":true,"href":"https:\/\/vimaterial.de\/fr\/wp-json\/wp\/v2\/product_brand?post=1029175"},{"taxonomy":"product_cat","embeddable":true,"href":"https:\/\/vimaterial.de\/fr\/wp-json\/wp\/v2\/product_cat?post=1029175"},{"taxonomy":"product_tag","embeddable":true,"href":"https:\/\/vimaterial.de\/fr\/wp-json\/wp\/v2\/product_tag?post=1029175"}],"curies":[{"name":"wp","href":"https:\/\/api.w.org\/{rel}","templated":true}]}}