{"id":1029167,"date":"2024-06-17T16:16:15","date_gmt":"2024-06-17T08:16:15","guid":{"rendered":"https:\/\/vimaterial.de\/product\/sulfate-derbium-octahydrate\/"},"modified":"2025-03-24T17:53:30","modified_gmt":"2025-03-24T09:53:30","slug":"sulfate-derbium-octahydrate","status":"publish","type":"product","link":"https:\/\/vimaterial.de\/fr\/product\/sulfate-derbium-octahydrate\/","title":{"rendered":"Sulfate d\u2019erbium octahydrat\u00e9"},"content":{"rendered":"<p>Le sulfate d&#8217;erbium octahydrat\u00e9 est un cristal monoclinique rose, soluble dans l\u2019eau, se d\u00e9compose lorsqu\u2019il est chauff\u00e9 et est couramment utilis\u00e9 comme agent colorant dans la verrerie et les \u00e9maux c\u00e9ramiques, et comme dopant dans la fabrication de fibres optiques.<\/p>\n<p>VIMATERIAL fournit du sulfate d\u2019erbium octahydrat\u00e9 dans diverses sp\u00e9cifications et prend en charge le service de liaison de cible. Nous acceptons la personnalisation des produits,<span style=\"color: #0000ff;\"><a style=\"color: #0000ff;\" href=\"https:\/\/vimaterial.de\/fr\/contact\/\"> contactez-nous.<\/a><\/span><\/p>\n<h2><span style=\"font-size: 14pt;\">Propri\u00e9t\u00e9s<\/span><\/h2>\n<p>Formule mol\u00e9culaire : Er2(SO4)3\u00b7 8H2O<\/p>\n<p>Poids mol\u00e9culaire : environ 766,83<\/p>\n<p>Apparence\u00a0: Poudre de cristal rose<\/p>\n<p>Densit\u00e9 : environ 3,20 g\/cm\u00b3.<\/p>\n<p>Point de fusion : 200\u00b0C (d\u00e9composition)<\/p>\n<p>Structure cristalline : syst\u00e8me cristallin monoclinique.<\/p>\n<h2><span style=\"font-size: 14pt;\">Applications<\/span><\/h2>\n<p><span style=\"font-size: 12pt;\">Champ optique\u00a0: Il est utilis\u00e9 dans la fabrication de verre optique et de fibre optique, qui peuvent am\u00e9liorer les propri\u00e9t\u00e9s optiques du mat\u00e9riau, telles que l\u2019indice de r\u00e9fraction, la transmittance, etc., et joue un r\u00f4le dans la communication optique et la technologie laser.<\/span><\/p>\n<p>Industrie \u00e9lectronique : Il peut \u00eatre utilis\u00e9 comme dopant dans la fabrication de composants \u00e9lectroniques, ce qui aide \u00e0 r\u00e9guler les propri\u00e9t\u00e9s \u00e9lectriques des mat\u00e9riaux et \u00e0 am\u00e9liorer les performances et la stabilit\u00e9 des appareils \u00e9lectroniques.<\/p>\n<p>Coloration de la c\u00e9ramique et du verre : ajout\u00e9e \u00e0 la c\u00e9ramique et au verre comme colorant pour leur donner des couleurs uniques et augmenter l\u2019esth\u00e9tique et la d\u00e9coration des produits.<\/p>\n<h2><span style=\"font-size: 14pt;\">Contr\u00f4le de la qualit\u00e9<\/span><\/h2>\n<p><span style=\"color: #0000ff;\"><a style=\"color: #0000ff;\" href=\"https:\/\/vimaterial.de\/fr\/controle-qualite\/\">Chaque lot<\/a> <\/span>de produits garantit strictement la qualit\u00e9, de la s\u00e9lection des fournisseurs de mati\u00e8res premi\u00e8res \u00e0 l\u2019utilisation d\u2019\u00e9quipements de test avanc\u00e9s pour surveiller avec pr\u00e9cision l\u2019ensemble du processus de production, jusqu\u2019au produit fini \u00e0 travers de nombreuses s\u00e9ries d\u2019\u00e9chantillonnage rigoureux et de certification par une tierce partie faisant autorit\u00e9, jusqu\u2019\u00e0 un syst\u00e8me de contr\u00f4le de la qualit\u00e9 complet et \u00e0 tol\u00e9rance z\u00e9ro pour garantir que chaque lot de produits respecte et d\u00e9passe les normes \u00e9lev\u00e9es de l\u2019industrie. Fournir \u00e0 nos clients la meilleure qualit\u00e9 et les produits les plus stables.<\/p>\n<h2><span style=\"font-size: 14pt;\">Emballage et stockage<\/span><\/h2>\n<p><span style=\"font-size: 14pt;\"><span style=\"font-size: 12pt;\">La poudre de sulfate d&#8217;erbium octahydrat\u00e9 est emball\u00e9e dans un sac sous vide ou une bouteille sous vide dans un carton pour assurer un transport en toute s\u00e9curit\u00e9.<\/span><br \/>\n<\/span><\/p>\n<p>La poudre de sulfate d&#8217;erbium octahydrat\u00e9 doit \u00eatre stock\u00e9e dans un endroit frais, sec et bien ventil\u00e9, \u00e0 l\u2019abri de l\u2019humidit\u00e9 et d\u2019autres produits chimiques pour \u00e9viter la d\u00e9t\u00e9rioration due \u00e0 l\u2019absorption d\u2019humidit\u00e9 ou \u00e0 la r\u00e9action chimique.<\/p>\n","protected":false},"excerpt":{"rendered":"<p>Le sulfate d&#8217;erbium octahydrat\u00e9 est un cristal monoclinique rose, soluble dans l\u2019eau, se d\u00e9compose lorsqu\u2019il est chauff\u00e9 et est couramment utilis\u00e9 comme agent colorant dans la verrerie et les \u00e9maux c\u00e9ramiques, et comme dopant dans la fabrication de fibres optiques.<\/p>\n<p>VIMATERIAL fournit du sulfate d\u2019erbium octahydrat\u00e9 dans diverses sp\u00e9cifications et prend en charge le service de liaison de cible. Nous acceptons la personnalisation des produits,<span style=\"color: #0000ff;\"><a style=\"color: #0000ff;\" href=\"https:\/\/vimaterial.de\/fr\/contact\/\"> contactez-nous.<\/a><\/span><\/p>\n<p>&nbsp;<\/p>\n","protected":false},"featured_media":1034451,"comment_status":"open","ping_status":"closed","template":"","meta":{"_acf_changed":false},"product_brand":[],"product_cat":[241],"product_tag":[],"class_list":{"0":"post-1029167","1":"product","2":"type-product","3":"status-publish","4":"has-post-thumbnail","6":"product_cat-materiaux-a-base-de-terres-rares","8":"first","9":"instock","10":"shipping-taxable","11":"purchasable","12":"product-type-variable"},"acf":[],"_links":{"self":[{"href":"https:\/\/vimaterial.de\/fr\/wp-json\/wp\/v2\/product\/1029167","targetHints":{"allow":["GET"]}}],"collection":[{"href":"https:\/\/vimaterial.de\/fr\/wp-json\/wp\/v2\/product"}],"about":[{"href":"https:\/\/vimaterial.de\/fr\/wp-json\/wp\/v2\/types\/product"}],"replies":[{"embeddable":true,"href":"https:\/\/vimaterial.de\/fr\/wp-json\/wp\/v2\/comments?post=1029167"}],"wp:featuredmedia":[{"embeddable":true,"href":"https:\/\/vimaterial.de\/fr\/wp-json\/wp\/v2\/media\/1034451"}],"wp:attachment":[{"href":"https:\/\/vimaterial.de\/fr\/wp-json\/wp\/v2\/media?parent=1029167"}],"wp:term":[{"taxonomy":"product_brand","embeddable":true,"href":"https:\/\/vimaterial.de\/fr\/wp-json\/wp\/v2\/product_brand?post=1029167"},{"taxonomy":"product_cat","embeddable":true,"href":"https:\/\/vimaterial.de\/fr\/wp-json\/wp\/v2\/product_cat?post=1029167"},{"taxonomy":"product_tag","embeddable":true,"href":"https:\/\/vimaterial.de\/fr\/wp-json\/wp\/v2\/product_tag?post=1029167"}],"curies":[{"name":"wp","href":"https:\/\/api.w.org\/{rel}","templated":true}]}}