{"id":1029149,"date":"2024-06-17T16:16:16","date_gmt":"2024-06-17T08:16:16","guid":{"rendered":"https:\/\/vimaterial.de\/product\/oxyde-derbium-2\/"},"modified":"2025-03-24T15:54:16","modified_gmt":"2025-03-24T07:54:16","slug":"oxyde-derbium-2","status":"publish","type":"product","link":"https:\/\/vimaterial.de\/fr\/product\/oxyde-derbium-2\/","title":{"rendered":"Oxyde d\u2019erbium"},"content":{"rendered":"<p><span style=\"color: #0000ff;\"><a style=\"color: #0000ff;\" href=\"https:\/\/vimaterial.de\/fr\/product\/oxyde-derbium-3\/\">Les cibles de pulv\u00e9risation d&#8217;oxyde d&#8217;erbium<\/a> <\/span>ont les caract\u00e9ristiques d\u2019un point de fusion \u00e9lev\u00e9, d\u2019une duret\u00e9 \u00e9lev\u00e9e, d\u2019une bonne stabilit\u00e9 chimique et de propri\u00e9t\u00e9s optiques. Ils sont souvent utilis\u00e9s dans le rev\u00eatement optique, la fabrication de semi-conducteurs, les \u00e9crans plats et d\u2019autres domaines pour pr\u00e9parer des mat\u00e9riaux \u00e0 couche mince haute performance.<\/p>\n<p>VIMATERIAL fournit une cible de pulv\u00e9risation d&#8217;oxyde d&#8217;erbium dans diverses sp\u00e9cifications et prend en charge le service de liaison de cible. Nous acceptons la personnalisation des produits, <span style=\"color: #0000ff;\"><a style=\"color: #0000ff;\" href=\"https:\/\/vimaterial.de\/fr\/contact\/\">contactez-nous<\/a><\/span>.<\/p>\n<h2><span style=\"font-size: 14pt;\">Propri\u00e9t\u00e9s<\/span><\/h2>\n<p>Formule mol\u00e9culaire : Er2O3<\/p>\n<p>Poids mol\u00e9culaire : environ 382,52<\/p>\n<p>Apparence\u00a0: poudre rose<\/p>\n<p>Densit\u00e9 : 8,64 g\/cm\u00b3<\/p>\n<p>Point de fusion : 2344\u00b0C<\/p>\n<p>Point d\u2019\u00e9bullition : environ 3000\u00b0C<\/p>\n<p>Structure cristalline : syst\u00e8me hexagonal, le groupe spatial est P63\/mmc, les ions oxyg\u00e8ne forment un empilement hexagonal serr\u00e9, les ions erbium sont situ\u00e9s dans l\u2019espace octa\u00e9drique<\/p>\n<h2><span style=\"font-size: 14pt;\">Applications<\/span><\/h2>\n<p>Champ optique : Er2O3 peut \u00eatre utilis\u00e9 pour fabriquer du verre optique, ce qui peut am\u00e9liorer l\u2019indice de r\u00e9fraction et les performances d\u2019absorption infrarouge du verre, am\u00e9liorant ainsi la qualit\u00e9 d\u2019image des instruments optiques.<\/p>\n<p>Industrie \u00e9lectronique : Dans l\u2019industrie \u00e9lectronique, l\u2019Er2O3 est souvent utilis\u00e9 comme additif pour les condensateurs et les mat\u00e9riaux ferro\u00e9lectriques, ce qui contribue \u00e0 am\u00e9liorer les propri\u00e9t\u00e9s di\u00e9lectriques et la stabilit\u00e9 des mat\u00e9riaux.<\/p>\n<p>Domaine de la c\u00e9ramique : L\u2019ajout d\u2019Er2O3 aux c\u00e9ramiques peut r\u00e9duire la temp\u00e9rature de frittage des c\u00e9ramiques, am\u00e9liorer la densit\u00e9 et les propri\u00e9t\u00e9s m\u00e9caniques des c\u00e9ramiques et les rendre plus adapt\u00e9es aux produits c\u00e9ramiques haut de gamme.<\/p>\n<h2><span style=\"font-size: 14pt;\">Contr\u00f4le de la qualit\u00e9<\/span><\/h2>\n<p><span style=\"color: #0000ff;\"><a style=\"color: #0000ff;\" href=\"https:\/\/vimaterial.de\/fr\/controle-qualite\/\">Chaquelot<\/a><\/span> de produits garantit strictement la qualit\u00e9, de la s\u00e9lection des fournisseurs de mati\u00e8res premi\u00e8res \u00e0 l\u2019utilisation d\u2019\u00e9quipements de test avanc\u00e9s pour surveiller avec pr\u00e9cision l\u2019ensemble du processus de production, jusqu\u2019au produit fini \u00e0 travers de nombreuses s\u00e9ries d\u2019\u00e9chantillonnage rigoureux et de certification par une tierce partie faisant autorit\u00e9, jusqu\u2019\u00e0 un syst\u00e8me de contr\u00f4le de la qualit\u00e9 complet et \u00e0 tol\u00e9rance z\u00e9ro pour garantir que chaque lot de produits respecte et d\u00e9passe les normes \u00e9lev\u00e9es de l\u2019industrie. Fournir \u00e0 nos clients la meilleure qualit\u00e9 et les produits les plus stables.<\/p>\n<h2><span style=\"font-size: 14pt;\">Emballage et stockage<\/span><\/h2>\n<p>La cible de pulv\u00e9risation \u00e0 l&#8217;oxyde d&#8217;erbium est emball\u00e9e apr\u00e8s un double ensachage sous vide et emball\u00e9e dans un carton ext\u00e9rieur pour assurer la s\u00e9curit\u00e9 du transport.<\/p>\n<p>Les cibles de pulv\u00e9risation d&#8217;oxyde d&#8217;erbium doivent \u00eatre stock\u00e9es dans un environnement sec et propre pour \u00e9viter l\u2019humidit\u00e9, l\u2019oxydation et les dommages m\u00e9caniques afin d\u2019assurer leurs performances et leur puret\u00e9.<\/p>\n","protected":false},"excerpt":{"rendered":"<p><span style=\"color: #0000ff;\"><a style=\"color: #0000ff;\" href=\"https:\/\/vimaterial.de\/fr\/product\/oxyde-derbium-3\/\">Les cibles de pulv\u00e9risation d&#8217;oxyde d&#8217;erbium<\/a> <\/span>ont les caract\u00e9ristiques d\u2019un point de fusion \u00e9lev\u00e9, d\u2019une duret\u00e9 \u00e9lev\u00e9e, d\u2019une bonne stabilit\u00e9 chimique et de propri\u00e9t\u00e9s optiques. Ils sont souvent utilis\u00e9s dans le rev\u00eatement optique, la fabrication de semi-conducteurs, les \u00e9crans plats et d\u2019autres domaines pour pr\u00e9parer des mat\u00e9riaux \u00e0 couche mince haute performance.<\/p>\n<p>VIMATERIAL fournit une cible de pulv\u00e9risation d&#8217;oxyde d&#8217;erbium dans diverses sp\u00e9cifications et prend en charge le service de liaison de cible. Nous acceptons la personnalisation des produits, <span style=\"color: #0000ff;\"><a style=\"color: #0000ff;\" href=\"https:\/\/vimaterial.de\/fr\/contact\/\">contactez-nous<\/a><\/span>.<\/p>\n","protected":false},"featured_media":1034466,"comment_status":"open","ping_status":"closed","template":"","meta":{"_acf_changed":false},"product_brand":[],"product_cat":[235],"product_tag":[],"class_list":{"0":"post-1029149","1":"product","2":"type-product","3":"status-publish","4":"has-post-thumbnail","6":"product_cat-cibles-de-pulverisation-planaire","8":"first","9":"instock","10":"shipping-taxable","11":"product-type-variable"},"acf":[],"_links":{"self":[{"href":"https:\/\/vimaterial.de\/fr\/wp-json\/wp\/v2\/product\/1029149","targetHints":{"allow":["GET"]}}],"collection":[{"href":"https:\/\/vimaterial.de\/fr\/wp-json\/wp\/v2\/product"}],"about":[{"href":"https:\/\/vimaterial.de\/fr\/wp-json\/wp\/v2\/types\/product"}],"replies":[{"embeddable":true,"href":"https:\/\/vimaterial.de\/fr\/wp-json\/wp\/v2\/comments?post=1029149"}],"wp:featuredmedia":[{"embeddable":true,"href":"https:\/\/vimaterial.de\/fr\/wp-json\/wp\/v2\/media\/1034466"}],"wp:attachment":[{"href":"https:\/\/vimaterial.de\/fr\/wp-json\/wp\/v2\/media?parent=1029149"}],"wp:term":[{"taxonomy":"product_brand","embeddable":true,"href":"https:\/\/vimaterial.de\/fr\/wp-json\/wp\/v2\/product_brand?post=1029149"},{"taxonomy":"product_cat","embeddable":true,"href":"https:\/\/vimaterial.de\/fr\/wp-json\/wp\/v2\/product_cat?post=1029149"},{"taxonomy":"product_tag","embeddable":true,"href":"https:\/\/vimaterial.de\/fr\/wp-json\/wp\/v2\/product_tag?post=1029149"}],"curies":[{"name":"wp","href":"https:\/\/api.w.org\/{rel}","templated":true}]}}