{"id":1029139,"date":"2024-06-17T16:16:15","date_gmt":"2024-06-17T08:16:15","guid":{"rendered":"https:\/\/vimaterial.de\/product\/oxyde-derbium\/"},"modified":"2025-06-10T10:01:24","modified_gmt":"2025-06-10T02:01:24","slug":"oxyde-derbium","status":"publish","type":"product","link":"https:\/\/vimaterial.de\/fr\/product\/oxyde-derbium\/","title":{"rendered":"Oxyde d\u2019erbium"},"content":{"rendered":"<p><span style=\"color: #0000ff;\"><a style=\"color: #0000ff;\" href=\"https:\/\/vimaterial.de\/fr\/product\/oxyde-derbium-2\/\"><strong>La poudre d&#8217;oxyde d&#8217;erbium est une poudre d&#8217;oxyde de<\/strong><\/a><\/span> terres rares rose clair \u00e0 violet avec d\u2019excellentes propri\u00e9t\u00e9s optiques, \u00e9lectriques et catalytiques. Il est largement utilis\u00e9 dans les domaines de haute technologie tels que la coloration du verre, les mat\u00e9riaux laser, les additifs c\u00e9ramiques, les mat\u00e9riaux magn\u00e9tiques haute performance et l\u2019industrie nucl\u00e9aire.<\/p>\n<p>La <strong>poudre d&#8217;oxyde d&#8217;erbium<\/strong> de VIMATERIAL est pr\u00e9par\u00e9e par des proc\u00e9d\u00e9s avanc\u00e9s de purification et de traitement des poudres. Il a une grande puret\u00e9, une distribution uniforme de la taille des particules et un contr\u00f4le strict des impuret\u00e9s. Si vous en avez besoin, n\u2019h\u00e9sitez pas <span style=\"color: #0000ff;\"><a style=\"color: #0000ff;\" href=\"https:\/\/vimaterial.de\/fr\/a-propos-de-nous\/\">\u00e0 nous contacter<\/a><\/span>.<\/p>\n<h2><span style=\"font-size: 14pt;\">Caract\u00e9ristiques<\/span><\/h2>\n<p>Formule mol\u00e9culaire : Er\u2082O\u2083<\/p>\n<p>Apparence\u00a0: Poudre rose clair ou violet clair<\/p>\n<p>Point de fusion : 2340\u00b0C<\/p>\n<p>Densit\u00e9 : 8,64 g\/cm\u00b3<\/p>\n<p>Structure cristalline : syst\u00e8me cubique, groupe d\u2019espace Ia-3.<\/p>\n<h2><span style=\"font-size: 14pt;\">Application<\/span><\/h2>\n<p>Additifs pour le verre et la c\u00e9ramique\u00a0: <strong>La poudre d&#8217;oxyde d&#8217;erbium<\/strong> est utilis\u00e9e pour fabriquer du verre d\u2019absorption anti-infrarouge, du verre color\u00e9, des c\u00e9ramiques sp\u00e9ciales, etc., donnant au mat\u00e9riau une excellente couleur et une stabilit\u00e9 thermique.<\/p>\n<p>Mat\u00e9riaux laser et optiques : Les caract\u00e9ristiques de niveau d\u2019\u00e9nergie d\u2019excitation des ions Er\u00b3\u207a en font un \u00e9l\u00e9ment de dopage id\u00e9al pour les mat\u00e9riaux laser tels que l\u2019yttrium, l\u2019aluminium, le grenat (YAG) et le verre phosphat\u00e9.<\/p>\n<p>Catalyseur haute performance : <strong>La poudre d&#8217;oxyde d&#8217;erbium<\/strong> peut \u00eatre utilis\u00e9e comme catalyseur de craquage ou aide au catalyseur pour am\u00e9liorer l\u2019efficacit\u00e9 et la s\u00e9lectivit\u00e9 de la r\u00e9action.<\/p>\n<h2><span style=\"font-size: 14pt;\">Contr\u00f4le de la qualit\u00e9<\/span><\/h2>\n<p><span style=\"color: #0000ff;\"><a style=\"color: #0000ff;\" href=\"https:\/\/vimaterial.de\/fr\/controle-qualite\/\">Nos produits<\/a> <\/span>suivent des proc\u00e9dures strictes de contr\u00f4le de la qualit\u00e9 et des m\u00e9thodes de test scientifiques, y compris ICP-MS, XRD, SEM, etc. pour effectuer une analyse compl\u00e8te des produits. Nos produits ont des enregistrements complets et une tra\u00e7abilit\u00e9 de l\u2019approvisionnement en mati\u00e8res premi\u00e8res, de la production \u00e0 l\u2019exp\u00e9dition pour assurer la coh\u00e9rence de la composition et des performances entre les lots, et chaque lot de produits est accompagn\u00e9 de donn\u00e9es compl\u00e8tes d\u2019inspection de la qualit\u00e9.<\/p>\n<h2><span style=\"font-size: 14pt;\">Emballage<\/span><\/h2>\n<p><strong>La poudre d&#8217;oxyde d&#8217;erbium<\/strong> est scell\u00e9e sous vide et a diff\u00e9rentes sp\u00e9cifications d\u2019emballage telles que 50g \/ 100g \/ 500g \/ 1kg \/ 5kg, qui peuvent \u00eatre personnalis\u00e9es selon les exigences du client. Les grandes quantit\u00e9s sont conditionn\u00e9es dans des f\u00fbts de 25 kg et fix\u00e9es avec des palettes standard.<\/p>\n<h2><span style=\"font-size: 14pt;\">Stockage<\/span><\/h2>\n<p><strong>La poudre d&#8217;oxyde d&#8217;erbium<\/strong> doit \u00eatre stock\u00e9e dans un endroit sec et bien ventil\u00e9 pour \u00e9viter l\u2019humidit\u00e9. Il est recommand\u00e9 de les conserver dans leur emballage d\u2019origine scell\u00e9 pour \u00e9viter toute r\u00e9action avec l\u2019humidit\u00e9 de l\u2019air et \u00e9viter de les m\u00e9langer avec des substances acides ou volatiles.<\/p>\n<h2><span style=\"font-size: 14pt;\">Service et personnalisation<\/span><\/h2>\n<p>Nous fournissons non seulement des produits de mod\u00e8le standard, mais nous prenons \u00e9galement en charge les services personnalis\u00e9s suivants :<\/p>\n<p>1. Personnalisation du contr\u00f4le de la taille des particules \/ puret\u00e9 \/ impuret\u00e9\u00a0;<\/p>\n<p>2. Consultation d\u2019application et soutien \u00e0 la s\u00e9lection des mat\u00e9riaux\u00a0;<\/p>\n<p>3. Livraison rapide, solutions de personnalisation d\u2019emballage d\u2019exportation.<\/p>\n","protected":false},"excerpt":{"rendered":"<p><span style=\"color: #0000ff;\"><a style=\"color: #0000ff;\" href=\"https:\/\/vimaterial.de\/fr\/product\/oxyde-derbium-2\/\"><strong>La poudre d&#8217;oxyde d&#8217;erbium est une poudre d&#8217;oxyde de<\/strong><\/a><\/span> terres rares rose clair \u00e0 violet avec d\u2019excellentes propri\u00e9t\u00e9s optiques, \u00e9lectriques et catalytiques. Il est largement utilis\u00e9 dans les domaines de haute technologie tels que la coloration du verre, les mat\u00e9riaux laser, les additifs c\u00e9ramiques, les mat\u00e9riaux magn\u00e9tiques haute performance et l\u2019industrie nucl\u00e9aire.<\/p>\n<p>La <strong>poudre d&#8217;oxyde d&#8217;erbium<\/strong> de VIMATERIAL est pr\u00e9par\u00e9e par des proc\u00e9d\u00e9s avanc\u00e9s de purification et de traitement des poudres. Il a une grande puret\u00e9, une distribution uniforme de la taille des particules et un contr\u00f4le strict des impuret\u00e9s. Si vous en avez besoin, n\u2019h\u00e9sitez pas <span style=\"color: #0000ff;\"><a style=\"color: #0000ff;\" href=\"https:\/\/vimaterial.de\/fr\/a-propos-de-nous\/\">\u00e0 nous contacter<\/a><\/span>.<\/p>\n","protected":false},"featured_media":1034461,"comment_status":"open","ping_status":"closed","template":"","meta":{"_acf_changed":false},"product_brand":[],"product_cat":[241,243],"product_tag":[],"class_list":{"0":"post-1029139","1":"product","2":"type-product","3":"status-publish","4":"has-post-thumbnail","6":"product_cat-materiaux-a-base-de-terres-rares","7":"product_cat-materiaux-oxydes-hydroxydes","9":"first","10":"instock","11":"shipping-taxable","12":"purchasable","13":"product-type-variable"},"acf":[],"_links":{"self":[{"href":"https:\/\/vimaterial.de\/fr\/wp-json\/wp\/v2\/product\/1029139","targetHints":{"allow":["GET"]}}],"collection":[{"href":"https:\/\/vimaterial.de\/fr\/wp-json\/wp\/v2\/product"}],"about":[{"href":"https:\/\/vimaterial.de\/fr\/wp-json\/wp\/v2\/types\/product"}],"replies":[{"embeddable":true,"href":"https:\/\/vimaterial.de\/fr\/wp-json\/wp\/v2\/comments?post=1029139"}],"wp:featuredmedia":[{"embeddable":true,"href":"https:\/\/vimaterial.de\/fr\/wp-json\/wp\/v2\/media\/1034461"}],"wp:attachment":[{"href":"https:\/\/vimaterial.de\/fr\/wp-json\/wp\/v2\/media?parent=1029139"}],"wp:term":[{"taxonomy":"product_brand","embeddable":true,"href":"https:\/\/vimaterial.de\/fr\/wp-json\/wp\/v2\/product_brand?post=1029139"},{"taxonomy":"product_cat","embeddable":true,"href":"https:\/\/vimaterial.de\/fr\/wp-json\/wp\/v2\/product_cat?post=1029139"},{"taxonomy":"product_tag","embeddable":true,"href":"https:\/\/vimaterial.de\/fr\/wp-json\/wp\/v2\/product_tag?post=1029139"}],"curies":[{"name":"wp","href":"https:\/\/api.w.org\/{rel}","templated":true}]}}