{"id":1029114,"date":"2024-06-17T16:16:16","date_gmt":"2024-06-17T08:16:16","guid":{"rendered":"https:\/\/vimaterial.de\/product\/alliage-derbium-et-de-nickel\/"},"modified":"2025-03-24T16:13:38","modified_gmt":"2025-03-24T08:13:38","slug":"alliage-derbium-et-de-nickel","status":"publish","type":"product","link":"https:\/\/vimaterial.de\/fr\/product\/alliage-derbium-et-de-nickel\/","title":{"rendered":"Alliage d\u2019erbium et de nickel"},"content":{"rendered":"<p>Les granul\u00e9s d\u2019alliage d&#8217;erbium et de nickel sont des mat\u00e9riaux d\u2019alliage compos\u00e9s de deux \u00e9l\u00e9ments, l\u2019erbium et le nickel, qui ont une capacit\u00e9 thermique sp\u00e9cifique \u00e9lev\u00e9e \u00e0 basse temp\u00e9rature et sont couramment utilis\u00e9s dans les \u00e9quipements de r\u00e9frig\u00e9ration \u00e0 basse temp\u00e9rature tels que les cryorefroidisseurs, ainsi que les mat\u00e9riaux pour les filtres photographiques.<\/p>\n<p>VIMATERIAL fournit des granul\u00e9s Er3Ni dans diff\u00e9rentes sp\u00e9cifications et prend en charge le service de liaison de cibles. Nous acceptons la personnalisation des produits, <span style=\"color: #0000ff;\"><a style=\"color: #0000ff;\" href=\"https:\/\/vimaterial.de\/fr\/contact\/\">contactez-nous<\/a><\/span>.<\/p>\n<h2><span style=\"font-size: 14pt;\">Caract\u00e9ristiques<\/span><\/h2>\n<p>Formule mol\u00e9culaire : Er3Ni<\/p>\n<p>Poids mol\u00e9culaire : environ 588,74<\/p>\n<p>Apparence : particules de lustre m\u00e9tallique gris argent\u00e9<\/p>\n<p>Densit\u00e9 : environ 9,11 g\/cm\u00b3<\/p>\n<p>Point de fusion : 1525\u00b0C<\/p>\n<p>Structure cristalline : Il a une structure cristalline hexagonale, le groupe spatial est P6\u2083\/mmc, et les atomes Er et les atomes Ni sont dispos\u00e9s selon un certain motif dans le r\u00e9seau.<\/p>\n<h2><span style=\"font-size: 14pt;\">Applications<\/span><\/h2>\n<p>Domaine des dispositifs \u00e9lectroniques : Dans les dispositifs \u00e9lectroniques, Er\u2083Ni, en tant que mat\u00e9riau fonctionnel potentiel, contribue \u00e0 am\u00e9liorer les performances des composants \u00e9lectroniques, par exemple en am\u00e9liorant la r\u00e9ponse \u00e0 des quantit\u00e9s physiques sp\u00e9cifiques dans certains capteurs.<\/p>\n<p>Champ de stockage d\u2019\u00e9nergie : Er\u2083Ni peut \u00eatre utilis\u00e9 comme additif aux mat\u00e9riaux d\u2019\u00e9lectrode pour am\u00e9liorer la conductivit\u00e9 et la stabilit\u00e9 des \u00e9lectrodes, am\u00e9liorant ainsi les performances de charge et de d\u00e9charge des dispositifs de stockage d\u2019\u00e9nergie tels que les batteries.<\/p>\n<p>Champ de catalyse : Er\u2083Ni pr\u00e9sente une activit\u00e9 catalytique dans certaines r\u00e9actions chimiques et peut \u00eatre utilis\u00e9 pour catalyser des r\u00e9actions organiques sp\u00e9cifiques afin d\u2019am\u00e9liorer l\u2019efficacit\u00e9 et la s\u00e9lectivit\u00e9 de la r\u00e9action.<\/p>\n<p>Domaine des alliages : L\u2019ajout d\u2019Er\u2083Ni aux alliages peut affiner les grains, am\u00e9liorer les propri\u00e9t\u00e9s m\u00e9caniques des alliages et am\u00e9liorer leur r\u00e9sistance et leur r\u00e9sistance \u00e0 l\u2019usure, ce qui le rend adapt\u00e9 \u00e0 la fabrication de pi\u00e8ces m\u00e9caniques haut de gamme.<\/p>\n<h2><span style=\"font-size: 14pt;\">Contr\u00f4le de la qualit\u00e9<\/span><\/h2>\n<p><span style=\"color: #0000ff;\"><a style=\"color: #0000ff;\" href=\"https:\/\/vimaterial.de\/fr\/controle-qualite\/\">Chaque lot<\/a><\/span> de produits garantit strictement la qualit\u00e9, de la s\u00e9lection des fournisseurs de mati\u00e8res premi\u00e8res \u00e0 l\u2019utilisation d\u2019\u00e9quipements de test avanc\u00e9s pour surveiller avec pr\u00e9cision l\u2019ensemble du processus de production, jusqu\u2019au produit fini \u00e0 travers de nombreuses s\u00e9ries d\u2019\u00e9chantillonnage rigoureux et de certification par une tierce partie faisant autorit\u00e9, jusqu\u2019\u00e0 un syst\u00e8me de contr\u00f4le de la qualit\u00e9 complet et \u00e0 tol\u00e9rance z\u00e9ro pour garantir que chaque lot de produits respecte et d\u00e9passe les normes \u00e9lev\u00e9es de l\u2019industrie. Fournir \u00e0 nos clients la meilleure qualit\u00e9 et les produits les plus stables.<\/p>\n<h2><span style=\"font-size: 14pt;\">Emballage et stockage<\/span><\/h2>\n<p>Les granul\u00e9s d\u2019alliage d&#8217;erbium et de nickel sont emball\u00e9s dans un sac sous vide ou une bouteille sous vide dans un carton pour assurer un transport en toute s\u00e9curit\u00e9.<\/p>\n<p>Les granul\u00e9s d\u2019alliage d&#8217;erbium et de nickel doivent \u00eatre stock\u00e9s dans un environnement scell\u00e9, sec et \u00e0 basse temp\u00e9rature, en \u00e9vitant le contact avec l\u2019air et l\u2019humidit\u00e9, et en emp\u00eachant l\u2019oxydation et d\u2019autres r\u00e9actions chimiques pour maintenir ses performances stables.<\/p>\n","protected":false},"excerpt":{"rendered":"<p>Les granul\u00e9s d\u2019alliage d&#8217;erbium et de nickel sont des mat\u00e9riaux d\u2019alliage compos\u00e9s de deux \u00e9l\u00e9ments, l\u2019erbium et le nickel, qui ont une capacit\u00e9 thermique sp\u00e9cifique \u00e9lev\u00e9e \u00e0 basse temp\u00e9rature et sont couramment utilis\u00e9s dans les \u00e9quipements de r\u00e9frig\u00e9ration \u00e0 basse temp\u00e9rature tels que les cryorefroidisseurs, ainsi que les mat\u00e9riaux pour les filtres photographiques.<\/p>\n<p>VIMATERIAL fournit des granul\u00e9s Er3Ni dans diff\u00e9rentes sp\u00e9cifications et prend en charge le service de liaison de cibles. Nous acceptons la personnalisation des produits, <span style=\"color: #0000ff;\"><a style=\"color: #0000ff;\" href=\"https:\/\/vimaterial.de\/fr\/contact\/\">contactez-nous<\/a><\/span>.<\/p>\n","protected":false},"featured_media":1034471,"comment_status":"open","ping_status":"closed","template":"","meta":{"_acf_changed":false},"product_brand":[],"product_cat":[236],"product_tag":[],"class_list":{"0":"post-1029114","1":"product","2":"type-product","3":"status-publish","4":"has-post-thumbnail","6":"product_cat-materiaux-devaporation","8":"first","9":"instock","10":"shipping-taxable","11":"product-type-variable"},"acf":[],"_links":{"self":[{"href":"https:\/\/vimaterial.de\/fr\/wp-json\/wp\/v2\/product\/1029114","targetHints":{"allow":["GET"]}}],"collection":[{"href":"https:\/\/vimaterial.de\/fr\/wp-json\/wp\/v2\/product"}],"about":[{"href":"https:\/\/vimaterial.de\/fr\/wp-json\/wp\/v2\/types\/product"}],"replies":[{"embeddable":true,"href":"https:\/\/vimaterial.de\/fr\/wp-json\/wp\/v2\/comments?post=1029114"}],"wp:featuredmedia":[{"embeddable":true,"href":"https:\/\/vimaterial.de\/fr\/wp-json\/wp\/v2\/media\/1034471"}],"wp:attachment":[{"href":"https:\/\/vimaterial.de\/fr\/wp-json\/wp\/v2\/media?parent=1029114"}],"wp:term":[{"taxonomy":"product_brand","embeddable":true,"href":"https:\/\/vimaterial.de\/fr\/wp-json\/wp\/v2\/product_brand?post=1029114"},{"taxonomy":"product_cat","embeddable":true,"href":"https:\/\/vimaterial.de\/fr\/wp-json\/wp\/v2\/product_cat?post=1029114"},{"taxonomy":"product_tag","embeddable":true,"href":"https:\/\/vimaterial.de\/fr\/wp-json\/wp\/v2\/product_tag?post=1029114"}],"curies":[{"name":"wp","href":"https:\/\/api.w.org\/{rel}","templated":true}]}}