{"id":1029092,"date":"2024-06-17T16:16:16","date_gmt":"2024-06-17T08:16:16","guid":{"rendered":"https:\/\/vimaterial.de\/product\/chlorure-derbium\/"},"modified":"2025-03-24T16:40:06","modified_gmt":"2025-03-24T08:40:06","slug":"chlorure-derbium","status":"publish","type":"product","link":"https:\/\/vimaterial.de\/fr\/product\/chlorure-derbium\/","title":{"rendered":"Chlorure d\u2019erbium"},"content":{"rendered":"<p><span style=\"color: #0000ff;\"><a style=\"color: #0000ff;\" href=\"https:\/\/vimaterial.de\/fr\/product\/chlorure-derbium-hexahydrate\/\">Chlorure d&#8217;erbium<\/a> <\/span>La poudre est un cristal rose, soluble dans l\u2019eau et l\u2019alcool, d\u00e9liquescent, chlorure de terres rares utilis\u00e9 dans la fabrication d\u2019interm\u00e9diaires compos\u00e9s d\u2019erbium, de verre optique, de r\u00e9actifs chimiques et d\u2019autres industries.<\/p>\n<p>VIMATERIAL fournit de la poudre EuCl3 dans diverses sp\u00e9cifications et prend en charge le service de liaison de cible. Nous acceptons la personnalisation des produits, <span style=\"color: #0000ff;\"><a style=\"color: #0000ff;\" href=\"https:\/\/vimaterial.de\/fr\/contact\/\">contactez-nous.<\/a><\/span><\/p>\n<h2><span style=\"font-size: 14pt;\">Propri\u00e9t\u00e9s<\/span><\/h2>\n<p>Formule mol\u00e9culaire : EuCl\u2083<\/p>\n<p>Poids mol\u00e9culaire : environ 258,33<\/p>\n<p>Aspect : poudre blanche ou l\u00e9g\u00e8rement jaune<\/p>\n<p>Densit\u00e9 : environ 4,89 g\/cm\u00b3<\/p>\n<p>Point de fusion : environ 850\u00b0C<\/p>\n<p>Point d\u2019\u00e9bullition : environ 1527\u00b0C<\/p>\n<p>Structure cristalline\u00a0: syst\u00e8me hexagonal, le groupe d\u2019espace est P6\u2083 \/ mmc.<\/p>\n<h2><span style=\"font-size: 14pt;\">Applications<\/span><\/h2>\n<p>Industrie \u00e9lectronique : Dans l\u2019industrie \u00e9lectronique, EuCl\u2083 peut \u00eatre utilis\u00e9 pour pr\u00e9parer des mat\u00e9riaux semi-conducteurs, ce qui contribue \u00e0 am\u00e9liorer les propri\u00e9t\u00e9s opto\u00e9lectroniques des semi-conducteurs, am\u00e9liorant ainsi les performances et la stabilit\u00e9 des dispositifs \u00e9lectroniques.<\/p>\n<p>Champ catalytique : EuCl\u2083 peut \u00eatre utilis\u00e9 comme catalyseur ou aide catalytique pour certaines r\u00e9actions chimiques, ce qui peut r\u00e9duire l\u2019\u00e9nergie d\u2019activation de la r\u00e9action, augmenter la vitesse de r\u00e9action et la s\u00e9lectivit\u00e9, et a des applications importantes dans la synth\u00e8se organique et d\u2019autres domaines.<\/p>\n<p>Mat\u00e9riaux magn\u00e9tiques : Les mat\u00e9riaux magn\u00e9tiques pr\u00e9par\u00e9s avec EuCl\u2083 ont des propri\u00e9t\u00e9s magn\u00e9tiques uniques et peuvent \u00eatre utilis\u00e9s pour fabriquer des dispositifs magn\u00e9tiques haute performance, tels que le stockage de donn\u00e9es dans le domaine du stockage de donn\u00e9es, qui devrait permettre d\u2019obtenir un stockage de donn\u00e9es \u00e0 plus haute densit\u00e9.<\/p>\n<p>Verre optique : L\u2019EuCl\u2083 ajout\u00e9 au verre optique peut modifier les propri\u00e9t\u00e9s optiques du verre, telles que l\u2019indice de r\u00e9fraction et les caract\u00e9ristiques de dispersion, de sorte qu\u2019il peut \u00eatre utilis\u00e9 pour fabriquer des lentilles optiques haute performance et des composants d\u2019instruments optiques.<\/p>\n<h2><span style=\"font-size: 14pt;\">Contr\u00f4le de la qualit\u00e9<\/span><\/h2>\n<p><span style=\"color: #0000ff;\"><a style=\"color: #0000ff;\" href=\"https:\/\/vimaterial.de\/fr\/controle-qualite\/\">Chaque lot<\/a> <\/span>de produits garantit strictement la qualit\u00e9, de la s\u00e9lection des fournisseurs de mati\u00e8res premi\u00e8res \u00e0 l\u2019utilisation d\u2019\u00e9quipements de test avanc\u00e9s pour surveiller avec pr\u00e9cision l\u2019ensemble du processus de production, jusqu\u2019au produit fini \u00e0 travers de nombreuses s\u00e9ries d\u2019\u00e9chantillonnage rigoureux et de certification par une tierce partie faisant autorit\u00e9, jusqu\u2019\u00e0 un syst\u00e8me de contr\u00f4le de la qualit\u00e9 complet et \u00e0 tol\u00e9rance z\u00e9ro pour garantir que chaque lot de produits respecte et d\u00e9passe les normes \u00e9lev\u00e9es de l\u2019industrie. Fournir \u00e0 nos clients la meilleure qualit\u00e9 et les produits les plus stables.<\/p>\n<h2><span style=\"font-size: 14pt;\">Emballage et stockage<\/span><\/h2>\n<p>La poudre de chlorure d&#8217;erbium est emball\u00e9e dans un sac sous vide ou une bouteille sous vide dans un carton pour assurer un transport en toute s\u00e9curit\u00e9.<\/p>\n<p>La poudre de chlorure d&#8217;erbium doit \u00eatre stock\u00e9e dans des r\u00e9cipients scell\u00e9s et secs dans un environnement frais et bien ventil\u00e9, \u00e0 l\u2019abri de l\u2019humidit\u00e9, de l\u2019oxyg\u00e8ne et d\u2019autres substances r\u00e9actives pour \u00e9viter la d\u00e9liquesc\u00e9rose et la d\u00e9t\u00e9rioration.<\/p>\n","protected":false},"excerpt":{"rendered":"<p><span style=\"color: #0000ff;\"><a style=\"color: #0000ff;\" href=\"https:\/\/vimaterial.de\/fr\/product\/chlorure-derbium-hexahydrate\/\">Chlorure d&#8217;erbium<\/a> <\/span>La poudre est un cristal rose, soluble dans l\u2019eau et l\u2019alcool, d\u00e9liquescent, chlorure de terres rares utilis\u00e9 dans la fabrication d\u2019interm\u00e9diaires compos\u00e9s d\u2019erbium, de verre optique, de r\u00e9actifs chimiques et d\u2019autres industries.<\/p>\n<p>VIMATERIAL fournit de la poudre EuCl3 dans diverses sp\u00e9cifications et prend en charge le service de liaison de cible. Nous acceptons la personnalisation des produits, <span style=\"color: #0000ff;\"><a style=\"color: #0000ff;\" href=\"https:\/\/vimaterial.de\/fr\/contact\/\">contactez-nous.<\/a><\/span><\/p>\n<p>&nbsp;<\/p>\n","protected":false},"featured_media":1034476,"comment_status":"open","ping_status":"closed","template":"","meta":{"_acf_changed":false},"product_brand":[],"product_cat":[241],"product_tag":[],"class_list":{"0":"post-1029092","1":"product","2":"type-product","3":"status-publish","4":"has-post-thumbnail","6":"product_cat-materiaux-a-base-de-terres-rares","8":"first","9":"instock","10":"shipping-taxable","11":"purchasable","12":"product-type-variable"},"acf":[],"_links":{"self":[{"href":"https:\/\/vimaterial.de\/fr\/wp-json\/wp\/v2\/product\/1029092","targetHints":{"allow":["GET"]}}],"collection":[{"href":"https:\/\/vimaterial.de\/fr\/wp-json\/wp\/v2\/product"}],"about":[{"href":"https:\/\/vimaterial.de\/fr\/wp-json\/wp\/v2\/types\/product"}],"replies":[{"embeddable":true,"href":"https:\/\/vimaterial.de\/fr\/wp-json\/wp\/v2\/comments?post=1029092"}],"wp:featuredmedia":[{"embeddable":true,"href":"https:\/\/vimaterial.de\/fr\/wp-json\/wp\/v2\/media\/1034476"}],"wp:attachment":[{"href":"https:\/\/vimaterial.de\/fr\/wp-json\/wp\/v2\/media?parent=1029092"}],"wp:term":[{"taxonomy":"product_brand","embeddable":true,"href":"https:\/\/vimaterial.de\/fr\/wp-json\/wp\/v2\/product_brand?post=1029092"},{"taxonomy":"product_cat","embeddable":true,"href":"https:\/\/vimaterial.de\/fr\/wp-json\/wp\/v2\/product_cat?post=1029092"},{"taxonomy":"product_tag","embeddable":true,"href":"https:\/\/vimaterial.de\/fr\/wp-json\/wp\/v2\/product_tag?post=1029092"}],"curies":[{"name":"wp","href":"https:\/\/api.w.org\/{rel}","templated":true}]}}