{"id":1029080,"date":"2024-06-17T16:16:17","date_gmt":"2024-06-17T08:16:17","guid":{"rendered":"https:\/\/vimaterial.de\/product\/fluorure-derbium-3\/"},"modified":"2025-03-20T15:21:11","modified_gmt":"2025-03-20T07:21:11","slug":"fluorure-derbium-3","status":"publish","type":"product","link":"https:\/\/vimaterial.de\/fr\/product\/fluorure-derbium-3\/","title":{"rendered":"Fluorure d\u2019erbium"},"content":{"rendered":"<p><span style=\"color: #0000ff;\"><a style=\"color: #0000ff;\" href=\"https:\/\/vimaterial.de\/fr\/product\/fluorure-derbium-2\/\">La poudre de fluorure d&#8217;erbium<\/a><\/span> est une sorte de poudre cristalline de fluorure de m\u00e9tal de terres rares de couleur rose, insoluble dans l\u2019eau et l\u2019acide dilu\u00e9, avec des points de fusion et d\u2019\u00e9bullition \u00e9lev\u00e9s, et a des applications importantes dans les domaines du rev\u00eatement optique, du dopage des fibres optiques et des cristaux laser.<\/p>\n<p>VIMATERIAL fournit de la poudre ErF3 dans diff\u00e9rentes sp\u00e9cifications et prend en charge le service de liaison de cible. Nous acceptons la personnalisation des produits, <span style=\"color: #0000ff;\"><a style=\"color: #0000ff;\" href=\"https:\/\/vimaterial.de\/fr\/contact\/\">contactez-nous<\/a><\/span>.<\/p>\n<h2><span style=\"font-size: 14pt;\">Propri\u00e9t\u00e9s<\/span><\/h2>\n<p>Formule mol\u00e9culaire : ErF\u2083<\/p>\n<p>Poids mol\u00e9culaire : environ 224,25<\/p>\n<p>Apparence\u00a0: poudre rose<\/p>\n<p>Densit\u00e9 : env. 7.814 g\/cm\u00b3.<\/p>\n<p>Point de fusion : environ 1350 \u00baC<\/p>\n<p>Point d\u2019\u00e9bullition : 2200 \u00baC<\/p>\n<h2><span style=\"font-size: 14pt;\">Applications<\/span><\/h2>\n<p>Rev\u00eatement optique\u00a0: Il peut \u00eatre utilis\u00e9 pour le rev\u00eatement optique, ce qui peut am\u00e9liorer l\u2019indice de r\u00e9fraction et la transmittance des composants optiques.<\/p>\n<p>Cristal laser\u00a0: l\u2019un des mat\u00e9riaux importants pour la pr\u00e9paration des cristaux laser, les cristaux laser dop\u00e9s au fluorure d\u2019erbium peuvent produire des longueurs d\u2019onde sp\u00e9cifiques de la lumi\u00e8re laser dans le syst\u00e8me laser, qui a un large \u00e9ventail d\u2019applications dans le domaine de la technologie laser, du traitement m\u00e9dical, de la recherche scientifique et d\u2019autres domaines.<\/p>\n<p>Dopage de la fibre\u00a0: utilis\u00e9 dans le dopage de la fibre, peut am\u00e9liorer les performances de transmission et les performances d\u2019amplification de la fibre optique, les communications par fibre optique et le d\u00e9veloppement de la technologie de d\u00e9tection de la fibre optique est d\u2019une grande importance.<\/p>\n<h2><span style=\"font-size: 14pt;\">Contr\u00f4le de la qualit\u00e9<\/span><\/h2>\n<p><span style=\"color: #0000ff;\"><a style=\"color: #0000ff;\" href=\"https:\/\/vimaterial.de\/fr\/controle-qualite\/\">Chaque lot<\/a><\/span> de produits garantit strictement la qualit\u00e9, de la s\u00e9lection des fournisseurs de mati\u00e8res premi\u00e8res \u00e0 l\u2019utilisation d\u2019\u00e9quipements de test avanc\u00e9s pour surveiller avec pr\u00e9cision l\u2019ensemble du processus de production, jusqu\u2019au produit fini \u00e0 travers de nombreuses s\u00e9ries d\u2019\u00e9chantillonnage rigoureux et de certification par une tierce partie faisant autorit\u00e9, jusqu\u2019\u00e0 un syst\u00e8me de contr\u00f4le de la qualit\u00e9 complet et \u00e0 tol\u00e9rance z\u00e9ro pour garantir que chaque lot de produits respecte et d\u00e9passe les normes \u00e9lev\u00e9es de l\u2019industrie. Fournir \u00e0 nos clients la meilleure qualit\u00e9 et les produits les plus stables.<\/p>\n<h2><span style=\"font-size: 14pt;\">Emballage et stockage<\/span><\/h2>\n<p>La poudre de fluorure d&#8217;erbium est emball\u00e9e dans un sac sous vide ou une bouteille sous vide dans un carton pour assurer un transport en toute s\u00e9curit\u00e9.<\/p>\n<p>Les poudres de fluorure d&#8217;erbium doivent \u00eatre stock\u00e9es dans un environnement sec, frais et bien ventil\u00e9, \u00e0 l\u2019abri de l\u2019eau et des agents oxydants puissants pour \u00e9viter l\u2019absorption d\u2019humidit\u00e9 ou les r\u00e9actions chimiques.<\/p>\n","protected":false},"excerpt":{"rendered":"<p><span style=\"color: #0000ff;\"><a style=\"color: #0000ff;\" href=\"https:\/\/vimaterial.de\/fr\/product\/fluorure-derbium-2\/\">La poudre de fluorure d\u2019erbium<\/a><\/span> est une sorte de poudre cristalline de fluorure de m\u00e9tal de terres rares de couleur rose, insoluble dans l\u2019eau et l\u2019acide dilu\u00e9, avec des points de fusion et d\u2019\u00e9bullition \u00e9lev\u00e9s, et a des applications importantes dans les domaines du rev\u00eatement optique, du dopage des fibres optiques et des cristaux laser.<\/p>\n<p>VIMATERIAL fournit de la poudre ErF3 dans diff\u00e9rentes sp\u00e9cifications et prend en charge le service de liaison de cible. Nous acceptons la personnalisation des produits, <span style=\"color: #0000ff;\"><a style=\"color: #0000ff;\" href=\"https:\/\/vimaterial.de\/fr\/contact\/\">contactez-nous<\/a><\/span>.<\/p>\n","protected":false},"featured_media":1034491,"comment_status":"open","ping_status":"closed","template":"","meta":{"_acf_changed":false},"product_brand":[],"product_cat":[241],"product_tag":[],"class_list":{"0":"post-1029080","1":"product","2":"type-product","3":"status-publish","4":"has-post-thumbnail","6":"product_cat-materiaux-a-base-de-terres-rares","8":"first","9":"instock","10":"shipping-taxable","11":"purchasable","12":"product-type-variable"},"acf":[],"_links":{"self":[{"href":"https:\/\/vimaterial.de\/fr\/wp-json\/wp\/v2\/product\/1029080","targetHints":{"allow":["GET"]}}],"collection":[{"href":"https:\/\/vimaterial.de\/fr\/wp-json\/wp\/v2\/product"}],"about":[{"href":"https:\/\/vimaterial.de\/fr\/wp-json\/wp\/v2\/types\/product"}],"replies":[{"embeddable":true,"href":"https:\/\/vimaterial.de\/fr\/wp-json\/wp\/v2\/comments?post=1029080"}],"wp:featuredmedia":[{"embeddable":true,"href":"https:\/\/vimaterial.de\/fr\/wp-json\/wp\/v2\/media\/1034491"}],"wp:attachment":[{"href":"https:\/\/vimaterial.de\/fr\/wp-json\/wp\/v2\/media?parent=1029080"}],"wp:term":[{"taxonomy":"product_brand","embeddable":true,"href":"https:\/\/vimaterial.de\/fr\/wp-json\/wp\/v2\/product_brand?post=1029080"},{"taxonomy":"product_cat","embeddable":true,"href":"https:\/\/vimaterial.de\/fr\/wp-json\/wp\/v2\/product_cat?post=1029080"},{"taxonomy":"product_tag","embeddable":true,"href":"https:\/\/vimaterial.de\/fr\/wp-json\/wp\/v2\/product_tag?post=1029080"}],"curies":[{"name":"wp","href":"https:\/\/api.w.org\/{rel}","templated":true}]}}