{"id":1029061,"date":"2024-06-17T16:16:17","date_gmt":"2024-06-17T08:16:17","guid":{"rendered":"https:\/\/vimaterial.de\/product\/fluorure-derbium\/"},"modified":"2025-03-20T17:51:39","modified_gmt":"2025-03-20T09:51:39","slug":"fluorure-d-erbium","status":"publish","type":"product","link":"https:\/\/vimaterial.de\/fr\/product\/fluorure-d-erbium\/","title":{"rendered":"Fluorure d\u2019erbium"},"content":{"rendered":"<p>La cible de pulv\u00e9risation de <span style=\"color: #0000ff;\"><a style=\"color: #0000ff;\" href=\"https:\/\/vimaterial.de\/fr\/product\/fluorure-derbium-2\/\">fluorure d&#8217;erbium<\/a><\/span> est un mat\u00e9riau fonctionnel compos\u00e9 de fluorure d&#8217;erbium comme mati\u00e8re premi\u00e8re et utilis\u00e9 dans la technologie de rev\u00eatement de pulv\u00e9risation pour d\u00e9poser un film mince de fluorure d&#8217;erbium sur un substrat, qui a des applications importantes dans de nombreux domaines tels que l\u2019optique et l\u2019\u00e9lectronique.<\/p>\n<p>VIMATERIAL fournit une cible de pulv\u00e9risation de fluorure d&#8217;erbium dans diverses sp\u00e9cifications et prend en charge le service de liaison de cible. Nous acceptons la personnalisation des produits, <span style=\"color: #0000ff;\"><a style=\"color: #0000ff;\" href=\"https:\/\/vimaterial.de\/fr\/contact\/\">contactez-nous.<\/a><\/span><\/p>\n<h2><span style=\"font-size: 14pt;\">Propri\u00e9t\u00e9s<\/span><\/h2>\n<p>Formule mol\u00e9culaire : ErF\u2083<\/p>\n<p>Poids mol\u00e9culaire : environ 224,25<\/p>\n<p>Apparence : cible rose<\/p>\n<p>Densit\u00e9 : environ 7,814<\/p>\n<p>Point d\u2019\u00e9bullition : 2200 \u00baC<\/p>\n<h2><span style=\"font-size: 14pt;\">Applications<\/span><\/h2>\n<p>Rev\u00eatement optique\u00a0: Il peut \u00eatre utilis\u00e9 pour pr\u00e9parer divers types de films optiques, dans des lentilles optiques, des lentilles, des instruments optiques et d\u2019autres produits, gr\u00e2ce \u00e0 la pulv\u00e9risation d\u2019un film mince de fluorure d\u2019erbium, peut am\u00e9liorer la transmittance, la r\u00e9flectivit\u00e9 et d\u2019autres propri\u00e9t\u00e9s des composants optiques, am\u00e9liorer la qualit\u00e9 de l\u2019image et les performances optiques des syst\u00e8mes optiques.<\/p>\n<p>Fabrication de semi-conducteurs : Dans le processus de fabrication des puces semi-conductrices, les cibles de pulv\u00e9risation de fluorure d&#8217;erbium peuvent \u00eatre utilis\u00e9es pour pr\u00e9parer des couches isolantes et des mat\u00e9riaux d\u2019\u00e9lectrode pour les transistors \u00e0 couche mince (TFT) et les circuits int\u00e9gr\u00e9s (CI).<\/p>\n<p>Encapsulation \u00e9lectronique : Rev\u00eatement de surface pour les mat\u00e9riaux d\u2019encapsulation \u00e9lectronique afin d\u2019am\u00e9liorer la r\u00e9sistance \u00e0 la corrosion, l\u2019isolation et les propri\u00e9t\u00e9s de dissipation thermique des mat\u00e9riaux d\u2019encapsulation, afin de prot\u00e9ger l\u2019\u00e9quipement \u00e9lectronique de l\u2019influence de l\u2019environnement ext\u00e9rieur et d\u2019am\u00e9liorer la fiabilit\u00e9 et la dur\u00e9e de vie de l\u2019\u00e9quipement \u00e9lectronique.<\/p>\n<h2><span style=\"font-size: 14pt;\">Contr\u00f4le de la qualit\u00e9<\/span><\/h2>\n<p><span style=\"color: #0000ff;\"><a style=\"color: #0000ff;\" href=\"https:\/\/vimaterial.de\/fr\/controle-qualite\/\">Chaque lot<\/a><\/span> de produits garantit strictement la qualit\u00e9, de la s\u00e9lection des fournisseurs de mati\u00e8res premi\u00e8res \u00e0 l\u2019utilisation d\u2019\u00e9quipements de test avanc\u00e9s pour surveiller avec pr\u00e9cision l\u2019ensemble du processus de production, jusqu\u2019au produit fini \u00e0 travers de nombreuses s\u00e9ries d\u2019\u00e9chantillonnage rigoureux et de certification par une tierce partie faisant autorit\u00e9, jusqu\u2019\u00e0 un syst\u00e8me de contr\u00f4le de la qualit\u00e9 complet et \u00e0 tol\u00e9rance z\u00e9ro pour garantir que chaque lot de produits respecte et d\u00e9passe les normes \u00e9lev\u00e9es de l\u2019industrie. Fournir \u00e0 nos clients la meilleure qualit\u00e9 et les produits les plus stables.<\/p>\n<h2><span style=\"font-size: 14pt;\">Emballage et stockage<\/span><\/h2>\n<p>La cible de pulv\u00e9risation au fluorure d&#8217;erbium est emball\u00e9e apr\u00e8s un double ensachage sous vide et emball\u00e9e dans un carton ext\u00e9rieur pour assurer la s\u00e9curit\u00e9 du transport.<\/p>\n<p>Les cibles de pulv\u00e9risation au fluorure d&#8217;erbium doivent \u00eatre stock\u00e9es dans un environnement sec, frais et ventil\u00e9, en \u00e9vitant tout contact avec l\u2019humidit\u00e9, la lumi\u00e8re forte et les substances corrosives, et emball\u00e9es dans un emballage \u00e9tanche \u00e0 l\u2019humidit\u00e9 pour \u00e9viter la contamination et l\u2019oxydation.<\/p>\n","protected":false},"excerpt":{"rendered":"<p>La cible de pulv\u00e9risation de <span style=\"color: #0000ff;\"><a style=\"color: #0000ff;\" href=\"https:\/\/vimaterial.de\/en\/product\/erbium-fluoride\/\">fluorure d&#8217;erbium<\/a><\/span> est un mat\u00e9riau fonctionnel compos\u00e9 de fluorure d&#8217;erbium comme mati\u00e8re premi\u00e8re et utilis\u00e9 dans la technologie de rev\u00eatement de pulv\u00e9risation pour d\u00e9poser un film mince de fluorure d&#8217;erbium sur un substrat, qui a des applications importantes dans de nombreux domaines tels que l\u2019optique et l\u2019\u00e9lectronique.<\/p>\n<p>VIMATERIAL fournit une cible de pulv\u00e9risation de fluorure d&#8217;erbium dans diverses sp\u00e9cifications et prend en charge le service de liaison de cible. Nous acceptons la personnalisation des produits, <span style=\"color: #0000ff;\"><a style=\"color: #0000ff;\" href=\"https:\/\/vimaterial.de\/fr\/contact\/\">contactez-nous.<\/a><\/span><\/p>\n<p>&nbsp;<\/p>\n<p>&nbsp;<\/p>\n<p>&nbsp;<\/p>\n","protected":false},"featured_media":1034496,"comment_status":"open","ping_status":"closed","template":"","meta":{"_acf_changed":false},"product_brand":[],"product_cat":[235],"product_tag":[],"class_list":{"0":"post-1029061","1":"product","2":"type-product","3":"status-publish","4":"has-post-thumbnail","6":"product_cat-cibles-de-pulverisation-planaire","8":"first","9":"outofstock","10":"shipping-taxable","11":"product-type-variable"},"acf":[],"_links":{"self":[{"href":"https:\/\/vimaterial.de\/fr\/wp-json\/wp\/v2\/product\/1029061","targetHints":{"allow":["GET"]}}],"collection":[{"href":"https:\/\/vimaterial.de\/fr\/wp-json\/wp\/v2\/product"}],"about":[{"href":"https:\/\/vimaterial.de\/fr\/wp-json\/wp\/v2\/types\/product"}],"replies":[{"embeddable":true,"href":"https:\/\/vimaterial.de\/fr\/wp-json\/wp\/v2\/comments?post=1029061"}],"wp:featuredmedia":[{"embeddable":true,"href":"https:\/\/vimaterial.de\/fr\/wp-json\/wp\/v2\/media\/1034496"}],"wp:attachment":[{"href":"https:\/\/vimaterial.de\/fr\/wp-json\/wp\/v2\/media?parent=1029061"}],"wp:term":[{"taxonomy":"product_brand","embeddable":true,"href":"https:\/\/vimaterial.de\/fr\/wp-json\/wp\/v2\/product_brand?post=1029061"},{"taxonomy":"product_cat","embeddable":true,"href":"https:\/\/vimaterial.de\/fr\/wp-json\/wp\/v2\/product_cat?post=1029061"},{"taxonomy":"product_tag","embeddable":true,"href":"https:\/\/vimaterial.de\/fr\/wp-json\/wp\/v2\/product_tag?post=1029061"}],"curies":[{"name":"wp","href":"https:\/\/api.w.org\/{rel}","templated":true}]}}