{"id":1029054,"date":"2024-06-17T16:16:17","date_gmt":"2024-06-17T08:16:17","guid":{"rendered":"https:\/\/vimaterial.de\/product\/siliciure-derbium-2\/"},"modified":"2025-03-24T15:21:35","modified_gmt":"2025-03-24T07:21:35","slug":"siliciure-derbium-2","status":"publish","type":"product","link":"https:\/\/vimaterial.de\/fr\/product\/siliciure-derbium-2\/","title":{"rendered":"Siliciure d\u2019erbium"},"content":{"rendered":"<p>Les granules de <a href=\"https:\/\/vimaterial.de\/fr\/product\/siliciure-derbium\/\"><span style=\"color: #0000ff;\">siliciure d&#8217;erbium<\/span><\/a> sont des particules compos\u00e9es d\u2019\u00e9l\u00e9ments d\u2019erbium et de silicium avec diverses structures cristallines, un point de fusion et une duret\u00e9 \u00e9lev\u00e9s, etc. Ils ont des applications dans les semi-conducteurs, l\u2019optique, le magn\u00e9tisme et d\u2019autres domaines.<\/p>\n<p>VIMATERIAL fournit des granul\u00e9s ErSi2 dans diff\u00e9rentes sp\u00e9cifications et prend en charge le service de liaison de cible. Nous acceptons la personnalisation des produits, <span style=\"color: #0000ff;\"><a style=\"color: #0000ff;\" href=\"https:\/\/vimaterial.de\/fr\/contact\/\">contactez-nous<\/a>.<\/span><\/p>\n<p>Caract\u00e9ristiques<\/p>\n<p>Formule mol\u00e9culaire : ErSi\u2082<\/p>\n<p>Poids mol\u00e9culaire : environ 223,44<\/p>\n<p>Densit\u00e9 : environ 6,6 g\/cm\u00b3<\/p>\n<p>Structure cristalline : appartient au syst\u00e8me t\u00e9tragonal<\/p>\n<p>Applications<\/p>\n<p>Domaine des dispositifs \u00e9lectroniques : ErSi\u2082 peut \u00eatre utilis\u00e9 pour fabriquer des transistors \u00e0 grande vitesse et des circuits int\u00e9gr\u00e9s. En raison de ses bonnes propri\u00e9t\u00e9s \u00e9lectriques, il peut am\u00e9liorer la vitesse de fonctionnement et la stabilit\u00e9 des appareils \u00e9lectroniques.<\/p>\n<p>Domaine des mat\u00e9riaux thermo\u00e9lectriques : Avec sa conductivit\u00e9 thermique et sa conductivit\u00e9 \u00e9lectrique uniques, ErSi\u2082 peut \u00eatre utilis\u00e9 comme mat\u00e9riau thermo\u00e9lectrique pour convertir l\u2019\u00e9nergie thermique en \u00e9nergie \u00e9lectrique et obtenir une utilisation efficace de l\u2019\u00e9nergie.<\/p>\n<p>Champ optique : Parce que ErSi\u2082 a des propri\u00e9t\u00e9s optiques sp\u00e9ciales dans la bande infrarouge, il peut \u00eatre utilis\u00e9 pour fabriquer des dispositifs optiques infrarouges, tels que des d\u00e9tecteurs infrarouges, des fen\u00eatres infrarouges, etc.<\/p>\n<p>Domaine des semi-conducteurs : En tant que mat\u00e9riau semi-conducteur, ErSi\u2082 peut \u00eatre utilis\u00e9 pour fabriquer des dispositifs semi-conducteurs, tels que des diodes, des triodes, etc., offrant un nouveau choix de mat\u00e9riaux pour le d\u00e9veloppement de l\u2019industrie des semi-conducteurs.<\/p>\n<p>Contr\u00f4le de la qualit\u00e9<\/p>\n<p><span style=\"color: #0000ff;\"><a style=\"color: #0000ff;\" href=\"https:\/\/vimaterial.de\/fr\/controle-qualite\/\">Chaque lot<\/a><\/span> de produits garantit strictement la qualit\u00e9, de la s\u00e9lection des fournisseurs de mati\u00e8res premi\u00e8res \u00e0 l\u2019utilisation d\u2019\u00e9quipements de test avanc\u00e9s pour surveiller avec pr\u00e9cision l\u2019ensemble du processus de production, jusqu\u2019au produit fini \u00e0 travers de nombreuses s\u00e9ries d\u2019\u00e9chantillonnage rigoureux et de certification par une tierce partie faisant autorit\u00e9, jusqu\u2019\u00e0 un syst\u00e8me de contr\u00f4le de la qualit\u00e9 complet et \u00e0 tol\u00e9rance z\u00e9ro pour garantir que chaque lot de produits respecte et d\u00e9passe les normes \u00e9lev\u00e9es de l\u2019industrie. Fournir \u00e0 nos clients la meilleure qualit\u00e9 et les produits les plus stables.<\/p>\n<p>Emballage et stockage<\/p>\n<p>Les granul\u00e9s de siliciure d&#8217;erbium sont emball\u00e9s dans un sac sous vide ou une bouteille sous vide dans un carton pour assurer un transport en toute s\u00e9curit\u00e9.<\/p>\n<div class=\"message-box-content-wrapper-g6XZZQ\">\n<div class=\"message-content message-box-content-WoA7L1 receive-message-box-content-tsCcMM samantha-message-box-content-kHd1mL\" data-testid=\"message_content\">\n<div class=\"container-p6WrVu flow-markdown-body theme-samantha-_RgbJJ\" dir=\"ltr\" data-testid=\"message_text_content\" data-show-indicator=\"false\">\n<div class=\"auto-hide-last-sibling-br paragraph-z1iNZD paragraph-element br-paragraph-space\">Les granul\u00e9s de siliciure d&#8217;erbium doivent \u00eatre stock\u00e9s dans un environnement sec, frais et bien ventil\u00e9, \u00e0 l\u2019abri de l\u2019air, de l\u2019humidit\u00e9 et des oxydants forts pour \u00e9viter l\u2019oxydation ou d\u2019autres r\u00e9actions chimiques.<\/div>\n<\/div>\n<\/div>\n<\/div>\n","protected":false},"excerpt":{"rendered":"<p>Les granules de <a href=\"https:\/\/vimaterial.de\/fr\/product\/siliciure-derbium\/\"><span style=\"color: #0000ff;\">siliciure d&#8217;erbium<\/span><\/a> sont des particules compos\u00e9es d\u2019\u00e9l\u00e9ments d\u2019erbium et de silicium avec diverses structures cristallines, un point de fusion et une duret\u00e9 \u00e9lev\u00e9s, etc. Ils ont des applications dans les semi-conducteurs, l\u2019optique, le magn\u00e9tisme et d\u2019autres domaines.<\/p>\n<p>VIMATERIAL fournit des granul\u00e9s ErSi2 dans diff\u00e9rentes sp\u00e9cifications et prend en charge le service de liaison de cible. Nous acceptons la personnalisation des produits, <span style=\"color: #0000ff;\"><a style=\"color: #0000ff;\" href=\"https:\/\/vimaterial.de\/fr\/contact\/\">contactez-nous<\/a>.<\/span><\/p>\n","protected":false},"featured_media":1034506,"comment_status":"open","ping_status":"closed","template":"","meta":{"_acf_changed":false},"product_brand":[],"product_cat":[236],"product_tag":[],"class_list":{"0":"post-1029054","1":"product","2":"type-product","3":"status-publish","4":"has-post-thumbnail","6":"product_cat-materiaux-devaporation","8":"first","9":"instock","10":"shipping-taxable","11":"product-type-variable"},"acf":[],"_links":{"self":[{"href":"https:\/\/vimaterial.de\/fr\/wp-json\/wp\/v2\/product\/1029054","targetHints":{"allow":["GET"]}}],"collection":[{"href":"https:\/\/vimaterial.de\/fr\/wp-json\/wp\/v2\/product"}],"about":[{"href":"https:\/\/vimaterial.de\/fr\/wp-json\/wp\/v2\/types\/product"}],"replies":[{"embeddable":true,"href":"https:\/\/vimaterial.de\/fr\/wp-json\/wp\/v2\/comments?post=1029054"}],"wp:featuredmedia":[{"embeddable":true,"href":"https:\/\/vimaterial.de\/fr\/wp-json\/wp\/v2\/media\/1034506"}],"wp:attachment":[{"href":"https:\/\/vimaterial.de\/fr\/wp-json\/wp\/v2\/media?parent=1029054"}],"wp:term":[{"taxonomy":"product_brand","embeddable":true,"href":"https:\/\/vimaterial.de\/fr\/wp-json\/wp\/v2\/product_brand?post=1029054"},{"taxonomy":"product_cat","embeddable":true,"href":"https:\/\/vimaterial.de\/fr\/wp-json\/wp\/v2\/product_cat?post=1029054"},{"taxonomy":"product_tag","embeddable":true,"href":"https:\/\/vimaterial.de\/fr\/wp-json\/wp\/v2\/product_tag?post=1029054"}],"curies":[{"name":"wp","href":"https:\/\/api.w.org\/{rel}","templated":true}]}}