{"id":1029048,"date":"2024-06-17T16:16:17","date_gmt":"2024-06-17T08:16:17","guid":{"rendered":"https:\/\/vimaterial.de\/product\/phosphate-derbium\/"},"modified":"2025-03-20T18:11:50","modified_gmt":"2025-03-20T10:11:50","slug":"phosphate-derbium","status":"publish","type":"product","link":"https:\/\/vimaterial.de\/fr\/product\/phosphate-derbium\/","title":{"rendered":"Phosphate d\u2019erbium"},"content":{"rendered":"<p>La poudre de phosphate d&#8217;erbium est une poudre compos\u00e9e de terres rares compos\u00e9e des \u00e9l\u00e9ments phosphore et erbium, avec des propri\u00e9t\u00e9s physiques et chimiques uniques et des applications potentielles dans les domaines de l\u2019optique et de l\u2019\u00e9lectronique.<\/p>\n<p>VIMATERIAL fournit de la poudre ErPO4 dans diff\u00e9rentes sp\u00e9cifications et prend en charge le service de liaison de cible. Nous acceptons la personnalisation des produits, <span style=\"color: #0000ff;\"><a style=\"color: #0000ff;\" href=\"https:\/\/vimaterial.de\/fr\/contact\/\">contactez-nous<\/a><\/span>.<\/p>\n<h2><span style=\"font-size: 14pt;\">Propri\u00e9t\u00e9s<\/span><\/h2>\n<p>Formule mol\u00e9culaire : ErPO4<\/p>\n<p>Poids mol\u00e9culaire : environ 262,23 g\/mol<\/p>\n<p>Apparence\u00a0: Poudre blanc cass\u00e9<\/p>\n<p>Masse volumique : env. 6,164 mg\/m\u00b3.<\/p>\n<p>Point de fusion : environ 158 \u00b0C \u00e0 760 mmHg<\/p>\n<p>Structure cristalline : T\u00e9tragonale, zircon, groupe spatial I4\u2081\/amd<\/p>\n<h2><span style=\"font-size: 14pt;\">Applications<\/span><\/h2>\n<p>Mat\u00e9riau laser : Il peut \u00eatre utilis\u00e9 pour fabriquer des cristaux laser et joue un r\u00f4le important dans la technologie laser. Sa structure \u00e9lectronique sp\u00e9ciale et ses propri\u00e9t\u00e9s optiques lui permettent de fournir un gain optique stable lors de l\u2019\u00e9mission laser, g\u00e9n\u00e9rant ainsi un faisceau laser de haute qualit\u00e9.<\/p>\n<p>Additifs pour verre optique : Ajout\u00e9s au verre optique pour am\u00e9liorer les propri\u00e9t\u00e9s optiques du verre.<\/p>\n<p>Mat\u00e9riaux semi-conducteurs : En tant que mat\u00e9riau semi-conducteur, le phosphate d\u2019erbium peut \u00eatre utilis\u00e9 dans la fabrication de dispositifs semi-conducteurs tels que les transistors et les circuits int\u00e9gr\u00e9s. Ses propri\u00e9t\u00e9s semi-conductrices permettent de r\u00e9aliser le contr\u00f4le et la r\u00e9gulation du courant et de la tension dans les \u00e9quipements \u00e9lectroniques, am\u00e9liorant ainsi les performances et la fiabilit\u00e9 des \u00e9quipements \u00e9lectroniques.<\/p>\n<p>Mat\u00e9riaux c\u00e9ramiques \u00e9lectroniques : utilis\u00e9s pour pr\u00e9parer des mat\u00e9riaux c\u00e9ramiques \u00e9lectroniques tels que les c\u00e9ramiques de condensateurs et les c\u00e9ramiques thermiques.<\/p>\n<h2><span style=\"font-size: 14pt;\">Contr\u00f4le de la qualit\u00e9<\/span><\/h2>\n<p><span style=\"color: #0000ff;\"><a style=\"color: #0000ff;\" href=\"https:\/\/vimaterial.de\/fr\/controle-qualite\/\">Chaque lot<\/a><\/span> de produits garantit strictement la qualit\u00e9, de la s\u00e9lection des fournisseurs de mati\u00e8res premi\u00e8res \u00e0 l\u2019utilisation d\u2019\u00e9quipements de test avanc\u00e9s pour surveiller avec pr\u00e9cision l\u2019ensemble du processus de production, jusqu\u2019au produit fini \u00e0 travers de nombreuses s\u00e9ries d\u2019\u00e9chantillonnage rigoureux et de certification par une tierce partie faisant autorit\u00e9, jusqu\u2019\u00e0 un syst\u00e8me de contr\u00f4le de la qualit\u00e9 complet et \u00e0 tol\u00e9rance z\u00e9ro pour garantir que chaque lot de produits respecte et d\u00e9passe les normes \u00e9lev\u00e9es de l\u2019industrie. Fournir \u00e0 nos clients la meilleure qualit\u00e9 et les produits les plus stables.<\/p>\n<h2><span style=\"font-size: 14pt;\">Emballage et stockage<\/span><\/h2>\n<p>La poudre de phosphate d&#8217;erbium est emball\u00e9e dans un sac sous vide ou une bouteille sous vide dans un carton pour assurer un transport en toute s\u00e9curit\u00e9.<\/p>\n<p>Le phosphate d&#8217;erbium doit \u00eatre stock\u00e9 dans un environnement sec et frais, \u00e0 l\u2019abri de l\u2019humidit\u00e9 et des acides ou bases forts pour \u00e9viter la d\u00e9t\u00e9rioration et assurer sa stabilit\u00e9.<\/p>\n","protected":false},"excerpt":{"rendered":"<p>La poudre de phosphate d&#8217;erbium est une poudre compos\u00e9e de terres rares compos\u00e9e des \u00e9l\u00e9ments phosphore et erbium, avec des propri\u00e9t\u00e9s physiques et chimiques uniques et des applications potentielles dans les domaines de l\u2019optique et de l\u2019\u00e9lectronique.<\/p>\n<p>VIMATERIAL fournit de la poudre ErPO4 dans diff\u00e9rentes sp\u00e9cifications et prend en charge le service de liaison de cible. Nous acceptons la personnalisation des produits, <span style=\"color: #0000ff;\"><a style=\"color: #0000ff;\" href=\"https:\/\/vimaterial.de\/fr\/contact\/\">contactez-nous<\/a><\/span>.<\/p>\n","protected":false},"featured_media":1034501,"comment_status":"open","ping_status":"closed","template":"","meta":{"_acf_changed":false},"product_brand":[],"product_cat":[166],"product_tag":[],"class_list":{"0":"post-1029048","1":"product","2":"type-product","3":"status-publish","4":"has-post-thumbnail","6":"product_cat-uncategorized-fr","8":"first","9":"instock","10":"shipping-taxable","11":"product-type-variable"},"acf":[],"_links":{"self":[{"href":"https:\/\/vimaterial.de\/fr\/wp-json\/wp\/v2\/product\/1029048","targetHints":{"allow":["GET"]}}],"collection":[{"href":"https:\/\/vimaterial.de\/fr\/wp-json\/wp\/v2\/product"}],"about":[{"href":"https:\/\/vimaterial.de\/fr\/wp-json\/wp\/v2\/types\/product"}],"replies":[{"embeddable":true,"href":"https:\/\/vimaterial.de\/fr\/wp-json\/wp\/v2\/comments?post=1029048"}],"wp:featuredmedia":[{"embeddable":true,"href":"https:\/\/vimaterial.de\/fr\/wp-json\/wp\/v2\/media\/1034501"}],"wp:attachment":[{"href":"https:\/\/vimaterial.de\/fr\/wp-json\/wp\/v2\/media?parent=1029048"}],"wp:term":[{"taxonomy":"product_brand","embeddable":true,"href":"https:\/\/vimaterial.de\/fr\/wp-json\/wp\/v2\/product_brand?post=1029048"},{"taxonomy":"product_cat","embeddable":true,"href":"https:\/\/vimaterial.de\/fr\/wp-json\/wp\/v2\/product_cat?post=1029048"},{"taxonomy":"product_tag","embeddable":true,"href":"https:\/\/vimaterial.de\/fr\/wp-json\/wp\/v2\/product_tag?post=1029048"}],"curies":[{"name":"wp","href":"https:\/\/api.w.org\/{rel}","templated":true}]}}