{"id":1029040,"date":"2024-06-17T16:16:18","date_gmt":"2024-06-17T08:16:18","guid":{"rendered":"https:\/\/vimaterial.de\/product\/thulium-metal-4\/"},"modified":"2025-03-12T16:03:19","modified_gmt":"2025-03-12T08:03:19","slug":"thulium-metal-4","status":"publish","type":"product","link":"https:\/\/vimaterial.de\/fr\/product\/thulium-metal-4\/","title":{"rendered":"Thulium m\u00e9tal"},"content":{"rendered":"<p>Les granules <a href=\"https:\/\/vimaterial.de\/fr\/product\/thulium-metal-2\/\"><span style=\"color: #0000ff;\">m\u00e9talliques de thulium<\/span><\/a> sont des particules de m\u00e9taux de terres rares avec un \u00e9clat m\u00e9tallique blanc argent\u00e9, une texture douce, une ductilit\u00e9, une stabilit\u00e9 relative dans l\u2019air et des applications importantes dans de nombreux domaines tels que l\u2019optique, la m\u00e9decine et le traitement des mat\u00e9riaux.<\/p>\n<p>VIMATERIAL fournit des granul\u00e9s Tm dans diverses sp\u00e9cifications et prend en charge le service de liaison de cibles. Nous acceptons la personnalisation des produits,<span style=\"color: #0000ff;\"><a style=\"color: #0000ff;\" href=\"https:\/\/vimaterial.de\/fr\/contact\/\"> contactez-nous.<\/a><\/span><\/p>\n<h2><span style=\"font-size: 14pt;\">Propri\u00e9t\u00e9s<\/span><\/h2>\n<p>Formule mol\u00e9culaire : Tm<\/p>\n<p>Poids mol\u00e9culaire : 168,93421<\/p>\n<p>Apparence\u00a0: Particules m\u00e9talliques blanc argent\u00e9, texture douce, ductile.<\/p>\n<p>Densit\u00e9 : 9,32 g\/cm\u00b3<\/p>\n<p>Point de fusion : 1545 \u00b0C<\/p>\n<p>Point d\u2019\u00e9bullition : 1950 \u00b0C<\/p>\n<p>Structure cristalline : structure hexagonale dens\u00e9ment tass\u00e9e (hcp).<\/p>\n<p>Solubilit\u00e9 : Il est soluble dans l\u2019acide et r\u00e9agit avec l\u2019acide sulfurique dilu\u00e9 pour former des ions thulium trivalents vert clair et lib\u00e9rer de l\u2019hydrog\u00e8ne gazeux.<\/p>\n<h2><span style=\"font-size: 14pt;\">Applications<\/span><\/h2>\n<p>Domaines des mat\u00e9riaux laser\u00a0: les mat\u00e9riaux laser compos\u00e9s d\u2019erbium, d\u2019yttrium et d\u2019autres \u00e9l\u00e9ments ont de bonnes propri\u00e9t\u00e9s optiques et peuvent produire une lumi\u00e8re laser \u00e0 plus courte longueur d\u2019onde, qui est largement utilis\u00e9e dans la fabrication de dispositifs laser, tels que dans le domaine du LIDAR, de la t\u00e9l\u00e9d\u00e9tection et de la t\u00e9l\u00e9m\u00e9trie, des communications en espace libre et de la transmission spatiale atmosph\u00e9rique \u00e0 longue distance.<\/p>\n<p>Traitement des mat\u00e9riaux\u00a0: \u00c9tant donn\u00e9 que la plupart des mat\u00e9riaux organiques transparents ont une absorption suffisante des lasers au thulium de 2 \u03bcm, les lasers au thulium sont couramment utilis\u00e9s pour la d\u00e9coupe, le soudage, la gravure, etc.<\/p>\n<p>Champ optique : Le thulium m\u00e9tal trivalent peut \u00e9mettre une fluorescence bleue sous irradiation ultraviolette, qui peut \u00eatre utilis\u00e9e pour la lutte contre la contrefa\u00e7on des billets en euros, ainsi que pour la fabrication de verre optique et de phosphore.<\/p>\n<p>Magn\u00e9tisme : C\u2019est l\u2019un des \u00e9l\u00e9ments cl\u00e9s dans la fabrication de mat\u00e9riaux magn\u00e9tiques permanents, et il est largement utilis\u00e9 dans les communications \u00e9lectroniques, l\u2019a\u00e9rospatiale et d\u2019autres domaines en raison de ses fortes propri\u00e9t\u00e9s magn\u00e9tiques dans les alliages compos\u00e9s de fer, de cobalt et d\u2019autres \u00e9l\u00e9ments.<\/p>\n<h2><span style=\"font-size: 14pt;\">Contr\u00f4le de la qualit\u00e9<\/span><\/h2>\n<p><span style=\"color: #0000ff;\"><a style=\"color: #0000ff;\" href=\"https:\/\/vimaterial.de\/fr\/controle-qualite\/\">Chaque lot<\/a> <\/span>de produits garantit strictement la qualit\u00e9, de la s\u00e9lection des fournisseurs de mati\u00e8res premi\u00e8res \u00e0 l\u2019utilisation d\u2019\u00e9quipements de test avanc\u00e9s pour surveiller avec pr\u00e9cision l\u2019ensemble du processus de production, jusqu\u2019au produit fini \u00e0 travers de nombreuses s\u00e9ries d\u2019\u00e9chantillonnage rigoureux et de certification par une tierce partie faisant autorit\u00e9, jusqu\u2019\u00e0 un syst\u00e8me de contr\u00f4le de la qualit\u00e9 complet et \u00e0 tol\u00e9rance z\u00e9ro pour garantir que chaque lot de produits respecte et d\u00e9passe les normes \u00e9lev\u00e9es de l\u2019industrie. Fournir \u00e0 nos clients la meilleure qualit\u00e9 et les produits les plus stables.<\/p>\n<h2><span style=\"font-size: 14pt;\">Emballage et stockage<\/span><\/h2>\n<p>Les granul\u00e9s m\u00e9talliques de thulium sont emball\u00e9s dans un sac sous vide ou une bouteille sous vide dans un carton pour assurer un transport en toute s\u00e9curit\u00e9.<\/p>\n<div class=\"message-box-content-wrapper-g6XZZQ\">\n<div class=\"message-content message-box-content-WoA7L1 receive-message-box-content-tsCcMM samantha-message-box-content-kHd1mL\" data-testid=\"message_content\">\n<div class=\"container-p6WrVu flow-markdown-body theme-samantha-_RgbJJ\" dir=\"ltr\" data-testid=\"message_text_content\" data-show-indicator=\"false\">\n<div class=\"auto-hide-last-sibling-br paragraph-z1iNZD paragraph-element br-paragraph-space\">Les granules de thulium m\u00e9tal doivent \u00eatre stock\u00e9s dans des r\u00e9cipients herm\u00e9tiques remplis de gaz inertes comme l\u2019argon et conserv\u00e9s dans un environnement sec et frais pour \u00e9viter l\u2019oxydation et d\u2019autres r\u00e9actions chimiques.<\/div>\n<\/div>\n<\/div>\n<\/div>\n","protected":false},"excerpt":{"rendered":"<p>Les granules <a href=\"https:\/\/vimaterial.de\/fr\/product\/thulium-metal-2\/\"><span style=\"color: #0000ff;\">m\u00e9talliques de thulium<\/span><\/a> sont des particules de m\u00e9taux de terres rares avec un \u00e9clat m\u00e9tallique blanc argent\u00e9, une texture douce, une ductilit\u00e9, une stabilit\u00e9 relative dans l\u2019air et des applications importantes dans de nombreux domaines tels que l\u2019optique, la m\u00e9decine et le traitement des mat\u00e9riaux.<\/p>\n<p>VIMATERIAL fournit des granul\u00e9s Tm dans diverses sp\u00e9cifications et prend en charge le service de liaison de cibles. Nous acceptons la personnalisation des produits,<span style=\"color: #0000ff;\"><a style=\"color: #0000ff;\" href=\"https:\/\/vimaterial.de\/fr\/contact\/\"> contactez-nous.<\/a><\/span><\/p>\n","protected":false},"featured_media":1034511,"comment_status":"open","ping_status":"closed","template":"","meta":{"_acf_changed":false},"product_brand":[],"product_cat":[236],"product_tag":[],"class_list":{"0":"post-1029040","1":"product","2":"type-product","3":"status-publish","4":"has-post-thumbnail","6":"product_cat-materiaux-devaporation","8":"first","9":"instock","10":"shipping-taxable","11":"purchasable","12":"product-type-variable"},"acf":[],"_links":{"self":[{"href":"https:\/\/vimaterial.de\/fr\/wp-json\/wp\/v2\/product\/1029040","targetHints":{"allow":["GET"]}}],"collection":[{"href":"https:\/\/vimaterial.de\/fr\/wp-json\/wp\/v2\/product"}],"about":[{"href":"https:\/\/vimaterial.de\/fr\/wp-json\/wp\/v2\/types\/product"}],"replies":[{"embeddable":true,"href":"https:\/\/vimaterial.de\/fr\/wp-json\/wp\/v2\/comments?post=1029040"}],"wp:featuredmedia":[{"embeddable":true,"href":"https:\/\/vimaterial.de\/fr\/wp-json\/wp\/v2\/media\/1034511"}],"wp:attachment":[{"href":"https:\/\/vimaterial.de\/fr\/wp-json\/wp\/v2\/media?parent=1029040"}],"wp:term":[{"taxonomy":"product_brand","embeddable":true,"href":"https:\/\/vimaterial.de\/fr\/wp-json\/wp\/v2\/product_brand?post=1029040"},{"taxonomy":"product_cat","embeddable":true,"href":"https:\/\/vimaterial.de\/fr\/wp-json\/wp\/v2\/product_cat?post=1029040"},{"taxonomy":"product_tag","embeddable":true,"href":"https:\/\/vimaterial.de\/fr\/wp-json\/wp\/v2\/product_tag?post=1029040"}],"curies":[{"name":"wp","href":"https:\/\/api.w.org\/{rel}","templated":true}]}}