{"id":1029036,"date":"2024-06-17T16:16:17","date_gmt":"2024-06-17T08:16:17","guid":{"rendered":"https:\/\/vimaterial.de\/product\/siliciure-derbium\/"},"modified":"2025-03-24T15:34:26","modified_gmt":"2025-03-24T07:34:26","slug":"siliciure-derbium","status":"publish","type":"product","link":"https:\/\/vimaterial.de\/fr\/product\/siliciure-derbium\/","title":{"rendered":"Siliciure d\u2019erbium"},"content":{"rendered":"<p>La poudre de siliciure d&#8217;erbium est une sorte de poudre \u00e0 structure cristalline t\u00e9tragonale, pr\u00e9sentant un aspect gris \u00e0 noir, avec une certaine stabilit\u00e9 chimique et des propri\u00e9t\u00e9s physiques particuli\u00e8res, qui est principalement utilis\u00e9e dans les domaines de l\u2019\u00e9lectronique et de l\u2019optique.<\/p>\n<p>VIMATERIAL fournit de la poudre ErSi2 dans diff\u00e9rentes sp\u00e9cifications et prend en charge le service de liaison de cible. Nous acceptons la personnalisation des produits, <span style=\"color: #0000ff;\"><a style=\"color: #0000ff;\" href=\"https:\/\/vimaterial.de\/fr\/contact\/\">contactez-nous<\/a><\/span>.<\/p>\n<h2><span style=\"font-size: 14pt;\">Propri\u00e9t\u00e9s<\/span><\/h2>\n<p>Formule mol\u00e9culaire : ErSi\u2082<\/p>\n<p>Poids mol\u00e9culaire : environ 208,23<\/p>\n<p>Apparence\u00a0: Poudre gris fonc\u00e9<\/p>\n<h2><span style=\"font-size: 14pt;\">Applications<\/span><\/h2>\n<p>Mat\u00e9riaux laser : peuvent \u00eatre utilis\u00e9s comme mat\u00e9riaux de dopage pour les cristaux laser et utilis\u00e9s dans la fabrication de dispositifs laser. Leurs propri\u00e9t\u00e9s optiques uniques peuvent fournir un gain optique stable pour l\u2019\u00e9mission laser, g\u00e9n\u00e9rant ainsi des faisceaux laser de haute qualit\u00e9.<\/p>\n<p>Rev\u00eatement optique : Mat\u00e9riaux utilis\u00e9s comme rev\u00eatements optiques pour am\u00e9liorer les performances des dispositifs optiques. Par exemple, le rev\u00eatement de la surface des lentilles optiques, des filtres optiques et d\u2019autres dispositifs avec un rev\u00eatement en siliciure d\u2019erbium peut am\u00e9liorer l\u2019indice de r\u00e9fraction, la dispersion et d\u2019autres propri\u00e9t\u00e9s optiques du dispositif, am\u00e9liorant ainsi la r\u00e9solution et la qualit\u00e9 d\u2019image du syst\u00e8me optique.<\/p>\n<p>Magn\u00e9tisme : Il poss\u00e8de certaines propri\u00e9t\u00e9s magn\u00e9tiques et peut \u00eatre utilis\u00e9 pour fabriquer des mat\u00e9riaux magn\u00e9tiques.<\/p>\n<h2><span style=\"font-size: 14pt;\">Contr\u00f4le de la qualit\u00e9<\/span><\/h2>\n<p><span style=\"color: #0000ff;\"><a style=\"color: #0000ff;\" href=\"https:\/\/vimaterial.de\/fr\/controle-qualite\/\">Chaque lot de produits<\/a><\/span> garantit strictement la qualit\u00e9, de la s\u00e9lection des fournisseurs de mati\u00e8res premi\u00e8res \u00e0 l\u2019utilisation d\u2019\u00e9quipements de test avanc\u00e9s pour surveiller avec pr\u00e9cision l\u2019ensemble du processus de production, jusqu\u2019au produit fini \u00e0 travers de nombreuses s\u00e9ries d\u2019\u00e9chantillonnage rigoureux et de certification par une tierce partie faisant autorit\u00e9, jusqu\u2019\u00e0 un syst\u00e8me de contr\u00f4le de la qualit\u00e9 complet et \u00e0 tol\u00e9rance z\u00e9ro pour garantir que chaque lot de produits respecte et d\u00e9passe les normes \u00e9lev\u00e9es de l\u2019industrie. Fournir \u00e0 nos clients la meilleure qualit\u00e9 et les produits les plus stables.<\/p>\n<h2><span style=\"font-size: 14pt;\">Emballage et stockage<\/span><\/h2>\n<p>La poudre de siliciure d&#8217;erbium est emball\u00e9e dans un sac sous vide ou une bouteille sous vide dans un carton pour assurer un transport en toute s\u00e9curit\u00e9.<\/p>\n<p>Les poudres de siliciure d&#8217;erbium doivent \u00eatre stock\u00e9es dans un environnement scell\u00e9, sec et frais, \u00e0 l\u2019abri de l\u2019air et de l\u2019humidit\u00e9 pour \u00e9viter l\u2019oxydation ou d\u2019autres r\u00e9actions chimiques affectant leurs propri\u00e9t\u00e9s.<\/p>\n","protected":false},"excerpt":{"rendered":"<p>La poudre de siliciure d\u2019erbium est une poudre compos\u00e9e d\u2019\u00e9l\u00e9ments erbium et silicium avec une vari\u00e9t\u00e9 de structures cristallines (par exemple, r\u00e9seau hexagonal et r\u00e9seau t\u00e9tragonal, etc.), un point de fusion \u00e9lev\u00e9, une duret\u00e9 et des propri\u00e9t\u00e9s optiques et magn\u00e9tiques uniques, qui sont potentiellement applicables dans les domaines des semi-conducteurs, de l\u2019optique et du magn\u00e9tisme.<\/p>\n","protected":false},"featured_media":1034506,"comment_status":"open","ping_status":"closed","template":"","meta":{"_acf_changed":false},"product_brand":[],"product_cat":[241,240],"product_tag":[],"class_list":{"0":"post-1029036","1":"product","2":"type-product","3":"status-publish","4":"has-post-thumbnail","6":"product_cat-materiaux-a-base-de-terres-rares","7":"product_cat-materiaux-c-n-b-si","9":"first","10":"instock","11":"shipping-taxable","12":"product-type-variable"},"acf":[],"_links":{"self":[{"href":"https:\/\/vimaterial.de\/fr\/wp-json\/wp\/v2\/product\/1029036","targetHints":{"allow":["GET"]}}],"collection":[{"href":"https:\/\/vimaterial.de\/fr\/wp-json\/wp\/v2\/product"}],"about":[{"href":"https:\/\/vimaterial.de\/fr\/wp-json\/wp\/v2\/types\/product"}],"replies":[{"embeddable":true,"href":"https:\/\/vimaterial.de\/fr\/wp-json\/wp\/v2\/comments?post=1029036"}],"wp:featuredmedia":[{"embeddable":true,"href":"https:\/\/vimaterial.de\/fr\/wp-json\/wp\/v2\/media\/1034506"}],"wp:attachment":[{"href":"https:\/\/vimaterial.de\/fr\/wp-json\/wp\/v2\/media?parent=1029036"}],"wp:term":[{"taxonomy":"product_brand","embeddable":true,"href":"https:\/\/vimaterial.de\/fr\/wp-json\/wp\/v2\/product_brand?post=1029036"},{"taxonomy":"product_cat","embeddable":true,"href":"https:\/\/vimaterial.de\/fr\/wp-json\/wp\/v2\/product_cat?post=1029036"},{"taxonomy":"product_tag","embeddable":true,"href":"https:\/\/vimaterial.de\/fr\/wp-json\/wp\/v2\/product_tag?post=1029036"}],"curies":[{"name":"wp","href":"https:\/\/api.w.org\/{rel}","templated":true}]}}