{"id":1029026,"date":"2024-06-17T16:16:18","date_gmt":"2024-06-17T08:16:18","guid":{"rendered":"https:\/\/vimaterial.de\/product\/thulium-metal-3\/"},"modified":"2025-03-12T15:16:27","modified_gmt":"2025-03-12T07:16:27","slug":"thulium-metal-3","status":"publish","type":"product","link":"https:\/\/vimaterial.de\/fr\/product\/thulium-metal-3\/","title":{"rendered":"Thulium m\u00e9tal"},"content":{"rendered":"<p><span style=\"color: #0000ff;\"><a style=\"color: #0000ff;\" href=\"https:\/\/vimaterial.de\/fr\/product\/thulium-metal-2\/\">La poudre m\u00e9tallique de thulium<\/a><\/span> est une poudre de m\u00e9tal de terre rare avec un \u00e9clat blanc argent\u00e9, une texture douce, une ductilit\u00e9, facile \u00e0 oxyder lentement \u00e0 l\u2019air et peut \u00eatre utilis\u00e9e dans de nombreux domaines tels que le m\u00e9dical, le laser et le traitement des mat\u00e9riaux.<\/p>\n<p>VIMATERIAL fournit de la poudre Tm dans diverses sp\u00e9cifications et prend en charge le service de liaison de cibles. Nous acceptons la personnalisation des produits, <span style=\"color: #0000ff;\"><a style=\"color: #0000ff;\" href=\"https:\/\/vimaterial.de\/fr\/contact\/\">contactez-nous.<\/a><\/span><\/p>\n<h2><span style=\"font-size: 14pt;\">Propri\u00e9t\u00e9s<\/span><\/h2>\n<p>Formule mol\u00e9culaire : Tm<\/p>\n<p>Poids mol\u00e9culaire : environ 168,93 g\/mol<\/p>\n<p>Apparence\u00a0: Poudre fine blanc argent\u00e9 ou gris argent\u00e9<\/p>\n<p>Densit\u00e9 : environ 9,32 g\/cm\u00b3.<\/p>\n<p>Point de fusion : 1545 \u00b0C<\/p>\n<p>Structure cristalline : structure hexagonale dens\u00e9ment tass\u00e9e (hcp)<\/p>\n<h2><span style=\"font-size: 14pt;\">Applications<\/span><\/h2>\n<p>Imagerie m\u00e9dicale : son isotope \u00b9\u2076\u2079Tm peut \u00eatre bombard\u00e9 dans un r\u00e9acteur nucl\u00e9aire, o\u00f9 la r\u00e9action produit \u00b9\u2077\u2070Tm et \u00e9met des rayons X, qui peuvent \u00eatre utilis\u00e9s comme source de rayonnement dans les appareils portables \u00e0 rayons X pour le diagnostic m\u00e9dical et la d\u00e9tection des d\u00e9fauts.<\/p>\n<p>Champ de mat\u00e9riaux laser\u00a0: Thulium m\u00e9tal et erbium, yttrium et autres \u00e9l\u00e9ments compos\u00e9s de mat\u00e9riaux laser avec de bonnes propri\u00e9t\u00e9s optiques, peuvent produire un laser de longueur d\u2019onde plus courte, est largement utilis\u00e9 dans la fabrication de dispositifs laser.<\/p>\n<p>Champ optique : Le thulium trivalent peut \u00e9mettre une fluorescence bleue sous irradiation ultraviolette, qui peut \u00eatre utilis\u00e9e pour la lutte contre la contrefa\u00e7on des billets de banque en euros, ainsi que pour la fabrication de verre optique et de phosphore.<\/p>\n<p>Magn\u00e9tisme : Le thulium m\u00e9tal est l\u2019un des \u00e9l\u00e9ments cl\u00e9s dans la fabrication de mat\u00e9riaux magn\u00e9tiques permanents, et est largement utilis\u00e9 dans les communications \u00e9lectroniques, l\u2019a\u00e9rospatiale et d\u2019autres domaines en raison de ses fortes propri\u00e9t\u00e9s magn\u00e9tiques dans les alliages compos\u00e9s de fer, de cobalt et d\u2019autres \u00e9l\u00e9ments.<\/p>\n<h2><span style=\"font-size: 14pt;\">Contr\u00f4le de la qualit\u00e9<\/span><\/h2>\n<p><span style=\"color: #0000ff;\"><a style=\"color: #0000ff;\" href=\"https:\/\/vimaterial.de\/fr\/controle-qualite\/\">Chaque lot<\/a><\/span> de produits garantit strictement la qualit\u00e9, de la s\u00e9lection des fournisseurs de mati\u00e8res premi\u00e8res \u00e0 l\u2019utilisation d\u2019\u00e9quipements de test avanc\u00e9s pour surveiller avec pr\u00e9cision l\u2019ensemble du processus de production, jusqu\u2019au produit fini \u00e0 travers de nombreuses s\u00e9ries d\u2019\u00e9chantillonnage rigoureux et de certification par une tierce partie faisant autorit\u00e9, jusqu\u2019\u00e0 un syst\u00e8me de contr\u00f4le de la qualit\u00e9 complet et \u00e0 tol\u00e9rance z\u00e9ro pour garantir que chaque lot de produits respecte et d\u00e9passe les normes \u00e9lev\u00e9es de l\u2019industrie. Fournir \u00e0 nos clients la meilleure qualit\u00e9 et les produits les plus stables.<\/p>\n<h2><span style=\"font-size: 14pt;\">Emballage et stockage<\/span><\/h2>\n<p>La poudre m\u00e9tallique de thulium est emball\u00e9e dans un sac sous vide ou une bouteille sous vide dans un carton pour assurer un transport en toute s\u00e9curit\u00e9.<\/p>\n<div class=\"message-box-content-wrapper-g6XZZQ\">\n<div class=\"message-content message-box-content-WoA7L1 receive-message-box-content-tsCcMM samantha-message-box-content-kHd1mL\" data-testid=\"message_content\">\n<div class=\"container-p6WrVu flow-markdown-body theme-samantha-_RgbJJ\" dir=\"ltr\" data-testid=\"message_text_content\" data-show-indicator=\"false\">\n<div class=\"auto-hide-last-sibling-br paragraph-z1iNZD paragraph-element br-paragraph-space\">Les poudres de thulium m\u00e9tal doivent \u00eatre stock\u00e9es dans des r\u00e9cipients herm\u00e9tiques et conserv\u00e9es dans un environnement sec, frais et bien ventil\u00e9 pour \u00e9viter toute r\u00e9action avec l\u2019oxyg\u00e8ne et l\u2019humidit\u00e9 de l\u2019air.<\/div>\n<\/div>\n<\/div>\n<\/div>\n","protected":false},"excerpt":{"rendered":"<p><span style=\"color: #0000ff;\"><a style=\"color: #0000ff;\" href=\"https:\/\/vimaterial.de\/fr\/product\/thulium-metal-2\/\">La poudre m\u00e9tallique de thulium<\/a><\/span> est une poudre de m\u00e9tal de terre rare avec un \u00e9clat blanc argent\u00e9, une texture douce, une ductilit\u00e9, facile \u00e0 oxyder lentement \u00e0 l\u2019air et peut \u00eatre utilis\u00e9e dans de nombreux domaines tels que le m\u00e9dical, le laser et le traitement des mat\u00e9riaux.<\/p>\n<p>VIMATERIAL fournit de la poudre Tm dans diverses sp\u00e9cifications et prend en charge le service de liaison de cibles. Nous acceptons la personnalisation des produits, <span style=\"color: #0000ff;\"><a style=\"color: #0000ff;\" href=\"https:\/\/vimaterial.de\/fr\/contact\/\">contactez-nous.<\/a><\/span><\/p>\n<h2><\/h2>\n<p>&nbsp;<\/p>\n","protected":false},"featured_media":1034516,"comment_status":"open","ping_status":"closed","template":"","meta":{"_acf_changed":false},"product_brand":[],"product_cat":[166],"product_tag":[],"class_list":{"0":"post-1029026","1":"product","2":"type-product","3":"status-publish","4":"has-post-thumbnail","6":"product_cat-uncategorized-fr","8":"first","9":"instock","10":"shipping-taxable","11":"purchasable","12":"product-type-variable"},"acf":[],"_links":{"self":[{"href":"https:\/\/vimaterial.de\/fr\/wp-json\/wp\/v2\/product\/1029026","targetHints":{"allow":["GET"]}}],"collection":[{"href":"https:\/\/vimaterial.de\/fr\/wp-json\/wp\/v2\/product"}],"about":[{"href":"https:\/\/vimaterial.de\/fr\/wp-json\/wp\/v2\/types\/product"}],"replies":[{"embeddable":true,"href":"https:\/\/vimaterial.de\/fr\/wp-json\/wp\/v2\/comments?post=1029026"}],"wp:featuredmedia":[{"embeddable":true,"href":"https:\/\/vimaterial.de\/fr\/wp-json\/wp\/v2\/media\/1034516"}],"wp:attachment":[{"href":"https:\/\/vimaterial.de\/fr\/wp-json\/wp\/v2\/media?parent=1029026"}],"wp:term":[{"taxonomy":"product_brand","embeddable":true,"href":"https:\/\/vimaterial.de\/fr\/wp-json\/wp\/v2\/product_brand?post=1029026"},{"taxonomy":"product_cat","embeddable":true,"href":"https:\/\/vimaterial.de\/fr\/wp-json\/wp\/v2\/product_cat?post=1029026"},{"taxonomy":"product_tag","embeddable":true,"href":"https:\/\/vimaterial.de\/fr\/wp-json\/wp\/v2\/product_tag?post=1029026"}],"curies":[{"name":"wp","href":"https:\/\/api.w.org\/{rel}","templated":true}]}}