{"id":1029014,"date":"2024-06-17T16:16:18","date_gmt":"2024-06-17T08:16:18","guid":{"rendered":"https:\/\/vimaterial.de\/product\/thulium-metal-2\/"},"modified":"2025-03-11T15:29:24","modified_gmt":"2025-03-11T07:29:24","slug":"thulium-metal-2","status":"publish","type":"product","link":"https:\/\/vimaterial.de\/fr\/product\/thulium-metal-2\/","title":{"rendered":"Thulium m\u00e9tal"},"content":{"rendered":"<p>La cible de pulv\u00e9risation au <span style=\"color: #0000ff;\"><a style=\"color: #0000ff;\" href=\"https:\/\/vimaterial.de\/fr\/product\/thulium-metal-4\/\">thulium<\/a><\/span> est faite de thulium m\u00e9tallique comme composant principal pour le rev\u00eatement par pulv\u00e9risation cathodique par un processus sp\u00e9cifique. Il pr\u00e9sente les caract\u00e9ristiques d\u2019une grande puret\u00e9, d\u2019une bonne conductivit\u00e9 \u00e9lectrique et thermique, d\u2019une structure cristalline sp\u00e9cifique et d\u2019une stabilit\u00e9 physico-chimique, etc. Il peut fournir un rev\u00eatement uniforme d\u2019\u00e9l\u00e9ment de thulium pour le mat\u00e9riau du substrat pendant la pulv\u00e9risation, et il est largement utilis\u00e9 dans les domaines de l\u2019\u00e9lectronique, de l\u2019optique, etc. afin d\u2019am\u00e9liorer les performances du mat\u00e9riau ou de donner des fonctions sp\u00e9ciales.<\/p>\n<p>VIMATERIAL fournit une cible de pulv\u00e9risation Tm dans diverses sp\u00e9cifications et prend en charge le service de liaison de cible. Nous acceptons la personnalisation des produits, <span style=\"color: #0000ff;\"><a style=\"color: #0000ff;\" href=\"https:\/\/vimaterial.de\/fr\/contact\/\">contactez-nous.<\/a><\/span><\/p>\n<h2><span style=\"font-size: 14pt;\">Propri\u00e9t\u00e9s<\/span><\/h2>\n<p>Formule mol\u00e9culaire : Tm<\/p>\n<p>Poids mol\u00e9culaire : 168,93421<\/p>\n<p>Apparence\u00a0: Cible en m\u00e9tal blanc argent\u00e9<\/p>\n<p>Densit\u00e9 : 9,3208 g\/cm\u00b3 (20 \u00b0C)<\/p>\n<p>Point de fusion : 1545\u00b0C<\/p>\n<p>Point d\u2019\u00e9bullition : 1947\u00b0C<\/p>\n<p>Structure cristalline : syst\u00e8me cristallin hexagonal<\/p>\n<h2><span style=\"font-size: 14pt;\">Applications<\/span><\/h2>\n<p>Domaine des semi-conducteurs\u00a0: Les cibles de pulv\u00e9risation de thulium sont utilis\u00e9es pour pr\u00e9parer des couches minces de semi-conducteurs dans le processus de fabrication de semi-conducteurs, ces couches minces sont importantes pour les performances et les performances des dispositifs \u00e0 semi-conducteurs. Ces films jouent un r\u00f4le cl\u00e9 dans les performances et la fiabilit\u00e9 des dispositifs \u00e0 semi-conducteurs.<\/p>\n<p>Champ optique\u00a0: Utilis\u00e9 dans la fabrication de films optiques, tels que les films d\u2019am\u00e9lioration de la transmittance, les films r\u00e9fl\u00e9chissants, etc. Les cibles de pulv\u00e9risation de thulium m\u00e9tal peuvent d\u00e9poser des films minces avec des propri\u00e9t\u00e9s optiques sp\u00e9cifiques \u00e0 la surface des \u00e9l\u00e9ments optiques, am\u00e9liorant ainsi les performances des \u00e9l\u00e9ments optiques.<\/p>\n<p>Dans la fabrication d\u2019\u00e9crans plats, tels que les \u00e9crans \u00e0 cristaux liquides (LCD) et les diodes \u00e9lectroluminescentes organiques (OLED), les cibles de pulv\u00e9risation de thulium m\u00e9tal peuvent \u00eatre utilis\u00e9es pour pr\u00e9parer des mat\u00e9riaux d\u2019\u00e9lectrode et des films fonctionnels.<\/p>\n<p>Champ de cellules solaires\u00a0: Il peut \u00eatre utilis\u00e9 pour pr\u00e9parer des mat\u00e9riaux \u00e0 couche mince pour les cellules solaires, par exemple, dans les cellules solaires \u00e0 couche mince, le film semi-conducteur form\u00e9 par rev\u00eatement de pulv\u00e9risation peut am\u00e9liorer l\u2019efficacit\u00e9 de conversion photo\u00e9lectrique des cellules solaires.<\/p>\n<h2><span style=\"font-size: 14pt;\">Contr\u00f4le de la qualit\u00e9<\/span><\/h2>\n<p><span style=\"color: #0000ff;\"><a style=\"color: #0000ff;\" href=\"https:\/\/vimaterial.de\/fr\/controle-qualite\/\">Chaque lot<\/a><\/span> de produits garantit strictement la qualit\u00e9, de la s\u00e9lection des fournisseurs de mati\u00e8res premi\u00e8res \u00e0 l\u2019utilisation d\u2019\u00e9quipements de test avanc\u00e9s pour surveiller avec pr\u00e9cision l\u2019ensemble du processus de production, jusqu\u2019au produit fini \u00e0 travers de nombreuses s\u00e9ries d\u2019\u00e9chantillonnage rigoureux et de certification par une tierce partie faisant autorit\u00e9, jusqu\u2019\u00e0 un syst\u00e8me de contr\u00f4le de la qualit\u00e9 complet et \u00e0 tol\u00e9rance z\u00e9ro pour garantir que chaque lot de produits respecte et d\u00e9passe les normes \u00e9lev\u00e9es de l\u2019industrie. Fournir \u00e0 nos clients la meilleure qualit\u00e9 et les produits les plus stables.<\/p>\n<h2><span style=\"font-size: 14pt;\">Emballage et stockage<\/span><\/h2>\n<p>La cible de pulv\u00e9risation au thulium est emball\u00e9e apr\u00e8s un double ensachage sous vide et emball\u00e9e dans un carton ext\u00e9rieur pour assurer la s\u00e9curit\u00e9 du transport.<\/p>\n<p>Les cibles de pulv\u00e9risation de thulium doivent \u00eatre stock\u00e9es dans un endroit sec, propre et appropri\u00e9 (g\u00e9n\u00e9ralement \u00e0 temp\u00e9rature ambiante 15 \u00b0C -25 \u00b0C) et aucun gaz corrosif dans l\u2019environnement, doivent \u00eatre emball\u00e9es dans des emballages sous vide ou des r\u00e9cipients scell\u00e9s pour \u00e9viter l\u2019oxydation et la contamination, le stockage avec des objets pointus doit \u00eatre \u00e9vit\u00e9 afin d\u2019\u00e9viter de rayer la surface de la cible.<\/p>\n","protected":false},"excerpt":{"rendered":"<p>La cible de pulv\u00e9risation au <span style=\"color: #0000ff;\"><a style=\"color: #0000ff;\" href=\"https:\/\/vimaterial.de\/fr\/product\/thulium-metal-4\/\">thulium<\/a><\/span> est faite de thulium m\u00e9tallique comme composant principal pour le rev\u00eatement par pulv\u00e9risation cathodique par un processus sp\u00e9cifique. Il pr\u00e9sente les caract\u00e9ristiques d\u2019une grande puret\u00e9, d\u2019une bonne conductivit\u00e9 \u00e9lectrique et thermique, d\u2019une structure cristalline sp\u00e9cifique et d\u2019une stabilit\u00e9 physico-chimique, etc. Il peut fournir un rev\u00eatement uniforme d\u2019\u00e9l\u00e9ment de thulium pour le mat\u00e9riau du substrat pendant la pulv\u00e9risation, et il est largement utilis\u00e9 dans les domaines de l\u2019\u00e9lectronique, de l\u2019optique, etc. afin d\u2019am\u00e9liorer les performances du mat\u00e9riau ou de donner des fonctions sp\u00e9ciales.<\/p>\n<p>VIMATERIAL fournit une cible de pulv\u00e9risation Tm dans diverses sp\u00e9cifications et prend en charge le service de liaison de cible. Nous acceptons la personnalisation des produits, <span style=\"color: #0000ff;\"><a style=\"color: #0000ff;\" href=\"https:\/\/vimaterial.de\/fr\/contact\/\">contactez-nous.<\/a><\/span><\/p>\n<p>&nbsp;<\/p>\n","protected":false},"featured_media":1034526,"comment_status":"open","ping_status":"closed","template":"","meta":{"_acf_changed":false},"product_brand":[],"product_cat":[235],"product_tag":[],"class_list":{"0":"post-1029014","1":"product","2":"type-product","3":"status-publish","4":"has-post-thumbnail","6":"product_cat-cibles-de-pulverisation-planaire","8":"first","9":"instock","10":"shipping-taxable","11":"product-type-variable"},"acf":[],"_links":{"self":[{"href":"https:\/\/vimaterial.de\/fr\/wp-json\/wp\/v2\/product\/1029014","targetHints":{"allow":["GET"]}}],"collection":[{"href":"https:\/\/vimaterial.de\/fr\/wp-json\/wp\/v2\/product"}],"about":[{"href":"https:\/\/vimaterial.de\/fr\/wp-json\/wp\/v2\/types\/product"}],"replies":[{"embeddable":true,"href":"https:\/\/vimaterial.de\/fr\/wp-json\/wp\/v2\/comments?post=1029014"}],"wp:featuredmedia":[{"embeddable":true,"href":"https:\/\/vimaterial.de\/fr\/wp-json\/wp\/v2\/media\/1034526"}],"wp:attachment":[{"href":"https:\/\/vimaterial.de\/fr\/wp-json\/wp\/v2\/media?parent=1029014"}],"wp:term":[{"taxonomy":"product_brand","embeddable":true,"href":"https:\/\/vimaterial.de\/fr\/wp-json\/wp\/v2\/product_brand?post=1029014"},{"taxonomy":"product_cat","embeddable":true,"href":"https:\/\/vimaterial.de\/fr\/wp-json\/wp\/v2\/product_cat?post=1029014"},{"taxonomy":"product_tag","embeddable":true,"href":"https:\/\/vimaterial.de\/fr\/wp-json\/wp\/v2\/product_tag?post=1029014"}],"curies":[{"name":"wp","href":"https:\/\/api.w.org\/{rel}","templated":true}]}}