{"id":1029008,"date":"2024-06-17T16:16:18","date_gmt":"2024-06-17T08:16:18","guid":{"rendered":"https:\/\/vimaterial.de\/product\/thulium-metal\/"},"modified":"2025-03-12T14:57:46","modified_gmt":"2025-03-12T06:57:46","slug":"thulium-metal","status":"publish","type":"product","link":"https:\/\/vimaterial.de\/fr\/product\/thulium-metal\/","title":{"rendered":"Thulium m\u00e9tal"},"content":{"rendered":"<p><span style=\"color: #0000ff;\"><a style=\"color: #0000ff;\" href=\"https:\/\/vimaterial.de\/fr\/product\/thulium-metal-4\/\">La feuille m\u00e9tallique de thulium<\/a><\/span> est un mat\u00e9riau blanc argent\u00e9, ductile et r\u00e9sistant avec une bonne conductivit\u00e9 thermique et \u00e9lectrique, compos\u00e9 d\u2019atomes de thulium dans une structure cristalline hexagonale serr\u00e9e, qui est principalement utilis\u00e9 dans la technologie laser et les sources de rayons X.<\/p>\n<p style=\"text-align: left;\">VIMATERIAL fournit des feuilles Tm dans diverses sp\u00e9cifications et prend en charge le service de reliure de cibles. Nous acceptons la personnalisation des produits, <a href=\"https:\/\/vimaterial.de\/fr\/contact\/\"><span style=\"color: #0000ff;\">contactez-nous<\/span>.<\/a><\/p>\n<h2><span style=\"font-size: 14pt;\">Propri\u00e9t\u00e9s<\/span><\/h2>\n<p>Formule mol\u00e9culaire : Tm<\/p>\n<p>Poids mol\u00e9culaire : environ 168,93 g\/mol<\/p>\n<p>Apparence\u00a0: M\u00e9tal blanc argent\u00e9 avec \u00e9clat, doux et ductile.<\/p>\n<p>Densit\u00e9 : env. 9,32 g\/cm\u00b3.<\/p>\n<p>Point de fusion : 1545 \u00b0C.<\/p>\n<p>Structure cristalline : g\u00e9n\u00e9ralement hexagonale dens\u00e9ment tass\u00e9e (hcp).<\/p>\n<h2><span style=\"font-size: 14pt;\">Applications<\/span><\/h2>\n<p>Imagerie m\u00e9dicale : \u00c9tant donn\u00e9 que l\u2019isotope du thulium \u00b9\u2076\u2079Tm peut \u00eatre bombard\u00e9 dans un r\u00e9acteur nucl\u00e9aire, o\u00f9 la r\u00e9action produit \u00b9\u2077\u2070Tm et \u00e9met des rayons X, les feuilles de thulium peuvent \u00eatre utilis\u00e9es dans la fabrication de sources de rayonnement dans les appareils \u00e0 rayons X portables, qui jouent un r\u00f4le dans l\u2019imagerie m\u00e9dicale.<\/p>\n<p>Th\u00e9rapie laser : Le thulium a d\u2019importantes applications dans le domaine des mat\u00e9riaux laser. Les feuilles m\u00e9talliques de thulium peuvent \u00eatre utilis\u00e9es pour fabriquer des dispositifs laser, et les lasers qu\u2019il produit peuvent \u00eatre utilis\u00e9s dans des chirurgies dans le domaine m\u00e9dical.<\/p>\n<p>Domaine de la communication \u00e9lectronique : En utilisant les propri\u00e9t\u00e9s magn\u00e9tiques de la feuille de thulium m\u00e9tallique, il peut \u00eatre utilis\u00e9 dans le domaine de la communication \u00e9lectronique, par exemple, dans la fabrication de capteurs magn\u00e9tiques, de mat\u00e9riaux d\u2019enregistrement magn\u00e9tique, etc. Les alliages de thulium avec du fer, du cobalt et d\u2019autres \u00e9l\u00e9ments ont de fortes propri\u00e9t\u00e9s magn\u00e9tiques, qui peuvent r\u00e9pondre aux exigences des mat\u00e9riaux magn\u00e9tiques pour les \u00e9quipements de communication \u00e9lectronique.<\/p>\n<p>Champ optique : La feuille m\u00e9tallique de thulium a \u00e9galement certaines applications dans le domaine optique, par exemple, elle peut \u00eatre utilis\u00e9e pour fabriquer des filtres optiques, des miroirs optiques et d\u2019autres composants optiques. Sa bonne ductilit\u00e9 et ses propri\u00e9t\u00e9s optiques lui permettent de r\u00e9pondre aux exigences particuli\u00e8res des composants optiques.<\/p>\n<h2><span style=\"font-size: 14pt;\">Contr\u00f4le de la qualit\u00e9<\/span><\/h2>\n<p><span style=\"color: #0000ff;\"><a style=\"color: #0000ff;\" href=\"https:\/\/vimaterial.de\/fr\/controle-qualite\/\">Chaque lot<\/a><\/span> de produits garantit strictement la qualit\u00e9, de la s\u00e9lection des fournisseurs de mati\u00e8res premi\u00e8res \u00e0 l\u2019utilisation d\u2019\u00e9quipements de test avanc\u00e9s pour surveiller avec pr\u00e9cision l\u2019ensemble du processus de production, jusqu\u2019au produit fini \u00e0 travers de nombreuses s\u00e9ries d\u2019\u00e9chantillonnage rigoureux et de certification par une tierce partie faisant autorit\u00e9, jusqu\u2019\u00e0 un syst\u00e8me de contr\u00f4le de la qualit\u00e9 complet et \u00e0 tol\u00e9rance z\u00e9ro pour garantir que chaque lot de produits respecte et d\u00e9passe les normes \u00e9lev\u00e9es de l\u2019industrie. Fournir \u00e0 nos clients la meilleure qualit\u00e9 et les produits les plus stables.<\/p>\n<h2><span style=\"font-size: 14pt;\">Emballage et stockage<\/span><\/h2>\n<p>Thulium metaal foil wordt meestal verpakt in een dubbellaagse doos met een kartonnen buitenverpakking of houten kist.<\/p>\n<p>Thulium metaal foil moet normaal gesproken worden opgeslagen in een droge, koele, goed geventileerde omgeving en moet worden afgesloten in een vacu\u00fcmverpakking om te voorkomen dat het oxideert of corrodeert door een reactie met zuurstof, vocht etc. in de lucht.<\/p>\n","protected":false},"excerpt":{"rendered":"<p><span style=\"color: #0000ff;\"><a style=\"color: #0000ff;\" href=\"https:\/\/vimaterial.de\/fr\/product\/thulium-metal-4\/\">La feuille m\u00e9tallique de thulium<\/a><\/span> est un mat\u00e9riau blanc argent\u00e9, ductile et r\u00e9sistant avec une bonne conductivit\u00e9 thermique et \u00e9lectrique, compos\u00e9 d\u2019atomes de thulium dans une structure cristalline hexagonale serr\u00e9e, qui est principalement utilis\u00e9 dans la technologie laser et les sources de rayons X.<\/p>\n<p style=\"text-align: left;\">VIMATERIAL fournit des feuilles Tm dans diverses sp\u00e9cifications et prend en charge le service de reliure de cibles. Nous acceptons la personnalisation des produits, <a href=\"https:\/\/vimaterial.de\/fr\/contact\/\"><span style=\"color: #0000ff;\">contactez-nous<\/span>.<\/a><\/p>\n","protected":false},"featured_media":1034521,"comment_status":"open","ping_status":"closed","template":"","meta":{"_acf_changed":false},"product_brand":[],"product_cat":[245],"product_tag":[],"class_list":{"0":"post-1029008","1":"product","2":"type-product","3":"status-publish","4":"has-post-thumbnail","6":"product_cat-profil-fr","8":"first","9":"outofstock","10":"shipping-taxable","11":"product-type-variable"},"acf":[],"_links":{"self":[{"href":"https:\/\/vimaterial.de\/fr\/wp-json\/wp\/v2\/product\/1029008","targetHints":{"allow":["GET"]}}],"collection":[{"href":"https:\/\/vimaterial.de\/fr\/wp-json\/wp\/v2\/product"}],"about":[{"href":"https:\/\/vimaterial.de\/fr\/wp-json\/wp\/v2\/types\/product"}],"replies":[{"embeddable":true,"href":"https:\/\/vimaterial.de\/fr\/wp-json\/wp\/v2\/comments?post=1029008"}],"wp:featuredmedia":[{"embeddable":true,"href":"https:\/\/vimaterial.de\/fr\/wp-json\/wp\/v2\/media\/1034521"}],"wp:attachment":[{"href":"https:\/\/vimaterial.de\/fr\/wp-json\/wp\/v2\/media?parent=1029008"}],"wp:term":[{"taxonomy":"product_brand","embeddable":true,"href":"https:\/\/vimaterial.de\/fr\/wp-json\/wp\/v2\/product_brand?post=1029008"},{"taxonomy":"product_cat","embeddable":true,"href":"https:\/\/vimaterial.de\/fr\/wp-json\/wp\/v2\/product_cat?post=1029008"},{"taxonomy":"product_tag","embeddable":true,"href":"https:\/\/vimaterial.de\/fr\/wp-json\/wp\/v2\/product_tag?post=1029008"}],"curies":[{"name":"wp","href":"https:\/\/api.w.org\/{rel}","templated":true}]}}