{"id":1028996,"date":"2024-06-17T16:16:19","date_gmt":"2024-06-17T08:16:19","guid":{"rendered":"https:\/\/vimaterial.de\/product\/oxyde-de-thulium-3\/"},"modified":"2025-03-11T13:45:51","modified_gmt":"2025-03-11T05:45:51","slug":"oxyde-de-thulium-3","status":"publish","type":"product","link":"https:\/\/vimaterial.de\/fr\/product\/oxyde-de-thulium-3\/","title":{"rendered":"Oxyde de thulium"},"content":{"rendered":"<p>Les granules <span style=\"color: #0000ff;\"><a style=\"color: #0000ff;\" href=\"https:\/\/vimaterial.de\/it\/product\/ossido-di-tulio\/\">d&#8217;oxyde de thulium<\/a><\/span> sont une sorte de minuscules particules solides compos\u00e9es d\u2019\u00e9l\u00e9ments de thulium et d\u2019oxyg\u00e8ne avec une structure cristalline et des propri\u00e9t\u00e9s chimiques sp\u00e9cifiques, qui peuvent produire des esp\u00e8ces r\u00e9actives de l\u2019oxyg\u00e8ne sous l\u2019excitation de la lumi\u00e8re proche infrarouge, et a des applications potentielles en optique, en m\u00e9decine.<\/p>\n<p>VIMATERIAL fournit des granul\u00e9s d\u2019oxyde de thulium dans diverses sp\u00e9cifications et prend en charge le service de liaison de cible. Nous acceptons la personnalisation des produits<span style=\"color: #0000ff;\"><a style=\"color: #0000ff;\" href=\"https:\/\/vimaterial.de\/it\/contatto\/\">, contactez-nous<\/a><\/span>.<\/p>\n<h2><span style=\"font-size: 14pt;\">Propri\u00e9t\u00e9s<\/span><\/h2>\n<p>Formule mol\u00e9culaire : Tm\u2082O\u2083<\/p>\n<p>Poids mol\u00e9culaire : 385,86<\/p>\n<p>Aspect : granule vert clair<\/p>\n<p>Densit\u00e9 : 8,6 g\/cm\u00b3<\/p>\n<p>Structure cristalline : Syst\u00e8me cristallin cubique<\/p>\n<p>Solubilit\u00e9 : Insoluble dans l\u2019eau et l\u2019acide froid, soluble dans l\u2019acide dilu\u00e9 chaud et l\u2019acide sulfurique chaud.<\/p>\n<h2><span style=\"font-size: 14pt;\">Applications<\/span><\/h2>\n<p>Cellules solaires\u00a0: Les nanoparticules d\u2019oxyde de thulium peuvent absorber efficacement la lumi\u00e8re du soleil et la convertir en \u00e9lectricit\u00e9. En raison de sa petite taille de particules, il est capable de p\u00e9n\u00e9trer dans le substrat des cellules solaires et d\u2019am\u00e9liorer l\u2019efficacit\u00e9 de conversion photo\u00e9lectrique des cellules, qui peuvent \u00eatre utilis\u00e9es dans la fabrication de chargeurs solaires \u00e0 haut rendement, d\u2019alimentations portables et de centrales solaires \u00e0 grande \u00e9chelle.<\/p>\n<p>Additifs pour le verre : Dans la fabrication du verre, les particules d\u2019oxyde de thulium peuvent \u00eatre utilis\u00e9es comme additifs pour am\u00e9liorer les propri\u00e9t\u00e9s optiques du verre, telles que l\u2019am\u00e9lioration de la transmittance du verre, l\u2019am\u00e9lioration de la saturation des couleurs, etc. Il peut \u00eatre utilis\u00e9 dans la fabrication de pi\u00e8ces en verre pour des instruments optiques tels que des t\u00e9lescopes de haute qualit\u00e9 et des lentilles de microscope.<\/p>\n<p>Mat\u00e9riaux d\u2019enregistrement magn\u00e9tique : Les nanoparticules d\u2019oxyde de thulium incorpor\u00e9es dans les mat\u00e9riaux d\u2019enregistrement magn\u00e9tique peuvent tirer parti de leur anisotropie et de leur magn\u00e9tostriction uniques pour am\u00e9liorer la coercivit\u00e9 et la sensibilit\u00e9 d\u2019enregistrement des mat\u00e9riaux, ce qui peut \u00eatre appliqu\u00e9 aux dispositifs de stockage de donn\u00e9es tels que les disques durs et les bandes magn\u00e9tiques.<\/p>\n<p>Batteries lithium-ion : L\u2019oxyde de thulium ultrafin peut am\u00e9liorer la stabilit\u00e9 du cycle et les performances de multiplication des batteries lithium-ion et prolonger la dur\u00e9e de vie des batteries, offrant ainsi une nouvelle solution pour l\u2019am\u00e9lioration des performances des batteries lithium-ion.<\/p>\n<h2><span style=\"font-size: 14pt;\">Contr\u00f4le de la qualit\u00e9<\/span><\/h2>\n<p><span style=\"color: #0000ff;\"><a style=\"color: #0000ff;\" href=\"https:\/\/vimaterial.de\/it\/controllo-qualita\/\">Chaque lot<\/a> <\/span>de produits garantit strictement la qualit\u00e9, de la s\u00e9lection des fournisseurs de mati\u00e8res premi\u00e8res \u00e0 l\u2019utilisation d\u2019\u00e9quipements de test avanc\u00e9s pour surveiller avec pr\u00e9cision l\u2019ensemble du processus de production, jusqu\u2019au produit fini \u00e0 travers de nombreuses s\u00e9ries d\u2019\u00e9chantillonnage rigoureux et de certification par une tierce partie faisant autorit\u00e9, jusqu\u2019\u00e0 un syst\u00e8me de contr\u00f4le de la qualit\u00e9 complet et \u00e0 tol\u00e9rance z\u00e9ro pour garantir que chaque lot de produits respecte et d\u00e9passe les normes \u00e9lev\u00e9es de l\u2019industrie. Fournir \u00e0 nos clients la meilleure qualit\u00e9 et les produits les plus stables.<\/p>\n<h2><span style=\"font-size: 14pt;\">Emballage et stockage<\/span><\/h2>\n<p>Les granul\u00e9s d\u2019oxyde de thulium sont emball\u00e9s dans un sac sous vide ou une bouteille sous vide dans un carton pour assurer un transport en toute s\u00e9curit\u00e9.<\/p>\n<p>Les granul\u00e9s d\u2019oxyde de thulium doivent \u00eatre stock\u00e9s dans un environnement sec, bien ventil\u00e9 et frais, scell\u00e9s dans des r\u00e9cipients propres, en \u00e9vitant tout contact avec des acides, des alcalis, des agents r\u00e9ducteurs puissants et d\u2019autres substances.<\/p>\n","protected":false},"excerpt":{"rendered":"<p>Les granules <span style=\"color: #0000ff;\"><a style=\"color: #0000ff;\" href=\"https:\/\/vimaterial.de\/it\/product\/ossido-di-tulio\/\">d&#8217;oxyde de thulium<\/a><\/span> sont une sorte de minuscules particules solides compos\u00e9es d\u2019\u00e9l\u00e9ments de thulium et d\u2019oxyg\u00e8ne avec une structure cristalline et des propri\u00e9t\u00e9s chimiques sp\u00e9cifiques, qui peuvent produire des esp\u00e8ces r\u00e9actives de l\u2019oxyg\u00e8ne sous l\u2019excitation de la lumi\u00e8re proche infrarouge, et a des applications potentielles en optique, en m\u00e9decine.<\/p>\n<p>VIMATERIAL fournit des granul\u00e9s d\u2019oxyde de thulium dans diverses sp\u00e9cifications et prend en charge le service de liaison de cible. Nous acceptons la personnalisation des produits<span style=\"color: #0000ff;\"><a style=\"color: #0000ff;\" href=\"https:\/\/vimaterial.de\/it\/contatto\/\">, contactez-nous<\/a><\/span>.<\/p>\n<h2><\/h2>\n","protected":false},"featured_media":1034536,"comment_status":"open","ping_status":"closed","template":"","meta":{"_acf_changed":false},"product_brand":[],"product_cat":[236],"product_tag":[],"class_list":{"0":"post-1028996","1":"product","2":"type-product","3":"status-publish","4":"has-post-thumbnail","6":"product_cat-materiaux-devaporation","8":"first","9":"instock","10":"shipping-taxable","11":"product-type-variable"},"acf":[],"_links":{"self":[{"href":"https:\/\/vimaterial.de\/fr\/wp-json\/wp\/v2\/product\/1028996","targetHints":{"allow":["GET"]}}],"collection":[{"href":"https:\/\/vimaterial.de\/fr\/wp-json\/wp\/v2\/product"}],"about":[{"href":"https:\/\/vimaterial.de\/fr\/wp-json\/wp\/v2\/types\/product"}],"replies":[{"embeddable":true,"href":"https:\/\/vimaterial.de\/fr\/wp-json\/wp\/v2\/comments?post=1028996"}],"wp:featuredmedia":[{"embeddable":true,"href":"https:\/\/vimaterial.de\/fr\/wp-json\/wp\/v2\/media\/1034536"}],"wp:attachment":[{"href":"https:\/\/vimaterial.de\/fr\/wp-json\/wp\/v2\/media?parent=1028996"}],"wp:term":[{"taxonomy":"product_brand","embeddable":true,"href":"https:\/\/vimaterial.de\/fr\/wp-json\/wp\/v2\/product_brand?post=1028996"},{"taxonomy":"product_cat","embeddable":true,"href":"https:\/\/vimaterial.de\/fr\/wp-json\/wp\/v2\/product_cat?post=1028996"},{"taxonomy":"product_tag","embeddable":true,"href":"https:\/\/vimaterial.de\/fr\/wp-json\/wp\/v2\/product_tag?post=1028996"}],"curies":[{"name":"wp","href":"https:\/\/api.w.org\/{rel}","templated":true}]}}