{"id":1028993,"date":"2024-06-17T16:16:18","date_gmt":"2024-06-17T08:16:18","guid":{"rendered":"https:\/\/vimaterial.de\/product\/hydrate-de-nitrate-de-thulium\/"},"modified":"2025-03-11T15:09:26","modified_gmt":"2025-03-11T07:09:26","slug":"hydrate-de-nitrate-de-thulium","status":"publish","type":"product","link":"https:\/\/vimaterial.de\/fr\/product\/hydrate-de-nitrate-de-thulium\/","title":{"rendered":"Thulium Nitrate Hydrate"},"content":{"rendered":"<p>La poudre d\u2019hydrate de nitrate de thulium est une poudre cristalline verd\u00e2tre facilement d\u00e9liquescente de formule chimique Tm (NO\u2083)\u2083\u30fb5H\u2082O, qui peut \u00eatre utilis\u00e9e dans la fabrication d\u2019interm\u00e9diaires compos\u00e9s de thulium, en tant que r\u00e9actif chimique, et dans la recherche scientifique et d\u2019autres domaines d\u2019application.<\/p>\n<p>VIMATERIAL fournit Tm(NO3)3\u00b7 Poudre 5H2O dans diverses sp\u00e9cifications et prend en charge le service de liaison cible. Nous acceptons la personnalisation des produits, <span style=\"color: #0000ff;\"><a style=\"color: #0000ff;\" href=\"https:\/\/vimaterial.de\/fr\/contact\/\">contactez-nous<\/a><\/span>.<\/p>\n<h2><span style=\"font-size: 14pt;\">Propri\u00e9t\u00e9s<\/span><\/h2>\n<p>Formule mol\u00e9culaire : Tm(NO3)3-5H2O<\/p>\n<p>Poids mol\u00e9culaire : 445.035<\/p>\n<p>Apparence\u00a0: cristal vert, facile \u00e0 absorber l\u2019humidit\u00e9<\/p>\n<p>Solubilit\u00e9 : L\u2019hydrate de nitrate de thulium est soluble dans l\u2019eau et l\u2019\u00e9thanol et est d\u00e9liquescent. Cela signifie qu\u2019il absorbe facilement l\u2019humidit\u00e9 de l\u2019air, il doit donc \u00eatre maintenu scell\u00e9 pour \u00e9viter que l\u2019humidit\u00e9 n\u2019affecte ses performances et sa qualit\u00e9.<\/p>\n<p>Stabilit\u00e9 thermique\u00a0: La poudre d\u2019hydrate de nitrate de thulium est facile \u00e0 d\u00e9composer lorsqu\u2019elle est chauff\u00e9e, elle perd d\u2019abord de l\u2019eau cristalline et produit du nitrite, puis de l\u2019oxyde de thulium sera obtenu lorsque le chauffage est continu\u00e9.<\/p>\n<h2><span style=\"font-size: 14pt;\">Applications<\/span><\/h2>\n<p>Fabrication d\u2019interm\u00e9diaires de compos\u00e9s de thulium : c\u2019est une mati\u00e8re premi\u00e8re importante pour la pr\u00e9paration d\u2019autres compos\u00e9s de thulium.<\/p>\n<p>Pr\u00e9paration du catalyseur : il peut \u00eatre utilis\u00e9 dans la pr\u00e9paration de certains catalyseurs, bien qu\u2019il ne s\u2019agisse pas d\u2019un catalyseur courant pour une application \u00e0 grande \u00e9chelle, il peut avoir un r\u00f4le unique dans certaines r\u00e9actions catalytiques sp\u00e9cifiques.<\/p>\n<p>Analyse et d\u00e9tection : Il peut \u00eatre utilis\u00e9 dans l\u2019analyse et la d\u00e9tection de certaines substances.<\/p>\n<h2><span style=\"font-size: 14pt;\">Contr\u00f4le de la qualit\u00e9<\/span><\/h2>\n<p><span style=\"color: #0000ff;\"><a style=\"color: #0000ff;\" href=\"https:\/\/vimaterial.de\/fr\/controle-qualite\/\">Chaque lot<\/a><\/span> de produits garantit strictement la qualit\u00e9, de la s\u00e9lection des fournisseurs de mati\u00e8res premi\u00e8res \u00e0 l\u2019utilisation d\u2019\u00e9quipements de test avanc\u00e9s pour surveiller avec pr\u00e9cision l\u2019ensemble du processus de production, jusqu\u2019au produit fini \u00e0 travers de nombreuses s\u00e9ries d\u2019\u00e9chantillonnage rigoureux et de certification par une tierce partie faisant autorit\u00e9, jusqu\u2019\u00e0 un syst\u00e8me de contr\u00f4le de la qualit\u00e9 complet et \u00e0 tol\u00e9rance z\u00e9ro pour garantir que chaque lot de produits respecte et d\u00e9passe les normes \u00e9lev\u00e9es de l\u2019industrie. Fournir \u00e0 nos clients la meilleure qualit\u00e9 et les produits les plus stables.<\/p>\n<h2><span style=\"font-size: 14pt;\">Emballage et stockage<\/span><\/h2>\n<p>La poudre d\u2019hydrate de nitrate de thulium est emball\u00e9e dans un sac sous vide ou une bouteille sous vide dans un carton pour assurer un transport en toute s\u00e9curit\u00e9.<\/p>\n<p>La poudre d\u2019hydrate de nitrate de thulium doit \u00eatre stock\u00e9e dans un endroit frais, sec et bien ventil\u00e9, \u00e0 l\u2019abri des sources d\u2019inflammation, de la chaleur et des mat\u00e9riaux inflammables et combustibles, et doit \u00eatre maintenue scell\u00e9e pour l\u2019emp\u00eacher d\u2019absorber l\u2019humidit\u00e9 et de r\u00e9agir avec les composants en suspension dans l\u2019air.<\/p>\n","protected":false},"excerpt":{"rendered":"<p>La poudre d\u2019hydrate de nitrate de thulium est une poudre cristalline verd\u00e2tre facilement d\u00e9liquescente de formule chimique Tm (NO\u2083)\u2083\u30fb5H\u2082O, qui peut \u00eatre utilis\u00e9e dans la fabrication d\u2019interm\u00e9diaires compos\u00e9s de thulium, en tant que r\u00e9actif chimique, et dans la recherche scientifique et d\u2019autres domaines d\u2019application.<\/p>\n<p>VIMATERIAL fournit Tm(NO3)3\u00b7 Poudre 5H2O dans diverses sp\u00e9cifications et prend en charge le service de liaison cible. Nous acceptons la personnalisation des produits, <span style=\"color: #0000ff;\"><a style=\"color: #0000ff;\" href=\"https:\/\/vimaterial.de\/fr\/contact\/\">contactez-nous<\/a><\/span>.<\/p>\n","protected":false},"featured_media":1042560,"comment_status":"open","ping_status":"closed","template":"","meta":{"_acf_changed":false},"product_brand":[],"product_cat":[241],"product_tag":[],"class_list":{"0":"post-1028993","1":"product","2":"type-product","3":"status-publish","4":"has-post-thumbnail","6":"product_cat-materiaux-a-base-de-terres-rares","8":"first","9":"instock","10":"shipping-taxable","11":"purchasable","12":"product-type-variable"},"acf":[],"_links":{"self":[{"href":"https:\/\/vimaterial.de\/fr\/wp-json\/wp\/v2\/product\/1028993","targetHints":{"allow":["GET"]}}],"collection":[{"href":"https:\/\/vimaterial.de\/fr\/wp-json\/wp\/v2\/product"}],"about":[{"href":"https:\/\/vimaterial.de\/fr\/wp-json\/wp\/v2\/types\/product"}],"replies":[{"embeddable":true,"href":"https:\/\/vimaterial.de\/fr\/wp-json\/wp\/v2\/comments?post=1028993"}],"wp:featuredmedia":[{"embeddable":true,"href":"https:\/\/vimaterial.de\/fr\/wp-json\/wp\/v2\/media\/1042560"}],"wp:attachment":[{"href":"https:\/\/vimaterial.de\/fr\/wp-json\/wp\/v2\/media?parent=1028993"}],"wp:term":[{"taxonomy":"product_brand","embeddable":true,"href":"https:\/\/vimaterial.de\/fr\/wp-json\/wp\/v2\/product_brand?post=1028993"},{"taxonomy":"product_cat","embeddable":true,"href":"https:\/\/vimaterial.de\/fr\/wp-json\/wp\/v2\/product_cat?post=1028993"},{"taxonomy":"product_tag","embeddable":true,"href":"https:\/\/vimaterial.de\/fr\/wp-json\/wp\/v2\/product_tag?post=1028993"}],"curies":[{"name":"wp","href":"https:\/\/api.w.org\/{rel}","templated":true}]}}