{"id":1028964,"date":"2024-06-17T16:08:37","date_gmt":"2024-06-17T08:08:37","guid":{"rendered":"https:\/\/vimaterial.de\/product\/sulfure-de-samarium-2\/"},"modified":"2024-10-23T17:12:57","modified_gmt":"2024-10-23T09:12:57","slug":"sulfure-de-samarium-2","status":"publish","type":"product","link":"https:\/\/vimaterial.de\/fr\/product\/sulfure-de-samarium-2\/","title":{"rendered":"Sulfure de samarium"},"content":{"rendered":"<p>La poudre de sulfure de samarium est un sulfure de terres rares.<\/p>\n<h3>Informations de base :<\/h3>\n<p>Formule chimique : sm\u2082S\u2083, compos\u00e9 des \u00e9l\u00e9ments samarium (Sm) et soufre (S).<\/p>\n<p>N\u00b0 CAS : 12067-22-0.<\/p>\n<p>Poids mol\u00e9culaire : 396,915 g\/mol.<\/p>\n<p>Apparence : g\u00e9n\u00e9ralement une poudre cristalline brun rouge\u00e2tre.<\/p>\n<p>Densit\u00e9 : Densit\u00e9 relative 5,87 g\/cm\u00b3.<\/p>\n<p>Point de fusion : point de fusion \u00e9lev\u00e9, environ 1720\u00b0C.<\/p>\n<p>Structure cristalline : avec structure cristalline cubique.<\/p>\n<h3>Propri\u00e9t\u00e9s chimiques :<\/h3>\n<p>Stabilit\u00e9 : Stable \u00e0 temp\u00e9rature et pression ambiantes, mais commence \u00e0 s\u2019oxyder lorsqu\u2019il est chauff\u00e9 \u00e0 plus de 200\u00b0C.<\/p>\n<p>Solubilit\u00e9 : insoluble dans l\u2019eau, se d\u00e9compose dans l\u2019eau chaude et dilue l\u2019acide. Peut \u00eatre oxyd\u00e9 en oxydes par des agents oxydants tels que le peroxyde d\u2019hydrog\u00e8ne.<\/p>\n<h3>Domaines d\u2019application :<\/h3>\n<p>R\u00e9actifs analytiques : Le sulfure de samarium peut \u00eatre utilis\u00e9 dans les laboratoires pour l\u2019analyse chimique et d\u2019autres recherches connexes.<\/p>\n<p>Mat\u00e9riaux semi-conducteurs : En raison de ses propri\u00e9t\u00e9s semi-conductrices, il a un certain potentiel d\u2019application dans le domaine des semi-conducteurs et peut \u00eatre utilis\u00e9 dans la pr\u00e9paration de dispositifs semi-conducteurs connexes ou comme dopant pour les mat\u00e9riaux semi-conducteurs.<\/p>\n<p>Mat\u00e9riaux optiques : Dans le domaine de l\u2019optique, les mat\u00e9riaux \u00e0 base de sulfure de terres rares ont une transmittance \u00e9lev\u00e9e dans une large gamme de longueurs d\u2019onde (0,5 \u00e0 14 microns) et constituent un mat\u00e9riau de fen\u00eatre infrarouge potentiel.<\/p>\n<p>Mat\u00e9riaux de stockage d\u2019\u00e9nergie : dans le domaine de l\u2019\u00e9nergie, ils peuvent \u00eatre utilis\u00e9s comme mat\u00e9riaux d\u2019\u00e9lectrode de supercondensateur, etc., montrant une bonne capacit\u00e9 de stockage d\u2019\u00e9nergie.<\/p>\n","protected":false},"excerpt":{"rendered":"<p>La poudre de sulfure de samarium est un sulfure de terres rares.<\/p>\n<p>R\u00e9actifs analytiques : Le sulfure de samarium peut \u00eatre utilis\u00e9 dans les laboratoires pour l\u2019analyse chimique et d\u2019autres recherches connexes.<\/p>\n<p>Mat\u00e9riaux semi-conducteurs : En raison de ses propri\u00e9t\u00e9s semi-conductrices, il a un certain potentiel d\u2019application dans le domaine des semi-conducteurs et peut \u00eatre utilis\u00e9 dans la pr\u00e9paration de dispositifs semi-conducteurs connexes ou comme dopant pour les mat\u00e9riaux semi-conducteurs.<\/p>\n","protected":false},"featured_media":1034211,"comment_status":"open","ping_status":"closed","template":"","meta":{"_acf_changed":false},"product_brand":[],"product_cat":[236],"product_tag":[],"class_list":{"0":"post-1028964","1":"product","2":"type-product","3":"status-publish","4":"has-post-thumbnail","6":"product_cat-materiaux-devaporation","8":"first","9":"instock","10":"shipping-taxable","11":"product-type-variable"},"acf":[],"_links":{"self":[{"href":"https:\/\/vimaterial.de\/fr\/wp-json\/wp\/v2\/product\/1028964","targetHints":{"allow":["GET"]}}],"collection":[{"href":"https:\/\/vimaterial.de\/fr\/wp-json\/wp\/v2\/product"}],"about":[{"href":"https:\/\/vimaterial.de\/fr\/wp-json\/wp\/v2\/types\/product"}],"replies":[{"embeddable":true,"href":"https:\/\/vimaterial.de\/fr\/wp-json\/wp\/v2\/comments?post=1028964"}],"wp:featuredmedia":[{"embeddable":true,"href":"https:\/\/vimaterial.de\/fr\/wp-json\/wp\/v2\/media\/1034211"}],"wp:attachment":[{"href":"https:\/\/vimaterial.de\/fr\/wp-json\/wp\/v2\/media?parent=1028964"}],"wp:term":[{"taxonomy":"product_brand","embeddable":true,"href":"https:\/\/vimaterial.de\/fr\/wp-json\/wp\/v2\/product_brand?post=1028964"},{"taxonomy":"product_cat","embeddable":true,"href":"https:\/\/vimaterial.de\/fr\/wp-json\/wp\/v2\/product_cat?post=1028964"},{"taxonomy":"product_tag","embeddable":true,"href":"https:\/\/vimaterial.de\/fr\/wp-json\/wp\/v2\/product_tag?post=1028964"}],"curies":[{"name":"wp","href":"https:\/\/api.w.org\/{rel}","templated":true}]}}