{"id":1028957,"date":"2024-06-17T16:08:37","date_gmt":"2024-06-17T08:08:37","guid":{"rendered":"https:\/\/vimaterial.de\/product\/oxyde-de-samarium-4\/"},"modified":"2024-10-23T16:56:03","modified_gmt":"2024-10-23T08:56:03","slug":"oxyde-de-samarium-4","status":"publish","type":"product","link":"https:\/\/vimaterial.de\/fr\/product\/oxyde-de-samarium-4\/","title":{"rendered":"Oxyde de samarium"},"content":{"rendered":"<p>La cible d\u2019oxyde de samarium est un mat\u00e9riau important aux propri\u00e9t\u00e9s et applications multiples.<\/p>\n<h3>Informations de base :<\/h3>\n<p>Formule chimique : Sm\u2082O\u2083, compos\u00e9 des \u00e9l\u00e9ments samarium (Sm) et oxyg\u00e8ne (O).<\/p>\n<p>N\u00b0 CAS : 12060-58-1.<\/p>\n<p>Poids mol\u00e9culaire : 348,71800.<\/p>\n<p>Apparence\u00a0: g\u00e9n\u00e9ralement jaune clair solide.<\/p>\n<p>Densit\u00e9\u00a0: La densit\u00e9 relative est d\u2019environ 7.600 kg\/m\u00b3.<\/p>\n<p>Point de fusion : point de fusion \u00e9lev\u00e9, environ 2335\u00b0C.<\/p>\n<h3>Domaines d\u2019application :<\/h3>\n<p>Industrie des semi-conducteurs : Il peut \u00eatre utilis\u00e9 pour pr\u00e9parer des films minces dans des dispositifs \u00e0 semi-conducteurs, comme dans la fabrication de circuits int\u00e9gr\u00e9s, les films minces Sm\u2082O\u2083 peuvent \u00eatre utilis\u00e9s comme couches isolantes, couches barri\u00e8res, etc., pour am\u00e9liorer les performances et la fiabilit\u00e9 des dispositifs \u00e0 semi-conducteurs.<\/p>\n<p>Champ optique : En raison de ses propri\u00e9t\u00e9s optiques sp\u00e9ciales, il peut \u00eatre utilis\u00e9 dans la pr\u00e9paration de films optiques, tels que le film d\u2019am\u00e9lioration de la transmittance, le film r\u00e9fl\u00e9chissant, etc., qui sont appliqu\u00e9s aux lentilles optiques et aux instruments optiques.<\/p>\n<p>Champ magn\u00e9tique : Dans la pr\u00e9paration des mat\u00e9riaux magn\u00e9tiques, le Sm\u2082O\u2083 peut \u00eatre utilis\u00e9 comme additif ou dopant pour am\u00e9liorer les propri\u00e9t\u00e9s des mat\u00e9riaux magn\u00e9tiques. Par exemple, dans la pr\u00e9paration de mat\u00e9riaux magn\u00e9tiques permanents samarium-cobalt, l\u2019ajout de Sm\u2082O\u2083 peut am\u00e9liorer les propri\u00e9t\u00e9s magn\u00e9tiques et la stabilit\u00e9 des mat\u00e9riaux.<\/p>\n","protected":false},"excerpt":{"rendered":"<p>La cible d\u2019oxyde de samarium est un mat\u00e9riau important aux propri\u00e9t\u00e9s et applications multiples.<\/p>\n<p>Industrie des semi-conducteurs : Il peut \u00eatre utilis\u00e9 pour pr\u00e9parer des films minces dans des dispositifs \u00e0 semi-conducteurs, comme dans la fabrication de circuits int\u00e9gr\u00e9s, les films minces Sm\u2082O\u2083 peuvent \u00eatre utilis\u00e9s comme couches isolantes, couches barri\u00e8res, etc., pour am\u00e9liorer les performances et la fiabilit\u00e9 des dispositifs \u00e0 semi-conducteurs.<\/p>\n<p>Champ optique : En raison de ses propri\u00e9t\u00e9s optiques sp\u00e9ciales, il peut \u00eatre utilis\u00e9 dans la pr\u00e9paration de films optiques, tels que le film d\u2019am\u00e9lioration de la transmittance, le film r\u00e9fl\u00e9chissant, etc., qui sont appliqu\u00e9s aux lentilles optiques et aux instruments optiques.<\/p>\n<p>&nbsp;<\/p>\n","protected":false},"featured_media":1034206,"comment_status":"open","ping_status":"closed","template":"","meta":{"_acf_changed":false},"product_brand":[],"product_cat":[235],"product_tag":[],"class_list":{"0":"post-1028957","1":"product","2":"type-product","3":"status-publish","4":"has-post-thumbnail","6":"product_cat-cibles-de-pulverisation-planaire","8":"first","9":"instock","10":"shipping-taxable","11":"product-type-variable"},"acf":[],"_links":{"self":[{"href":"https:\/\/vimaterial.de\/fr\/wp-json\/wp\/v2\/product\/1028957","targetHints":{"allow":["GET"]}}],"collection":[{"href":"https:\/\/vimaterial.de\/fr\/wp-json\/wp\/v2\/product"}],"about":[{"href":"https:\/\/vimaterial.de\/fr\/wp-json\/wp\/v2\/types\/product"}],"replies":[{"embeddable":true,"href":"https:\/\/vimaterial.de\/fr\/wp-json\/wp\/v2\/comments?post=1028957"}],"wp:featuredmedia":[{"embeddable":true,"href":"https:\/\/vimaterial.de\/fr\/wp-json\/wp\/v2\/media\/1034206"}],"wp:attachment":[{"href":"https:\/\/vimaterial.de\/fr\/wp-json\/wp\/v2\/media?parent=1028957"}],"wp:term":[{"taxonomy":"product_brand","embeddable":true,"href":"https:\/\/vimaterial.de\/fr\/wp-json\/wp\/v2\/product_brand?post=1028957"},{"taxonomy":"product_cat","embeddable":true,"href":"https:\/\/vimaterial.de\/fr\/wp-json\/wp\/v2\/product_cat?post=1028957"},{"taxonomy":"product_tag","embeddable":true,"href":"https:\/\/vimaterial.de\/fr\/wp-json\/wp\/v2\/product_tag?post=1028957"}],"curies":[{"name":"wp","href":"https:\/\/api.w.org\/{rel}","templated":true}]}}