{"id":1028932,"date":"2024-06-17T16:16:19","date_gmt":"2024-06-17T08:16:19","guid":{"rendered":"https:\/\/vimaterial.de\/product\/oxyde-de-thulium-2\/"},"modified":"2025-03-11T13:55:13","modified_gmt":"2025-03-11T05:55:13","slug":"oxyde-de-thulium-2","status":"publish","type":"product","link":"https:\/\/vimaterial.de\/fr\/product\/oxyde-de-thulium-2\/","title":{"rendered":"Oxyde de thulium"},"content":{"rendered":"<p><span style=\"color: #0000ff;\"><a style=\"color: #0000ff;\" href=\"https:\/\/vimaterial.de\/fr\/product\/oxyde-de-thulium-3\/\">La poudre d\u2019oxyde de thulium<\/a><\/span> est une poudre d\u2019oxyde de terres rares blanc cass\u00e9, insoluble dans l\u2019eau, qui se dissout lentement dans les acides forts, change de couleur lorsqu\u2019elle est chauff\u00e9e et a une vari\u00e9t\u00e9 d\u2019applications.<\/p>\n<p>VIMATERIAL fournit de la poudre Tm2O3 dans diverses sp\u00e9cifications et prend en charge le service de liaison de cible. Nous acceptons la personnalisation des produits,<span style=\"color: #0000ff;\"><a style=\"color: #0000ff;\" href=\"https:\/\/vimaterial.de\/fr\/contact\/\"> contactez-nous.<\/a><\/span><\/p>\n<h2><span style=\"font-size: 14pt;\">Propri\u00e9t\u00e9s<\/span><\/h2>\n<p>Formule mol\u00e9culaire : Tm\u2082O\u2083<\/p>\n<p>Poids mol\u00e9culaire : 385,86<\/p>\n<p>Aspect : poudre blanc cass\u00e9<\/p>\n<p>Densit\u00e9 : 8,6 g\/cm\u00b3<\/p>\n<p>Point de fusion : 2425\u00b0C<\/p>\n<p>Structure cristalline : Syst\u00e8me cristallin cubique<\/p>\n<p>Solubilit\u00e9 : La poudre d\u2019oxyde de thulium est insoluble dans l\u2019eau et l\u2019acide froid, soluble dans l\u2019acide dilu\u00e9 chaud et l\u2019acide sulfurique chaud.<\/p>\n<h2><span style=\"font-size: 14pt;\">Applications<\/span><\/h2>\n<p>Mat\u00e9riaux \u00e9lectroniques : La poudre Tm\u2082O\u2083, en tant qu\u2019oxyde de terres rares important, est souvent utilis\u00e9e dans le domaine des mat\u00e9riaux \u00e9lectroniques pour fabriquer des composants \u00e9lectroniques haute performance, tels que dans les dispositifs semi-conducteurs pour am\u00e9liorer les propri\u00e9t\u00e9s \u00e9lectriques du mat\u00e9riau et am\u00e9liorer l\u2019efficacit\u00e9 et la stabilit\u00e9 des composants. Dans le domaine des mat\u00e9riaux \u00e9lectroniques, il est souvent utilis\u00e9 dans la fabrication de composants \u00e9lectroniques de haute performance.<\/p>\n<p>Champ optique\u00a0: Avec des propri\u00e9t\u00e9s optiques uniques, la poudre Tm\u2082O\u2083 est largement utilis\u00e9e dans le domaine optique, peut \u00eatre utilis\u00e9e dans la pr\u00e9paration de mat\u00e9riaux en verre et en c\u00e9ramique avec des propri\u00e9t\u00e9s optiques sp\u00e9ciales, utilis\u00e9e dans les amplificateurs \u00e0 fibre optique, les cristaux laser, etc., pour am\u00e9liorer consid\u00e9rablement la transmission et l\u2019efficacit\u00e9 de conversion du signal optique.<\/p>\n<p>Catalyseurs\u00a0: La poudre Tm\u2082O\u2083 montre un potentiel dans le domaine des catalyseurs, en tant que composant des catalyseurs ou des supports de catalyseurs, peut favoriser efficacement la r\u00e9action chimique, comme dans certaines r\u00e9actions de synth\u00e8se organique, peut am\u00e9liorer la vitesse de r\u00e9action et la s\u00e9lectivit\u00e9 du produit cible.<\/p>\n<p>Mat\u00e9riaux magn\u00e9tiques : La poudre Tm\u2082O\u2083 est utilis\u00e9e dans le domaine des mat\u00e9riaux magn\u00e9tiques en raison de son effet sur le magn\u00e9tisme. Lorsqu\u2019elle est ajout\u00e9e \u00e0 des alliages magn\u00e9tiques ou \u00e0 des composites, la poudre Tm\u2082O\u2083 est capable de r\u00e9guler les propri\u00e9t\u00e9s magn\u00e9tiques du mat\u00e9riau pour r\u00e9pondre aux besoins de diff\u00e9rents sc\u00e9narios d\u2019applications magn\u00e9tiques.<\/p>\n<h2><span style=\"font-size: 14pt;\">Contr\u00f4le de la qualit\u00e9<\/span><\/h2>\n<p><a href=\"https:\/\/vimaterial.de\/fr\/controle-qualite\/\"><span style=\"color: #0000ff;\">Chaque lot<\/span><\/a> de produits garantit strictement la qualit\u00e9, de la s\u00e9lection des fournisseurs de mati\u00e8res premi\u00e8res \u00e0 l\u2019utilisation d\u2019\u00e9quipements de test avanc\u00e9s pour surveiller avec pr\u00e9cision l\u2019ensemble du processus de production, jusqu\u2019au produit fini \u00e0 travers de nombreuses s\u00e9ries d\u2019\u00e9chantillonnage rigoureux et de certification par une tierce partie faisant autorit\u00e9, jusqu\u2019\u00e0 un syst\u00e8me de contr\u00f4le de la qualit\u00e9 complet et \u00e0 tol\u00e9rance z\u00e9ro pour garantir que chaque lot de produits respecte et d\u00e9passe les normes \u00e9lev\u00e9es de l\u2019industrie. Fournir \u00e0 nos clients la meilleure qualit\u00e9 et les produits les plus stables.<\/p>\n<h2><span style=\"font-size: 14pt;\">Emballage et stockage<\/span><\/h2>\n<p>La poudre d\u2019oxyde de thulium est emball\u00e9e dans un sac sous vide ou une bouteille sous vide dans un carton pour assurer un transport en toute s\u00e9curit\u00e9.<\/p>\n<p>La poudre d\u2019oxyde de thulium doit \u00eatre stock\u00e9e dans un environnement frais, sec et ventil\u00e9 dans des r\u00e9cipients scell\u00e9s prot\u00e9g\u00e9s contre les gaz inertes ou des sacs \u00e9tanches \u00e0 l\u2019humidit\u00e9, en \u00e9vitant tout contact avec l\u2019air, l\u2019humidit\u00e9 et les substances corrosives telles que les acides et les alcalis, ainsi qu\u2019\u00e0 l\u2019abri des sources de chaleur et d\u2019incendie.<\/p>\n","protected":false},"excerpt":{"rendered":"<p><span style=\"color: #0000ff;\"><a style=\"color: #0000ff;\" href=\"https:\/\/vimaterial.de\/fr\/product\/oxyde-de-thulium-3\/\">La poudre d\u2019oxyde de thulium<\/a><\/span> est une poudre d\u2019oxyde de terres rares blanc cass\u00e9, insoluble dans l\u2019eau, qui se dissout lentement dans les acides forts, change de couleur lorsqu\u2019elle est chauff\u00e9e et a une vari\u00e9t\u00e9 d\u2019applications.<\/p>\n<p>VIMATERIAL fournit de la poudre Tm2O3 dans diverses sp\u00e9cifications et prend en charge le service de liaison de cible. Nous acceptons la personnalisation des produits,<span style=\"color: #0000ff;\"><a style=\"color: #0000ff;\" href=\"https:\/\/vimaterial.de\/fr\/contact\/\"> contactez-nous.<\/a><\/span><\/p>\n<p>&nbsp;<\/p>\n<h2><\/h2>\n","protected":false},"featured_media":1034541,"comment_status":"open","ping_status":"closed","template":"","meta":{"_acf_changed":false},"product_brand":[],"product_cat":[241,243],"product_tag":[],"class_list":{"0":"post-1028932","1":"product","2":"type-product","3":"status-publish","4":"has-post-thumbnail","6":"product_cat-materiaux-a-base-de-terres-rares","7":"product_cat-materiaux-oxydes-hydroxydes","9":"first","10":"instock","11":"shipping-taxable","12":"purchasable","13":"product-type-variable"},"acf":[],"_links":{"self":[{"href":"https:\/\/vimaterial.de\/fr\/wp-json\/wp\/v2\/product\/1028932","targetHints":{"allow":["GET"]}}],"collection":[{"href":"https:\/\/vimaterial.de\/fr\/wp-json\/wp\/v2\/product"}],"about":[{"href":"https:\/\/vimaterial.de\/fr\/wp-json\/wp\/v2\/types\/product"}],"replies":[{"embeddable":true,"href":"https:\/\/vimaterial.de\/fr\/wp-json\/wp\/v2\/comments?post=1028932"}],"wp:featuredmedia":[{"embeddable":true,"href":"https:\/\/vimaterial.de\/fr\/wp-json\/wp\/v2\/media\/1034541"}],"wp:attachment":[{"href":"https:\/\/vimaterial.de\/fr\/wp-json\/wp\/v2\/media?parent=1028932"}],"wp:term":[{"taxonomy":"product_brand","embeddable":true,"href":"https:\/\/vimaterial.de\/fr\/wp-json\/wp\/v2\/product_brand?post=1028932"},{"taxonomy":"product_cat","embeddable":true,"href":"https:\/\/vimaterial.de\/fr\/wp-json\/wp\/v2\/product_cat?post=1028932"},{"taxonomy":"product_tag","embeddable":true,"href":"https:\/\/vimaterial.de\/fr\/wp-json\/wp\/v2\/product_tag?post=1028932"}],"curies":[{"name":"wp","href":"https:\/\/api.w.org\/{rel}","templated":true}]}}