{"id":1028907,"date":"2024-06-17T16:16:19","date_gmt":"2024-06-17T08:16:19","guid":{"rendered":"https:\/\/vimaterial.de\/product\/sulfure-de-thulium\/"},"modified":"2025-03-11T14:23:45","modified_gmt":"2025-03-11T06:23:45","slug":"sulfure-de-thulium","status":"publish","type":"product","link":"https:\/\/vimaterial.de\/fr\/product\/sulfure-de-thulium\/","title":{"rendered":"Sulfure de thulium"},"content":{"rendered":"<p>La poudre de sulfure de thulium est une poudre compos\u00e9e de thulium et d\u2019\u00e9l\u00e9ments soufr\u00e9s, g\u00e9n\u00e9ralement de couleur grise ou noire, avec une stabilit\u00e9 chimique \u00e9lev\u00e9e et des applications potentielles dans l\u2019optique, l\u2019\u00e9lectronique et d\u2019autres domaines.<\/p>\n<p>VIMATERIAL fournit de la poudre Tm2S3 dans diverses sp\u00e9cifications et prend en charge le service de liaison de cibles. Nous acceptons la personnalisation des produits,<span style=\"color: #0000ff;\"><a style=\"color: #0000ff;\" href=\"https:\/\/vimaterial.de\/fr\/contact\/\"> contactez-nous<\/a>.<\/span><\/p>\n<h2><span style=\"font-size: 14pt;\">Propri\u00e9t\u00e9s<\/span><\/h2>\n<p>Formule mol\u00e9culaire : Tm\u2082S\u2083<\/p>\n<p>Poids mol\u00e9culaire : 445,98<\/p>\n<p>Apparence\u00a0: poudre noire ou gris-noir<\/p>\n<p>Structure cristalline : Structure cristalline hexagonale<\/p>\n<h2><span style=\"font-size: 14pt;\">Application<\/span><\/h2>\n<p>Champ optique : en raison de sa structure \u00e9lectronique sp\u00e9ciale et de ses propri\u00e9t\u00e9s optiques, la poudre de sulfure de thulium a le potentiel d\u2019\u00eatre utilis\u00e9e dans les mat\u00e9riaux optiques.<\/p>\n<p>Mat\u00e9riaux \u00e9lectroniques : Dans les mat\u00e9riaux \u00e9lectroniques, la poudre de sulfure de thulium peut \u00eatre utilis\u00e9e comme additif potentiel pour les mat\u00e9riaux semi-conducteurs ou les composants \u00e9lectroniques, qui peuvent \u00eatre utilis\u00e9s pour am\u00e9liorer les performances des mat\u00e9riaux \u00e9lectroniques.<\/p>\n<p>Recherche scientifique : en tant que compos\u00e9 sp\u00e9cial, la poudre de sulfure de thulium a une valeur d\u2019application importante dans le domaine de la recherche scientifique, qui peut \u00eatre utilis\u00e9e pour \u00e9tudier les propri\u00e9t\u00e9s physiques et chimiques des mat\u00e9riaux et explorer de nouveaux syst\u00e8mes de mat\u00e9riaux.<\/p>\n<h2><span style=\"font-size: 14pt;\">Contr\u00f4le de la qualit\u00e9<\/span><\/h2>\n<p><span style=\"color: #0000ff;\"><a style=\"color: #0000ff;\" href=\"https:\/\/vimaterial.de\/fr\/controle-qualite\/\">Chaque lot<\/a><\/span> de produits garantit strictement la qualit\u00e9, de la s\u00e9lection des fournisseurs de mati\u00e8res premi\u00e8res \u00e0 l\u2019utilisation d\u2019\u00e9quipements de test avanc\u00e9s pour surveiller avec pr\u00e9cision l\u2019ensemble du processus de production, jusqu\u2019au produit fini \u00e0 travers de nombreuses s\u00e9ries d\u2019\u00e9chantillonnage rigoureux et de certification par une tierce partie faisant autorit\u00e9, jusqu\u2019\u00e0 un syst\u00e8me de contr\u00f4le de la qualit\u00e9 complet et \u00e0 tol\u00e9rance z\u00e9ro pour garantir que chaque lot de produits respecte et d\u00e9passe les normes \u00e9lev\u00e9es de l\u2019industrie. Fournir \u00e0 nos clients la meilleure qualit\u00e9 et les produits les plus stables.<\/p>\n<h2><span style=\"font-size: 14pt;\">Emballage et stockage<\/span><\/h2>\n<p>La poudre de sulfure de thulium est emball\u00e9e dans un sac sous vide ou une bouteille sous vide dans un carton pour assurer un transport en toute s\u00e9curit\u00e9.<\/p>\n<p>La poudre de sulfure de thulium doit \u00eatre stock\u00e9e dans un environnement sec, frais et bien ventil\u00e9, en utilisant un emballage de protection scell\u00e9 contre les gaz inertes ou un emballage sous vide pour l\u2019emp\u00eacher de r\u00e9agir avec l\u2019oxyg\u00e8ne et l\u2019humidit\u00e9 de l\u2019air, et en m\u00eame temps doit \u00eatre tenue \u00e0 l\u2019\u00e9cart des sources d\u2019inflammation, de chaleur et des substances oxydantes, pour \u00e9viter les vibrations, les chocs et la contamination.<\/p>\n","protected":false},"excerpt":{"rendered":"<p>La poudre de sulfure de thulium est une poudre compos\u00e9e de thulium et d\u2019\u00e9l\u00e9ments soufr\u00e9s, g\u00e9n\u00e9ralement de couleur grise ou noire, avec une stabilit\u00e9 chimique \u00e9lev\u00e9e et des applications potentielles dans l\u2019optique, l\u2019\u00e9lectronique et d\u2019autres domaines.<\/p>\n<p>VIMATERIAL fournit de la poudre Tm2S3 dans diverses sp\u00e9cifications et prend en charge le service de liaison de cibles. Nous acceptons la personnalisation des produits,<span style=\"color: #0000ff;\"><a style=\"color: #0000ff;\" href=\"https:\/\/vimaterial.de\/fr\/contact\/\"> contactez-nous<\/a>.<\/span><\/p>\n","protected":false},"featured_media":1034551,"comment_status":"open","ping_status":"closed","template":"","meta":{"_acf_changed":false},"product_brand":[],"product_cat":[241],"product_tag":[],"class_list":{"0":"post-1028907","1":"product","2":"type-product","3":"status-publish","4":"has-post-thumbnail","6":"product_cat-materiaux-a-base-de-terres-rares","8":"first","9":"instock","10":"shipping-taxable","11":"purchasable","12":"product-type-variable"},"acf":[],"_links":{"self":[{"href":"https:\/\/vimaterial.de\/fr\/wp-json\/wp\/v2\/product\/1028907","targetHints":{"allow":["GET"]}}],"collection":[{"href":"https:\/\/vimaterial.de\/fr\/wp-json\/wp\/v2\/product"}],"about":[{"href":"https:\/\/vimaterial.de\/fr\/wp-json\/wp\/v2\/types\/product"}],"replies":[{"embeddable":true,"href":"https:\/\/vimaterial.de\/fr\/wp-json\/wp\/v2\/comments?post=1028907"}],"wp:featuredmedia":[{"embeddable":true,"href":"https:\/\/vimaterial.de\/fr\/wp-json\/wp\/v2\/media\/1034551"}],"wp:attachment":[{"href":"https:\/\/vimaterial.de\/fr\/wp-json\/wp\/v2\/media?parent=1028907"}],"wp:term":[{"taxonomy":"product_brand","embeddable":true,"href":"https:\/\/vimaterial.de\/fr\/wp-json\/wp\/v2\/product_brand?post=1028907"},{"taxonomy":"product_cat","embeddable":true,"href":"https:\/\/vimaterial.de\/fr\/wp-json\/wp\/v2\/product_cat?post=1028907"},{"taxonomy":"product_tag","embeddable":true,"href":"https:\/\/vimaterial.de\/fr\/wp-json\/wp\/v2\/product_tag?post=1028907"}],"curies":[{"name":"wp","href":"https:\/\/api.w.org\/{rel}","templated":true}]}}