{"id":1028900,"date":"2024-06-17T16:16:19","date_gmt":"2024-06-17T08:16:19","guid":{"rendered":"https:\/\/vimaterial.de\/product\/oxyde-de-thulium\/"},"modified":"2025-03-11T14:07:53","modified_gmt":"2025-03-11T06:07:53","slug":"oxyde-de-thulium","status":"publish","type":"product","link":"https:\/\/vimaterial.de\/fr\/product\/oxyde-de-thulium\/","title":{"rendered":"Oxyde de thulium"},"content":{"rendered":"<p><span style=\"color: #0000ff;\"><a style=\"color: #0000ff;\" href=\"https:\/\/vimaterial.de\/fr\/product\/oxyde-de-thulium-3\/\">La cible de pulv\u00e9risation d\u2019oxyde de thulium<\/a><\/span> est un mat\u00e9riau cl\u00e9 utilis\u00e9 dans la pulv\u00e9risation magn\u00e9tron et d\u2019autres processus de rev\u00eatement. Il est fabriqu\u00e9 \u00e0 partir d\u2019oxyde de thulium de haute puret\u00e9 et peut \u00eatre utilis\u00e9 pour d\u00e9poser des films minces contenant du thulium sur des substrats, qui sont utilis\u00e9s dans de nombreux domaines de haute technologie tels que les semi-conducteurs, l\u2019optique.<\/p>\n<p>VIMATERIAL fournit une cible de pulv\u00e9risation Tm2O3 dans diverses sp\u00e9cifications et prend en charge le service de liaison de cible. Nous acceptons la personnalisation des produits, <span style=\"color: #0000ff;\"><a style=\"color: #0000ff;\" href=\"https:\/\/vimaterial.de\/fr\/contact\/\">contactez-nous<\/a><\/span>.<\/p>\n<h2><span style=\"font-size: 14pt;\">Propri\u00e9t\u00e9s<\/span><\/h2>\n<p>Formule mol\u00e9culaire : Tm\u2082O\u2083<\/p>\n<p>Poids mol\u00e9culaire : 385,86<\/p>\n<p>Aspect : cible blanche ou jaune clair<\/p>\n<p>Densit\u00e9 : 8,6 g\/cm\u00b3<\/p>\n<p>Point de fusion : 2425\u00b0C<\/p>\n<p>Structure cristalline : Syst\u00e8me cristallin cubique<\/p>\n<h2><span style=\"font-size: 14pt;\">Applications<\/span><\/h2>\n<p>Rev\u00eatement optique : Les cibles de pulv\u00e9risation d\u2019oxyde de thulium peuvent \u00eatre utilis\u00e9es pour pr\u00e9parer une vari\u00e9t\u00e9 de films optiques, tels que des films d\u2019am\u00e9lioration de la transmittance, des films r\u00e9fl\u00e9chissants et des films filtrants. Ces films peuvent \u00eatre appliqu\u00e9s sur des lentilles optiques, des verres de lunettes, des instruments optiques et d\u2019autres \u00e9quipements pour am\u00e9liorer les performances des composants optiques.<\/p>\n<p>Affichage \u00e0 \u00e9cran plat : Il peut \u00eatre utilis\u00e9 dans la fabrication d\u2019\u00e9crans plats, tels que les \u00e9crans \u00e0 cristaux liquides (LCD), les diodes \u00e9lectroluminescentes organiques (OLED), etc. Dans ces \u00e9crans, les couches minces d\u2019oxyde de thulium peuvent \u00eatre utilis\u00e9es comme mat\u00e9riaux d\u2019\u00e9lectrode, mat\u00e9riaux \u00e9lectroluminescents, etc. pour am\u00e9liorer les performances d\u2019affichage et la dur\u00e9e de vie des \u00e9crans.<\/p>\n<p>Biom\u00e9dical : Dans le domaine biom\u00e9dical, les cibles de pulv\u00e9risation d\u2019oxyde de thulium peuvent \u00eatre utilis\u00e9es pour la pr\u00e9paration de biocapteurs, de mat\u00e9riaux d\u2019implantation m\u00e9dicale, etc.<\/p>\n<h2><span style=\"font-size: 14pt;\">Contr\u00f4le de la qualit\u00e9<\/span><\/h2>\n<p><span style=\"color: #0000ff;\"><a style=\"color: #0000ff;\" href=\"https:\/\/vimaterial.de\/fr\/controle-qualite\/\">Chaque lot<\/a><\/span> de produits garantit strictement la qualit\u00e9, de la s\u00e9lection des fournisseurs de mati\u00e8res premi\u00e8res \u00e0 l\u2019utilisation d\u2019\u00e9quipements de test avanc\u00e9s pour surveiller avec pr\u00e9cision l\u2019ensemble du processus de production, jusqu\u2019au produit fini \u00e0 travers de nombreuses s\u00e9ries d\u2019\u00e9chantillonnage rigoureux et de certification par une tierce partie faisant autorit\u00e9, jusqu\u2019\u00e0 un syst\u00e8me de contr\u00f4le de la qualit\u00e9 complet et \u00e0 tol\u00e9rance z\u00e9ro pour garantir que chaque lot de produits respecte et d\u00e9passe les normes \u00e9lev\u00e9es de l\u2019industrie. Fournir \u00e0 nos clients la meilleure qualit\u00e9 et les produits les plus stables.<\/p>\n<h2><span style=\"font-size: 14pt;\">Emballage et stockage<\/span><\/h2>\n<p>La cible de pulv\u00e9risation \u00e0 l\u2019oxyde de thulium est emball\u00e9e apr\u00e8s un double ensachage sous vide et emball\u00e9e dans un carton ext\u00e9rieur pour assurer la s\u00e9curit\u00e9 du transport.<\/p>\n<p>Les cibles de pulv\u00e9risation d\u2019oxyde de thulium doivent \u00eatre stock\u00e9es dans un environnement sec, propre et adapt\u00e9 \u00e0 la temp\u00e9rature, scell\u00e9es dans des emballages sous vide ou des sacs ziplock, en \u00e9vitant tout contact avec l\u2019air, l\u2019humidit\u00e9, les solvants organiques et les produits chimiques corrosifs, et en pr\u00e9venant les dommages m\u00e9caniques tels que les collisions et l\u2019extrusion.<\/p>\n","protected":false},"excerpt":{"rendered":"<p><span style=\"color: #0000ff;\"><a style=\"color: #0000ff;\" href=\"https:\/\/vimaterial.de\/fr\/product\/oxyde-de-thulium-3\/\">La cible de pulv\u00e9risation d\u2019oxyde de thulium<\/a><\/span> est un mat\u00e9riau cl\u00e9 utilis\u00e9 dans la pulv\u00e9risation magn\u00e9tron et d\u2019autres processus de rev\u00eatement. Il est fabriqu\u00e9 \u00e0 partir d\u2019oxyde de thulium de haute puret\u00e9 et peut \u00eatre utilis\u00e9 pour d\u00e9poser des films minces contenant du thulium sur des substrats, qui sont utilis\u00e9s dans de nombreux domaines de haute technologie tels que les semi-conducteurs, l\u2019optique.<\/p>\n<p>VIMATERIAL fournit une cible de pulv\u00e9risation Tm2O3 dans diverses sp\u00e9cifications et prend en charge le service de liaison de cible. Nous acceptons la personnalisation des produits, <span style=\"color: #0000ff;\"><a style=\"color: #0000ff;\" href=\"https:\/\/vimaterial.de\/fr\/contact\/\">contactez-nous<\/a><\/span>.<\/p>\n<h2><\/h2>\n","protected":false},"featured_media":1034546,"comment_status":"open","ping_status":"closed","template":"","meta":{"_acf_changed":false},"product_brand":[],"product_cat":[235],"product_tag":[],"class_list":{"0":"post-1028900","1":"product","2":"type-product","3":"status-publish","4":"has-post-thumbnail","6":"product_cat-cibles-de-pulverisation-planaire","8":"first","9":"instock","10":"shipping-taxable","11":"product-type-variable"},"acf":[],"_links":{"self":[{"href":"https:\/\/vimaterial.de\/fr\/wp-json\/wp\/v2\/product\/1028900","targetHints":{"allow":["GET"]}}],"collection":[{"href":"https:\/\/vimaterial.de\/fr\/wp-json\/wp\/v2\/product"}],"about":[{"href":"https:\/\/vimaterial.de\/fr\/wp-json\/wp\/v2\/types\/product"}],"replies":[{"embeddable":true,"href":"https:\/\/vimaterial.de\/fr\/wp-json\/wp\/v2\/comments?post=1028900"}],"wp:featuredmedia":[{"embeddable":true,"href":"https:\/\/vimaterial.de\/fr\/wp-json\/wp\/v2\/media\/1034546"}],"wp:attachment":[{"href":"https:\/\/vimaterial.de\/fr\/wp-json\/wp\/v2\/media?parent=1028900"}],"wp:term":[{"taxonomy":"product_brand","embeddable":true,"href":"https:\/\/vimaterial.de\/fr\/wp-json\/wp\/v2\/product_brand?post=1028900"},{"taxonomy":"product_cat","embeddable":true,"href":"https:\/\/vimaterial.de\/fr\/wp-json\/wp\/v2\/product_cat?post=1028900"},{"taxonomy":"product_tag","embeddable":true,"href":"https:\/\/vimaterial.de\/fr\/wp-json\/wp\/v2\/product_tag?post=1028900"}],"curies":[{"name":"wp","href":"https:\/\/api.w.org\/{rel}","templated":true}]}}