{"id":1028891,"date":"2024-06-17T16:19:47","date_gmt":"2024-06-17T08:19:47","guid":{"rendered":"https:\/\/vimaterial.de\/product\/borure-de-thulium\/"},"modified":"2025-03-11T11:30:40","modified_gmt":"2025-03-11T03:30:40","slug":"chlorure-de-thulium-2","status":"publish","type":"product","link":"https:\/\/vimaterial.de\/fr\/product\/chlorure-de-thulium-2\/","title":{"rendered":"Chlorure de thulium"},"content":{"rendered":"<p>La poudre de chlorure de thulium est une poudre de borure de m\u00e9tal de terre rare compos\u00e9e d\u2019\u00e9l\u00e9ments de bore et de thulium, qui ont une certaine duret\u00e9, un point de fusion \u00e9lev\u00e9 et d\u2019autres caract\u00e9ristiques, et une application dans le domaine de la science des mat\u00e9riaux, de l\u2019\u00e9lectronique.<\/p>\n<p>VIMATERIAL fournit de la poudre TmB6 dans diverses sp\u00e9cifications et prend en charge le service de liaison de cible. Nous acceptons la personnalisation des produits, <span style=\"color: #0000ff;\"><a style=\"color: #0000ff;\" href=\"https:\/\/vimaterial.de\/fr\/contact\/\">contactez-nous.<\/a><\/span><\/p>\n<h2><span style=\"font-size: 14pt;\">Propri\u00e9t\u00e9s<\/span><\/h2>\n<p>Formule mol\u00e9culaire : TmB\u2086<\/p>\n<p>Poids mol\u00e9culaire : environ 227,73<\/p>\n<p>Apparence\u00a0: Poudre noire ou gris-noir<\/p>\n<p>Structure cristalline : TmB\u2086 a une structure cristalline hexagonale, dans laquelle les atomes de thulium et les atomes de bore sont dispos\u00e9s de mani\u00e8re sp\u00e9cifique, les atomes de bore formant une r\u00e9ticulation hexagonale et les atomes de thulium interagissant avec les atomes de bore \u00e0 des positions sp\u00e9cifiques.<\/p>\n<p>Stabilit\u00e9 : \u00e0 temp\u00e9rature et pression ambiantes, la poudre de chlorure de thulium a une bonne stabilit\u00e9 chimique et ne r\u00e9agit pas facilement avec l\u2019oxyg\u00e8ne et l\u2019humidit\u00e9 de l\u2019air. Cependant, dans des conditions sp\u00e9ciales telles qu\u2019une temp\u00e9rature \u00e9lev\u00e9e, un oxydant fort ou un acide et un alcalin forts, une r\u00e9action chimique peut se produire.<\/p>\n<h2><span style=\"font-size: 14pt;\">Applications<\/span><\/h2>\n<p>Mat\u00e9riaux de rev\u00eatement r\u00e9sistants \u00e0 l\u2019usure : Les rev\u00eatements r\u00e9sistants \u00e0 l\u2019usure peuvent \u00eatre pr\u00e9par\u00e9s en tant que mat\u00e9riau additif et rev\u00eatus sur des surfaces m\u00e9talliques ou c\u00e9ramiques pour am\u00e9liorer leur r\u00e9sistance \u00e0 l\u2019usure et \u00e0 la corrosion.<\/p>\n<p>Mat\u00e9riaux \u00e9metteurs d\u2019\u00e9lectrons : dans les dispositifs \u00e9metteurs d\u2019\u00e9lectrons, la poudre de borure de thulium peut \u00eatre utilis\u00e9e comme mat\u00e9riau de cathode pour \u00e9mettre des \u00e9lectrons de mani\u00e8re stable \u00e0 haute temp\u00e9rature en profitant de son fort pouvoir d\u2019\u00e9chappement d\u2019\u00e9lectrons et de sa bonne stabilit\u00e9 thermique.<\/p>\n<p>Mat\u00e9riaux semi-conducteurs : Bien que le chlorure de thulium ne soit pas un mat\u00e9riau semi-conducteur typique, il peut \u00eatre utilis\u00e9 comme dopant ou mat\u00e9riau auxiliaire pour am\u00e9liorer les performances des semi-conducteurs dans certains devices.cy de semi-conducteurs sp\u00e9ciaux.<\/p>\n<h2><span style=\"font-size: 14pt;\">Contr\u00f4le de la qualit\u00e9<\/span><\/h2>\n<p><span style=\"color: #0000ff;\"><a style=\"color: #0000ff;\" href=\"https:\/\/vimaterial.de\/fr\/controle-qualite\/\">Chaque lot<\/a><\/span> de produits garantit strictement la qualit\u00e9, de la s\u00e9lection des fournisseurs de mati\u00e8res premi\u00e8res \u00e0 l\u2019utilisation d\u2019\u00e9quipements de test avanc\u00e9s pour surveiller avec pr\u00e9cision l\u2019ensemble du processus de production, jusqu\u2019au produit fini \u00e0 travers de nombreuses s\u00e9ries d\u2019\u00e9chantillonnage rigoureux et de certification par une tierce partie faisant autorit\u00e9, jusqu\u2019\u00e0 un syst\u00e8me de contr\u00f4le de la qualit\u00e9 complet et \u00e0 tol\u00e9rance z\u00e9ro pour garantir que chaque lot de produits respecte et d\u00e9passe les normes \u00e9lev\u00e9es de l\u2019industrie. Fournir \u00e0 nos clients la meilleure qualit\u00e9 et les produits les plus stables.<\/p>\n<h2><span style=\"font-size: 14pt;\">Emballage et stockage<\/span><\/h2>\n<p>La poudre de chlorure de thulium est emball\u00e9e dans un sac sous vide ou une bouteille sous vide dans un carton pour assurer un transport en toute s\u00e9curit\u00e9.<\/p>\n<p>La poudre de chlorure de thulium doit \u00eatre stock\u00e9e dans un environnement sec, frais et ventil\u00e9, scell\u00e9e sous vide ou dans un r\u00e9cipient rempli de gaz inerte tel que l\u2019argon pour l\u2019emp\u00eacher de r\u00e9agir avec l\u2019oxyg\u00e8ne et l\u2019humidit\u00e9 de l\u2019air, et pour \u00e9viter tout contact avec des acides, des alcalis et des agents oxydants puissants.<\/p>\n","protected":false},"excerpt":{"rendered":"<p>La poudre de chlorure de thulium est une poudre de borure de m\u00e9tal de terre rare compos\u00e9e d\u2019\u00e9l\u00e9ments de bore et de thulium, qui ont une certaine duret\u00e9, un point de fusion \u00e9lev\u00e9 et d\u2019autres caract\u00e9ristiques, et une application dans le domaine de la science des mat\u00e9riaux, de l\u2019\u00e9lectronique.<\/p>\n<p>VIMATERIAL fournit de la poudre TmB6 dans diverses sp\u00e9cifications et prend en charge le service de liaison de cible. Nous acceptons la personnalisation des produits, <span style=\"color: #0000ff;\"><a style=\"color: #0000ff;\" href=\"https:\/\/vimaterial.de\/fr\/contact\/\">contactez-nous.<\/a><\/span><\/p>\n<p>&nbsp;<\/p>\n<p>&nbsp;<\/p>\n","protected":false},"featured_media":1034556,"comment_status":"open","ping_status":"closed","template":"","meta":{"_acf_changed":false},"product_brand":[],"product_cat":[241,240],"product_tag":[],"class_list":{"0":"post-1028891","1":"product","2":"type-product","3":"status-publish","4":"has-post-thumbnail","6":"product_cat-materiaux-a-base-de-terres-rares","7":"product_cat-materiaux-c-n-b-si","9":"first","10":"instock","11":"shipping-taxable","12":"product-type-variable"},"acf":[],"_links":{"self":[{"href":"https:\/\/vimaterial.de\/fr\/wp-json\/wp\/v2\/product\/1028891","targetHints":{"allow":["GET"]}}],"collection":[{"href":"https:\/\/vimaterial.de\/fr\/wp-json\/wp\/v2\/product"}],"about":[{"href":"https:\/\/vimaterial.de\/fr\/wp-json\/wp\/v2\/types\/product"}],"replies":[{"embeddable":true,"href":"https:\/\/vimaterial.de\/fr\/wp-json\/wp\/v2\/comments?post=1028891"}],"wp:featuredmedia":[{"embeddable":true,"href":"https:\/\/vimaterial.de\/fr\/wp-json\/wp\/v2\/media\/1034556"}],"wp:attachment":[{"href":"https:\/\/vimaterial.de\/fr\/wp-json\/wp\/v2\/media?parent=1028891"}],"wp:term":[{"taxonomy":"product_brand","embeddable":true,"href":"https:\/\/vimaterial.de\/fr\/wp-json\/wp\/v2\/product_brand?post=1028891"},{"taxonomy":"product_cat","embeddable":true,"href":"https:\/\/vimaterial.de\/fr\/wp-json\/wp\/v2\/product_cat?post=1028891"},{"taxonomy":"product_tag","embeddable":true,"href":"https:\/\/vimaterial.de\/fr\/wp-json\/wp\/v2\/product_tag?post=1028891"}],"curies":[{"name":"wp","href":"https:\/\/api.w.org\/{rel}","templated":true}]}}