{"id":1028887,"date":"2024-06-17T16:19:47","date_gmt":"2024-06-17T08:19:47","guid":{"rendered":"https:\/\/vimaterial.de\/product\/sulfate-de-thulium-hydrate\/"},"modified":"2025-03-11T11:08:23","modified_gmt":"2025-03-11T03:08:23","slug":"hydrate-de-sulfate-de-thulium","status":"publish","type":"product","link":"https:\/\/vimaterial.de\/fr\/product\/hydrate-de-sulfate-de-thulium\/","title":{"rendered":"Sulfate de thulium hydrat\u00e9"},"content":{"rendered":"<p>La poudre d&#8217;hydrate de sulfate de thulium est une poudre de sulfate de m\u00e9tal de terre rare qui est g\u00e9n\u00e9ralement de couleur vert clair, a de l\u2019eau de cristallisation, est hygroscopique et peut \u00eatre utilis\u00e9e comme une application potentielle dans les mat\u00e9riaux optiques, les catalyseurs et d\u2019autres domaines.<\/p>\n<p>VIMATERIAL fournit Tm2(SO4)3\u00b7\u00a0 xH2O Poudre dans diverses sp\u00e9cifications et prend en charge le service de liaison cible. Nous acceptons la personnalisation des produits, <span style=\"color: #0000ff;\"><a style=\"color: #0000ff;\" href=\"https:\/\/vimaterial.de\/fr\/contact\/\">contactez-nous<\/a><\/span>.<\/p>\n<h2><span style=\"font-size: 14pt;\">Propri\u00e9t\u00e9s<\/span><\/h2>\n<p>Formule mol\u00e9culaire : Tm2(SO4)3\u00b7 xH2O<\/p>\n<p>Apparence\u00a0: Cristal vert clair<\/p>\n<p>Solubilit\u00e9\u00a0: La poudre hydrat\u00e9e de sulfate de thulium est soluble dans l\u2019eau, mod\u00e9r\u00e9ment soluble dans les acides inorganiques forts, par exemple, dans une grande quantit\u00e9 d\u2019eau peut \u00eatre dissoute pour former une solution aqueuse correspondante, mais dans les solvants organiques, la solubilit\u00e9 est faible.<\/p>\n<p>Hygroscopicit\u00e9\u00a0: hygroscopique, absorbant facilement l\u2019humidit\u00e9 de l\u2019air, il doit donc \u00eatre stock\u00e9 dans un environnement sec.<\/p>\n<p>Stabilit\u00e9 : La poudre hydrat\u00e9e de sulfate de thulium est relativement stable \u00e0 temp\u00e9rature et pression ambiantes, mais le contact avec des agents oxydants puissants doit \u00eatre \u00e9vit\u00e9 pour \u00e9viter les r\u00e9actions redox affectant sa stabilit\u00e9.<\/p>\n<h2><span style=\"font-size: 14pt;\">Candidatures<\/span><\/h2>\n<p>Recherche scientifique : En tant que compos\u00e9 de m\u00e9taux de terres rares, la poudre hydrat\u00e9e de sulfate de thulium est souvent utilis\u00e9e dans les exp\u00e9riences de recherche scientifique et constitue un objet de recherche important, qui peut \u00eatre utilis\u00e9 pour explorer les propri\u00e9t\u00e9s physiques et chimiques des m\u00e9taux de terres rares ainsi que le m\u00e9canisme de r\u00e9action chimique associ\u00e9.<\/p>\n<p>Recherche biochimique : En tant que r\u00e9actif sp\u00e9cial dans la recherche biochimique, la poudre hydrat\u00e9e de sulfate de thulium est utilis\u00e9e pour analyser certaines mol\u00e9cules biologiques ou des changements de mat\u00e9riaux dans les processus biologiques, fournissant un certain soutien technique \u00e0 la recherche en sciences de la vie.<\/p>\n<p>Champ catalytique : Il peut avoir un effet catalytique dans certaines r\u00e9actions chimiques. Bien que la recherche et l\u2019application connexes soient encore au stade de l\u2019exploration, en tant que compos\u00e9 m\u00e9tallique de terres rares, il a une certaine valeur d\u2019application potentielle dans le domaine de la catalyse.<\/p>\n<h2><span style=\"font-size: 14pt;\">Contr\u00f4le de la qualit\u00e9<\/span><\/h2>\n<p><span style=\"color: #0000ff;\"><a style=\"color: #0000ff;\" href=\"https:\/\/vimaterial.de\/fr\/controle-qualite\/\">Chaque lot<\/a><\/span> de produits garantit strictement la qualit\u00e9, de la s\u00e9lection des fournisseurs de mati\u00e8res premi\u00e8res \u00e0 l\u2019utilisation d\u2019\u00e9quipements de test avanc\u00e9s pour surveiller avec pr\u00e9cision l\u2019ensemble du processus de production, jusqu\u2019au produit fini \u00e0 travers de nombreuses s\u00e9ries d\u2019\u00e9chantillonnage rigoureux et de certification par une tierce partie faisant autorit\u00e9, jusqu\u2019\u00e0 un syst\u00e8me de contr\u00f4le de la qualit\u00e9 complet et \u00e0 tol\u00e9rance z\u00e9ro pour garantir que chaque lot de produits respecte et d\u00e9passe les normes \u00e9lev\u00e9es de l\u2019industrie. Fournir \u00e0 nos clients la meilleure qualit\u00e9 et les produits les plus stables.<\/p>\n<h2><span style=\"font-size: 14pt;\">Emballage et stockage<\/span><\/h2>\n<p>La poudre d&#8217;hydrate de sulfate de thulium est emball\u00e9e dans un sac sous vide ou une bouteille sous vide dans un carton pour assurer un transport en toute s\u00e9curit\u00e9.<\/p>\n<p>La poudre de sulfate de thulium hydrat\u00e9 doit \u00eatre stock\u00e9e dans un environnement sec, \u00e0 basse temp\u00e9rature, bien ventil\u00e9, herm\u00e9tiquement ferm\u00e9e dans des r\u00e9cipients \u00e9tanches \u00e0 l\u2019humidit\u00e9, en \u00e9vitant tout contact avec des agents oxydants puissants, des acides forts, des bases fortes, etc., pour \u00e9viter sa d\u00e9t\u00e9rioration due \u00e0 l\u2019humidit\u00e9 et aux r\u00e9actions chimiques.<\/p>\n","protected":false},"excerpt":{"rendered":"<p>La poudre d&#8217;hydrate de sulfate de thulium est une poudre de sulfate de m\u00e9tal de terre rare qui est g\u00e9n\u00e9ralement de couleur vert clair, a de l\u2019eau de cristallisation, est hygroscopique et peut \u00eatre utilis\u00e9e comme une application potentielle dans les mat\u00e9riaux optiques, les catalyseurs et d\u2019autres domaines.<\/p>\n<p>VIMATERIAL fournit Tm2(SO4)3\u00b7\u00a0 xH2O Poudre dans diverses sp\u00e9cifications et prend en charge le service de liaison cible. Nous acceptons la personnalisation des produits, <span style=\"color: #0000ff;\"><a style=\"color: #0000ff;\" href=\"https:\/\/vimaterial.de\/fr\/contact\/\">contactez-nous<\/a><\/span>.<\/p>\n","protected":false},"featured_media":1038311,"comment_status":"open","ping_status":"closed","template":"","meta":{"_acf_changed":false},"product_brand":[],"product_cat":[241],"product_tag":[],"class_list":{"0":"post-1028887","1":"product","2":"type-product","3":"status-publish","4":"has-post-thumbnail","6":"product_cat-materiaux-a-base-de-terres-rares","8":"first","9":"instock","10":"shipping-taxable","11":"purchasable","12":"product-type-variable"},"acf":[],"_links":{"self":[{"href":"https:\/\/vimaterial.de\/fr\/wp-json\/wp\/v2\/product\/1028887","targetHints":{"allow":["GET"]}}],"collection":[{"href":"https:\/\/vimaterial.de\/fr\/wp-json\/wp\/v2\/product"}],"about":[{"href":"https:\/\/vimaterial.de\/fr\/wp-json\/wp\/v2\/types\/product"}],"replies":[{"embeddable":true,"href":"https:\/\/vimaterial.de\/fr\/wp-json\/wp\/v2\/comments?post=1028887"}],"wp:featuredmedia":[{"embeddable":true,"href":"https:\/\/vimaterial.de\/fr\/wp-json\/wp\/v2\/media\/1038311"}],"wp:attachment":[{"href":"https:\/\/vimaterial.de\/fr\/wp-json\/wp\/v2\/media?parent=1028887"}],"wp:term":[{"taxonomy":"product_brand","embeddable":true,"href":"https:\/\/vimaterial.de\/fr\/wp-json\/wp\/v2\/product_brand?post=1028887"},{"taxonomy":"product_cat","embeddable":true,"href":"https:\/\/vimaterial.de\/fr\/wp-json\/wp\/v2\/product_cat?post=1028887"},{"taxonomy":"product_tag","embeddable":true,"href":"https:\/\/vimaterial.de\/fr\/wp-json\/wp\/v2\/product_tag?post=1028887"}],"curies":[{"name":"wp","href":"https:\/\/api.w.org\/{rel}","templated":true}]}}