{"id":1028869,"date":"2024-06-17T16:19:47","date_gmt":"2024-06-17T08:19:47","guid":{"rendered":"https:\/\/vimaterial.de\/product\/chlorure-de-thulium\/"},"modified":"2025-03-11T13:27:51","modified_gmt":"2025-03-11T05:27:51","slug":"chlorure-de-thulium","status":"publish","type":"product","link":"https:\/\/vimaterial.de\/fr\/product\/chlorure-de-thulium\/","title":{"rendered":"Chlorure de thulium"},"content":{"rendered":"<p>La poudre de chlorure de thulium est un chlorure de m\u00e9tal de terre rare avec un aspect cristallin g\u00e9n\u00e9ralement vert, hygroscopique, soluble dans l\u2019eau et des applications dans la c\u00e9ramique, le verre, les phosphores, les lasers et les amplificateurs \u00e0 fibre optique.<\/p>\n<p>VIMATERIAL fournit de la poudre TmCl3 dans diverses sp\u00e9cifications et prend en charge le service de liaison de cible. Nous acceptons la personnalisation des produits, <span style=\"color: #0000ff;\"><a style=\"color: #0000ff;\" href=\"https:\/\/vimaterial.de\/fr\/contact\/\">contactez-nous<\/a><\/span>.<\/p>\n<h2><span style=\"font-size: 14pt;\">Propri\u00e9t\u00e9s<\/span><\/h2>\n<p>Formule mol\u00e9culaire : TmCl\u2083<\/p>\n<p>Poids mol\u00e9culaire : 275,29<\/p>\n<p>Apparence\u00a0: poudre vert clair ou blanche<\/p>\n<p>Densit\u00e9 : 3,98 g\/cm\u00b3<\/p>\n<p>Point de fusion : 821\u00b0C<\/p>\n<p>Point d\u2019\u00e9bullition : 1488\u00b0C<\/p>\n<p>Structure cristalline : Le chlorure de thulium (TmCl\u2083) a g\u00e9n\u00e9ralement une structure cristalline hexagonale, dans laquelle les ions thulium (Tm\u00b3\u207a) et les ions chlorure (Cl-) forment un r\u00e9seau cristallin dans un arrangement g\u00e9om\u00e9trique sp\u00e9cifique.<\/p>\n<h2><span style=\"font-size: 14pt;\">Applications<\/span><\/h2>\n<p>Synth\u00e8se de mat\u00e9riaux : En tant que pr\u00e9curseur de la synth\u00e8se d\u2019autres compos\u00e9s contenant du thulium. En r\u00e9agissant avec d\u2019autres compos\u00e9s, il est possible de pr\u00e9parer une vari\u00e9t\u00e9 de mat\u00e9riaux \u00e0 base de thulium avec des structures et des propri\u00e9t\u00e9s sp\u00e9cifiques, qui ont un large \u00e9ventail d\u2019applications dans l\u2019optique, l\u2019\u00e9lectronique et d\u2019autres domaines.<\/p>\n<p>Catalyse\u00a0: La poudre de chlorure de thulium a le potentiel de participer \u00e0 certaines r\u00e9actions chimiques en tant que catalyseur ou pr\u00e9curseur de catalyseur. Bien que l\u2019application du chlorure de thulium dans la catalyse soit encore au stade de la recherche, la structure \u00e9lectronique particuli\u00e8re des \u00e9l\u00e9ments de terres rares le rend potentiellement pr\u00e9cieux dans les r\u00e9actions catalytiques.<\/p>\n<p>Champ optique : La poudre de chlorure de thulium est dop\u00e9e en certains mat\u00e9riaux pour le d\u00e9veloppement de lasers et d\u2019amplificateurs optiques. Dans des domaines tels que la technologie laser et les communications optiques, o\u00f9 les propri\u00e9t\u00e9s optiques des mat\u00e9riaux sont soumises \u00e0 des exigences \u00e9lev\u00e9es, le dopage au chlorure de thulium peut am\u00e9liorer les propri\u00e9t\u00e9s optiques des mat\u00e9riaux et am\u00e9liorer les performances des lasers et des amplificateurs optiques.<\/p>\n<p>Imagerie m\u00e9dicale : Les mat\u00e9riaux dop\u00e9s au thulium ont \u00e9galement \u00e9t\u00e9 explor\u00e9s pour des applications d\u2019imagerie m\u00e9dicale, telles que l\u2019imagerie optique et la spectroscopie, o\u00f9 ils peuvent \u00eatre utilis\u00e9s comme agents de contraste ou sondes d\u2019imagerie pour aider au diagnostic m\u00e9dical.<\/p>\n<h2><span style=\"font-size: 14pt;\">Contr\u00f4le de la qualit\u00e9<\/span><\/h2>\n<p><span style=\"color: #0000ff;\"><a style=\"color: #0000ff;\" href=\"https:\/\/vimaterial.de\/fr\/controle-qualite\/\">Chaque lot <\/a><\/span>de produits garantit strictement la qualit\u00e9, de la s\u00e9lection des fournisseurs de mati\u00e8res premi\u00e8res \u00e0 l\u2019utilisation d\u2019\u00e9quipements de test avanc\u00e9s pour surveiller avec pr\u00e9cision l\u2019ensemble du processus de production, jusqu\u2019au produit fini \u00e0 travers de nombreuses s\u00e9ries d\u2019\u00e9chantillonnage rigoureux et de certification par une tierce partie faisant autorit\u00e9, jusqu\u2019\u00e0 un syst\u00e8me de contr\u00f4le de la qualit\u00e9 complet et \u00e0 tol\u00e9rance z\u00e9ro pour garantir que chaque lot de produits respecte et d\u00e9passe les normes \u00e9lev\u00e9es de l\u2019industrie. Fournir \u00e0 nos clients la meilleure qualit\u00e9 et les produits les plus stables.<\/p>\n<h2><span style=\"font-size: 14pt;\">Emballage et stockage<\/span><\/h2>\n<p>La poudre de chlorure de thulium est emball\u00e9e dans un sac sous vide ou une bouteille sous vide dans un carton pour assurer un transport en toute s\u00e9curit\u00e9.<\/p>\n<div class=\"message-box-content-wrapper-fgNGpz\">\n<div class=\"message-content message-box-content-xoCEoU receive-message-box-content-bNaFpa samantha-message-box-content-gWlptz\" data-testid=\"message_content\">\n<div class=\"container-ZYIsnH flow-markdown-body theme-samantha-Nbr9UN\" dir=\"ltr\" data-testid=\"message_text_content\" data-show-indicator=\"false\"><\/div>\n<\/div>\n<\/div>\n<div class=\"answer-action-bar-wEWc6C bottom-action-bar-wrapper-qtqrci large-space-b582O0 answer-action-bar\" data-testid=\"message_action_bar\">\n<div class=\"container-seCXVJ container-TRt1mF bottom-action-bar-iUQiGg\" data-message-action-bar=\"1\">\n<div class=\"left-Qpwvoi\">\n<div class=\"bp5-overflow-list container-LFxhPL align-start-B2LgK_ inner-TjQIQn\">La poudre de chlorure de thulium doit \u00eatre stock\u00e9e dans un environnement sec, frais et ventil\u00e9, scell\u00e9e dans des r\u00e9cipients \u00e9tanches \u00e0 l\u2019humidit\u00e9, \u00e0 l\u2019abri de l\u2019eau et de l\u2019humidit\u00e9, en \u00e9vitant tout contact avec des acides, des alcalis et des substances r\u00e9ductrices fortes pour emp\u00eacher l\u2019absorption et la d\u00e9t\u00e9rioration de l\u2019humidit\u00e9 et d\u2019autres r\u00e9actions chimiques.<\/div>\n<\/div>\n<\/div>\n<\/div>\n","protected":false},"excerpt":{"rendered":"<p>La poudre de chlorure de thulium est un chlorure de m\u00e9tal de terre rare avec un aspect cristallin g\u00e9n\u00e9ralement vert, hygroscopique, soluble dans l\u2019eau et des applications dans la c\u00e9ramique, le verre, les phosphores, les lasers et les amplificateurs \u00e0 fibre optique.<\/p>\n<p>VIMATERIAL fournit de la poudre TmCl3 dans diverses sp\u00e9cifications et prend en charge le service de liaison de cible. Nous acceptons la personnalisation des produits, <span style=\"color: #0000ff;\"><a style=\"color: #0000ff;\" href=\"https:\/\/vimaterial.de\/fr\/contact\/\">contactez-nous<\/a><\/span>.<\/p>\n","protected":false},"featured_media":1034561,"comment_status":"open","ping_status":"closed","template":"","meta":{"_acf_changed":false},"product_brand":[],"product_cat":[241],"product_tag":[],"class_list":{"0":"post-1028869","1":"product","2":"type-product","3":"status-publish","4":"has-post-thumbnail","6":"product_cat-materiaux-a-base-de-terres-rares","8":"first","9":"instock","10":"shipping-taxable","11":"purchasable","12":"product-type-variable"},"acf":[],"_links":{"self":[{"href":"https:\/\/vimaterial.de\/fr\/wp-json\/wp\/v2\/product\/1028869","targetHints":{"allow":["GET"]}}],"collection":[{"href":"https:\/\/vimaterial.de\/fr\/wp-json\/wp\/v2\/product"}],"about":[{"href":"https:\/\/vimaterial.de\/fr\/wp-json\/wp\/v2\/types\/product"}],"replies":[{"embeddable":true,"href":"https:\/\/vimaterial.de\/fr\/wp-json\/wp\/v2\/comments?post=1028869"}],"wp:featuredmedia":[{"embeddable":true,"href":"https:\/\/vimaterial.de\/fr\/wp-json\/wp\/v2\/media\/1034561"}],"wp:attachment":[{"href":"https:\/\/vimaterial.de\/fr\/wp-json\/wp\/v2\/media?parent=1028869"}],"wp:term":[{"taxonomy":"product_brand","embeddable":true,"href":"https:\/\/vimaterial.de\/fr\/wp-json\/wp\/v2\/product_brand?post=1028869"},{"taxonomy":"product_cat","embeddable":true,"href":"https:\/\/vimaterial.de\/fr\/wp-json\/wp\/v2\/product_cat?post=1028869"},{"taxonomy":"product_tag","embeddable":true,"href":"https:\/\/vimaterial.de\/fr\/wp-json\/wp\/v2\/product_tag?post=1028869"}],"curies":[{"name":"wp","href":"https:\/\/api.w.org\/{rel}","templated":true}]}}