{"id":1028837,"date":"2024-06-17T16:19:48","date_gmt":"2024-06-17T08:19:48","guid":{"rendered":"https:\/\/vimaterial.de\/product\/phosphate-de-thulium\/"},"modified":"2025-03-11T10:32:28","modified_gmt":"2025-03-11T02:32:28","slug":"phosphate-de-thulium","status":"publish","type":"product","link":"https:\/\/vimaterial.de\/fr\/product\/phosphate-de-thulium\/","title":{"rendered":"Thulium Phosphate"},"content":{"rendered":"<p>La poudre de phosphate de thulium est une poudre de compos\u00e9 de phosphate de terres rares d\u2019aspect blanc, qui pr\u00e9sente une certaine stabilit\u00e9 chimique, une structure cristalline sp\u00e9cifique et des propri\u00e9t\u00e9s optiques, et a une valeur d\u2019application dans les mat\u00e9riaux optiques, les mat\u00e9riaux fluorescents et certains appareils \u00e9lectroniques haut de gamme.<\/p>\n<p>VIMATERIAL fournit TmPO4 powder dans diverses sp\u00e9cifications et prend en charge le service de liaison de cibles. Nous acceptons la personnalisation des produits, <span style=\"color: #0000ff;\"><a style=\"color: #0000ff;\" href=\"https:\/\/vimaterial.de\/fr\/contact\/\">contactez-nous.<\/a><\/span><\/p>\n<h2><span style=\"font-size: 14pt;\">Propri\u00e9t\u00e9s<\/span><\/h2>\n<p>Formule mol\u00e9culaire : TmPO\u2084<\/p>\n<p>Poids mol\u00e9culaire : 283,85<\/p>\n<p>Apparence\u00a0: Poudre blanche<\/p>\n<p>Structure cristalline : structure monazite, groupe d\u2019espace P2\u2081\/n, les param\u00e8tres cellulaires ont une plage sp\u00e9cifique de valeurs, dans laquelle les ions Tm\u00b3\u207a et les ions PO\u2084\u00b3- sont dispos\u00e9s dans le r\u00e9seau selon un certain motif, formant une structure cristalline plus stable.<\/p>\n<h2>Applications<\/h2>\n<p>Science des mat\u00e9riaux : Il peut \u00eatre utilis\u00e9 comme additif pour am\u00e9liorer les propri\u00e9t\u00e9s des mat\u00e9riaux telles que la duret\u00e9, la r\u00e9sistance \u00e0 l\u2019abrasion et la r\u00e9sistance aux hautes temp\u00e9ratures. L\u2019ajout de poudre de phosphate de thulium \u00e0 certains mat\u00e9riaux c\u00e9ramiques peut am\u00e9liorer les propri\u00e9t\u00e9s m\u00e9caniques et la stabilit\u00e9 thermique des c\u00e9ramiques.<\/p>\n<p>Dispositifs \u00e9lectroniques : peuvent avoir certaines applications dans la fabrication de composants \u00e9lectroniques, tels que les mat\u00e9riaux d\u2019\u00e9mission \u00e9lectronique ou pour la pr\u00e9paration de dispositifs semi-conducteurs ayant des propri\u00e9t\u00e9s sp\u00e9cifiques.<\/p>\n<p>Champ optique\u00a0: Il a une certaine influence sur les propri\u00e9t\u00e9s optiques et peut \u00eatre utilis\u00e9 dans la fabrication de verre optique, de film optique, etc. pour ajuster l\u2019indice de r\u00e9fraction et la transmission des mat\u00e9riaux optiques.<\/p>\n<h2><span style=\"font-size: 14pt;\">Contr\u00f4le de la qualit\u00e9<\/span><\/h2>\n<p><span style=\"color: #0000ff;\"><a style=\"color: #0000ff;\" href=\"https:\/\/vimaterial.de\/fr\/controle-qualite\/\">Chaque lot<\/a><\/span> de produits garantit strictement la qualit\u00e9, de la s\u00e9lection des fournisseurs de mati\u00e8res premi\u00e8res \u00e0 l\u2019utilisation d\u2019\u00e9quipements de test avanc\u00e9s pour surveiller avec pr\u00e9cision l\u2019ensemble du processus de production, jusqu\u2019au produit fini \u00e0 travers de nombreuses s\u00e9ries d\u2019\u00e9chantillonnage rigoureux et de certification par une tierce partie faisant autorit\u00e9, jusqu\u2019\u00e0 un syst\u00e8me de contr\u00f4le de la qualit\u00e9 complet et \u00e0 tol\u00e9rance z\u00e9ro pour garantir que chaque lot de produits respecte et d\u00e9passe les normes \u00e9lev\u00e9es de l\u2019industrie. Fournir \u00e0 nos clients la meilleure qualit\u00e9 et les produits les plus stables.<\/p>\n<h2><span style=\"font-size: 14pt;\">Emballage et stockage<\/span><\/h2>\n<p>La poudre de phosphate de thulium est emball\u00e9e dans un sac sous vide ou une bouteille sous vide dans un carton pour assurer un transport en toute s\u00e9curit\u00e9.<\/p>\n<p>La poudre de phosphate de thulium doit \u00eatre stock\u00e9e dans un environnement sec et propre, \u00e0 une temp\u00e9rature appropri\u00e9e et sans gaz corrosifs. Il doit \u00eatre scell\u00e9 et stock\u00e9 dans des sacs \u00e9tanches \u00e0 l\u2019humidit\u00e9 pour \u00e9viter qu\u2019il ne r\u00e9agisse avec l\u2019humidit\u00e9, le dioxyde de carbone et d\u2019autres substances dans l\u2019air, et pour \u00e9viter tout contact avec des agents oxydants forts, des acides forts, des bases fortes et d\u2019autres substances.<\/p>\n","protected":false},"excerpt":{"rendered":"<p>La poudre de phosphate de thulium est une poudre de compos\u00e9 de phosphate de terres rares d\u2019aspect blanc, qui pr\u00e9sente une certaine stabilit\u00e9 chimique, une structure cristalline sp\u00e9cifique et des propri\u00e9t\u00e9s optiques, et a une valeur d\u2019application dans les mat\u00e9riaux optiques, les mat\u00e9riaux fluorescents et certains appareils \u00e9lectroniques haut de gamme.<\/p>\n<p>VIMATERIAL fournit TmPO4 powder dans diverses sp\u00e9cifications et prend en charge le service de liaison de cibles. Nous acceptons la personnalisation des produits, <span style=\"color: #0000ff;\"><a style=\"color: #0000ff;\" href=\"https:\/\/vimaterial.de\/fr\/contact\/\">contactez-nous.<\/a><\/span><\/p>\n<p>&nbsp;<\/p>\n<p>&nbsp;<\/p>\n<p>&nbsp;<\/p>\n","protected":false},"featured_media":1034581,"comment_status":"open","ping_status":"closed","template":"","meta":{"_acf_changed":false},"product_brand":[],"product_cat":[166],"product_tag":[],"class_list":{"0":"post-1028837","1":"product","2":"type-product","3":"status-publish","4":"has-post-thumbnail","6":"product_cat-uncategorized-fr","8":"first","9":"instock","10":"shipping-taxable","11":"product-type-variable"},"acf":[],"_links":{"self":[{"href":"https:\/\/vimaterial.de\/fr\/wp-json\/wp\/v2\/product\/1028837","targetHints":{"allow":["GET"]}}],"collection":[{"href":"https:\/\/vimaterial.de\/fr\/wp-json\/wp\/v2\/product"}],"about":[{"href":"https:\/\/vimaterial.de\/fr\/wp-json\/wp\/v2\/types\/product"}],"replies":[{"embeddable":true,"href":"https:\/\/vimaterial.de\/fr\/wp-json\/wp\/v2\/comments?post=1028837"}],"wp:featuredmedia":[{"embeddable":true,"href":"https:\/\/vimaterial.de\/fr\/wp-json\/wp\/v2\/media\/1034581"}],"wp:attachment":[{"href":"https:\/\/vimaterial.de\/fr\/wp-json\/wp\/v2\/media?parent=1028837"}],"wp:term":[{"taxonomy":"product_brand","embeddable":true,"href":"https:\/\/vimaterial.de\/fr\/wp-json\/wp\/v2\/product_brand?post=1028837"},{"taxonomy":"product_cat","embeddable":true,"href":"https:\/\/vimaterial.de\/fr\/wp-json\/wp\/v2\/product_cat?post=1028837"},{"taxonomy":"product_tag","embeddable":true,"href":"https:\/\/vimaterial.de\/fr\/wp-json\/wp\/v2\/product_tag?post=1028837"}],"curies":[{"name":"wp","href":"https:\/\/api.w.org\/{rel}","templated":true}]}}