{"id":1028818,"date":"2024-06-17T16:19:48","date_gmt":"2024-06-17T08:19:48","guid":{"rendered":"https:\/\/vimaterial.de\/product\/ytterbium-metal\/"},"modified":"2025-03-11T10:50:55","modified_gmt":"2025-03-11T02:50:55","slug":"ytterbium-metal","status":"publish","type":"product","link":"https:\/\/vimaterial.de\/fr\/product\/ytterbium-metal\/","title":{"rendered":"Ytterbium m\u00e9tal"},"content":{"rendered":"<p><span style=\"color: #0000ff;\"><a style=\"color: #0000ff;\" href=\"https:\/\/vimaterial.de\/fr\/product\/ytterbium-metal-3\/\">Les granul\u00e9s d&#8217;ytterbium<\/a><\/span> sont un mat\u00e9riau granulaire gris argent\u00e9 avec un \u00e9clat m\u00e9tallique, une texture douce, une bonne ductilit\u00e9 et conductivit\u00e9, les propri\u00e9t\u00e9s chimiques sont plus actives, dans l\u2019\u00e9lectronique, l\u2019optique, les mat\u00e9riaux magn\u00e9tiques et les alliages de terres rares et d\u2019autres domaines ont des applications importantes.<\/p>\n<p>VIMATERIAL fournit des granul\u00e9s d\u2019Yb dans diff\u00e9rentes sp\u00e9cifications et prend en charge le service de liaison de cibles. Nous acceptons la personnalisation des produits, <span style=\"color: #0000ff;\"><a style=\"color: #0000ff;\" href=\"https:\/\/vimaterial.de\/fr\/contact\/\">contactez-nous.<\/a><\/span><\/p>\n<h2><span style=\"font-size: 14pt;\">Propri\u00e9t\u00e9s<\/span><\/h2>\n<p>Formule mol\u00e9culaire : Yb<\/p>\n<p>Poids mol\u00e9culaire : 173,04<\/p>\n<p>Apparence\u00a0: granule gris argent\u00e9 ou blanc argent\u00e9<\/p>\n<p>Densit\u00e9 : 6,979 g\/cm\u00b3(\u03b1), 6,54 g\/cm\u00b3(\u03b2)<\/p>\n<p>Point de fusion : 824\u00b0C<\/p>\n<p>Point d\u2019\u00e9bullition : 1196\u00b0C<\/p>\n<p>Structure cristalline : Il existe deux structures cristallines : \u03b1 type est un syst\u00e8me de cristaux cubiques centr\u00e9s sur la face (temp\u00e9rature ambiante &#8211; 798 \u00b0C), \u03b2 type est cubique centr\u00e9 sur le corps (sup\u00e9rieur \u00e0 798 \u00b0C)<\/p>\n<h2><span style=\"font-size: 14pt;\">Application<\/span><\/h2>\n<p>Technologie laser\u00a0: L\u2019ytterbium m\u00e9tal est largement utilis\u00e9 dans les applications laser en raison de sa structure de niveau d\u2019\u00e9nergie sp\u00e9cifique. Par exemple, en tant que dopant dans les lasers \u00e0 fibre et les amplificateurs de haute puissance, il peut augmenter consid\u00e9rablement la puissance de sortie et l\u2019efficacit\u00e9 du laser.<\/p>\n<p>Mat\u00e9riaux optiques : en tant que dopant dans le verre, l\u2019optique laser et les fibres optiques, il peut am\u00e9liorer les propri\u00e9t\u00e9s optiques du mat\u00e9riau, telles que l\u2019augmentation de l\u2019indice de r\u00e9fraction, la r\u00e9duction de la perte optique, etc., et joue un r\u00f4le important dans les communications optiques et la d\u00e9tection optique.<\/p>\n<p>Dispositifs \u00e9lectroniques : peuvent \u00eatre utilis\u00e9s dans la fabrication de composants \u00e9lectroniques, tels que dans les dispositifs semi-conducteurs en tant que dopage d\u2019impuret\u00e9s, afin d\u2019ajuster les propri\u00e9t\u00e9s \u00e9lectriques des semi-conducteurs, d\u2019am\u00e9liorer leur conductivit\u00e9 \u00e9lectrique, leur mobilit\u00e9 des porteurs, etc.<\/p>\n<p>Modification de la surface du mat\u00e9riau\u00a0: ajout\u00e9 \u00e0 certains mat\u00e9riaux, peut am\u00e9liorer la duret\u00e9, la r\u00e9sistance \u00e0 l\u2019usure et la r\u00e9sistance \u00e0 la corrosion du mat\u00e9riau, etc., peut \u00eatre utilis\u00e9 pour les mat\u00e9riaux m\u00e9talliques, les mat\u00e9riaux c\u00e9ramiques, etc., le rev\u00eatement de surface, pour prolonger la dur\u00e9e de vie du mat\u00e9riau.<\/p>\n<h2><span style=\"font-size: 14pt;\">Contr\u00f4le de la qualit\u00e9<\/span><\/h2>\n<p><a href=\"https:\/\/vimaterial.de\/fr\/controle-qualite\/\"><span style=\"color: #0000ff;\">Chaque lot<\/span><\/a> de produits garantit strictement la qualit\u00e9, de la s\u00e9lection des fournisseurs de mati\u00e8res premi\u00e8res \u00e0 l\u2019utilisation d\u2019\u00e9quipements de test avanc\u00e9s pour surveiller avec pr\u00e9cision l\u2019ensemble du processus de production, jusqu\u2019au produit fini \u00e0 travers de nombreuses s\u00e9ries d\u2019\u00e9chantillonnage rigoureux et de certification par une tierce partie faisant autorit\u00e9, jusqu\u2019\u00e0 un syst\u00e8me de contr\u00f4le de la qualit\u00e9 complet et \u00e0 tol\u00e9rance z\u00e9ro pour garantir que chaque lot de produits respecte et d\u00e9passe les normes \u00e9lev\u00e9es de l\u2019industrie. Fournir \u00e0 nos clients la meilleure qualit\u00e9 et les produits les plus stables.<\/p>\n<h2><span style=\"font-size: 14pt;\">Emballage et stockage<\/span><\/h2>\n<p>Les granul\u00e9s m\u00e9talliques d\u2019ytterbium sont emball\u00e9s dans un sac sous vide ou une bouteille sous vide dans un carton pour assurer un transport en toute s\u00e9curit\u00e9.<\/p>\n<p>Les granul\u00e9s d\u2019ytterbium m\u00e9tal doivent \u00eatre stock\u00e9s dans un environnement sec, frais et bien ventil\u00e9, scell\u00e9s sous vide ou dans un r\u00e9cipient rempli de gaz inerte (comme l\u2019argon) pour \u00e9viter ses r\u00e9actions chimiques telles que l\u2019oxydation avec l\u2019oxyg\u00e8ne et l\u2019humidit\u00e9 de l\u2019air, et en m\u00eame temps pour \u00e9viter le contact avec des substances corrosives telles que les acides, les alcalis et les agents oxydants forts, et tenir \u00e0 l\u2019\u00e9cart des sources de feu et de chaleur.<\/p>\n","protected":false},"excerpt":{"rendered":"<p><span style=\"color: #0000ff;\"><a style=\"color: #0000ff;\" href=\"https:\/\/vimaterial.de\/fr\/product\/ytterbium-metal-3\/\">Les granul\u00e9s d&#8217;ytterbium<\/a><\/span> sont un mat\u00e9riau granulaire gris argent\u00e9 avec un \u00e9clat m\u00e9tallique, une texture douce, une bonne ductilit\u00e9 et conductivit\u00e9, les propri\u00e9t\u00e9s chimiques sont plus actives, dans l\u2019\u00e9lectronique, l\u2019optique, les mat\u00e9riaux magn\u00e9tiques et les alliages de terres rares et d\u2019autres domaines ont des applications importantes.<\/p>\n<p>VIMATERIAL fournit des granul\u00e9s d\u2019Yb dans diff\u00e9rentes sp\u00e9cifications et prend en charge le service de liaison de cibles. Nous acceptons la personnalisation des produits, <span style=\"color: #0000ff;\"><a style=\"color: #0000ff;\" href=\"https:\/\/vimaterial.de\/fr\/contact\/\">contactez-nous.<\/a><\/span><\/p>\n<p>&nbsp;<\/p>\n<p>&nbsp;<\/p>\n","protected":false},"featured_media":1034586,"comment_status":"open","ping_status":"closed","template":"","meta":{"_acf_changed":false},"product_brand":[],"product_cat":[241,236],"product_tag":[],"class_list":{"0":"post-1028818","1":"product","2":"type-product","3":"status-publish","4":"has-post-thumbnail","6":"product_cat-materiaux-a-base-de-terres-rares","7":"product_cat-materiaux-devaporation","9":"first","10":"instock","11":"shipping-taxable","12":"product-type-variable"},"acf":[],"_links":{"self":[{"href":"https:\/\/vimaterial.de\/fr\/wp-json\/wp\/v2\/product\/1028818","targetHints":{"allow":["GET"]}}],"collection":[{"href":"https:\/\/vimaterial.de\/fr\/wp-json\/wp\/v2\/product"}],"about":[{"href":"https:\/\/vimaterial.de\/fr\/wp-json\/wp\/v2\/types\/product"}],"replies":[{"embeddable":true,"href":"https:\/\/vimaterial.de\/fr\/wp-json\/wp\/v2\/comments?post=1028818"}],"wp:featuredmedia":[{"embeddable":true,"href":"https:\/\/vimaterial.de\/fr\/wp-json\/wp\/v2\/media\/1034586"}],"wp:attachment":[{"href":"https:\/\/vimaterial.de\/fr\/wp-json\/wp\/v2\/media?parent=1028818"}],"wp:term":[{"taxonomy":"product_brand","embeddable":true,"href":"https:\/\/vimaterial.de\/fr\/wp-json\/wp\/v2\/product_brand?post=1028818"},{"taxonomy":"product_cat","embeddable":true,"href":"https:\/\/vimaterial.de\/fr\/wp-json\/wp\/v2\/product_cat?post=1028818"},{"taxonomy":"product_tag","embeddable":true,"href":"https:\/\/vimaterial.de\/fr\/wp-json\/wp\/v2\/product_tag?post=1028818"}],"curies":[{"name":"wp","href":"https:\/\/api.w.org\/{rel}","templated":true}]}}