{"id":1028794,"date":"2024-06-17T16:19:49","date_gmt":"2024-06-17T08:19:49","guid":{"rendered":"https:\/\/vimaterial.de\/product\/nitrate-dytterbium\/"},"modified":"2025-03-10T15:06:27","modified_gmt":"2025-03-10T07:06:27","slug":"nitrate-dytterbium","status":"publish","type":"product","link":"https:\/\/vimaterial.de\/fr\/product\/nitrate-dytterbium\/","title":{"rendered":"Nitrate d\u2019ytterbium"},"content":{"rendered":"<p>La poudre de nitrate d&#8217;ytterbium est une sorte de poudre cristalline soluble dans l\u2019eau, d\u00e9liquescente blanche ou incolore contenant l\u2019\u00e9l\u00e9ment de terre rare ytterbium, qui est principalement utilis\u00e9 dans la pr\u00e9paration de mat\u00e9riaux optiques, le dopage des terres rares, la catalyse et la recherche scientifique et d\u2019autres domaines.<\/p>\n<p>VIMATERIAL fournit de la poudre de nitrate d\u2019ytterbium dans diverses sp\u00e9cifications et prend en charge le service de liaison de cible. Nous acceptons la personnalisation des produits, <span style=\"color: #0000ff;\"><a style=\"color: #0000ff;\" href=\"https:\/\/vimaterial.de\/fr\/contact\/\">contactez-nous.<\/a><\/span><\/p>\n<h2>Propri\u00e9t\u00e9s<\/h2>\n<p>Formule mol\u00e9culaire : Yb(NO\u2083)\u2083<\/p>\n<p>Poids mol\u00e9culaire : environ 339,04<\/p>\n<p>Aspect : poudre cristalline blanche ou incolore<\/p>\n<p>Structure cristalline : La structure cristalline ionique, compos\u00e9e de Yb\u00b3\u207a et NO\u2083- li\u00e9s par liaison ionique, NO\u2083- est de forme triangulaire plane et Yb\u00b3\u207a peut \u00eatre entour\u00e9 de plusieurs NO\u2083- dans une certaine coordination de configuration spatiale<\/p>\n<h2><span style=\"font-size: 14pt;\">Applications<\/span><\/h2>\n<p>Mat\u00e9riaux optiques : La poudre d\u2019Yb anhydre (NO\u2083)\u2083 est une mati\u00e8re premi\u00e8re cl\u00e9 pour la fabrication de verre et de cristaux optiques haute performance, qui peuvent conf\u00e9rer au mat\u00e9riau d\u2019excellentes caract\u00e9ristiques d\u2019absorption et d\u2019\u00e9mission de lumi\u00e8re, et est utilis\u00e9e dans les dispositifs laser et les filtres optiques.<\/p>\n<p>\u00c9lectronique : Dans la production de semi-conducteurs et de c\u00e9ramiques \u00e9lectroniques, la poudre anhydre d\u2019Yb (NO\u2083)\u2083 peut optimiser les propri\u00e9t\u00e9s \u00e9lectriques du mat\u00e9riau et am\u00e9liorer la stabilit\u00e9 et l\u2019efficacit\u00e9 des composants \u00e9lectroniques, qui sont utilis\u00e9s dans les circuits int\u00e9gr\u00e9s, les capteurs et d\u2019autres produits.<\/p>\n<p>Champ catalytique : En tant que composant catalytique, la poudre anhydre d\u2019Yb (NO\u2083)\u2083 peut favoriser efficacement la r\u00e9action de synth\u00e8se organique, am\u00e9liorer la vitesse de r\u00e9action et la s\u00e9lectivit\u00e9, et aider au d\u00e9veloppement des industries pharmaceutiques et de chimie fine.<\/p>\n<p>Mat\u00e9riaux magn\u00e9tiques : Impliqu\u00e9 dans la pr\u00e9paration de nouveaux mat\u00e9riaux permanents et magn\u00e9tiques doux \u00e0 base de terres rares, l\u2019\u00e9l\u00e9ment ytterbium contenu dans la poudre anhydre d\u2019Yb (NO\u2083)\u2083 peut r\u00e9guler les propri\u00e9t\u00e9s magn\u00e9tiques des mat\u00e9riaux, pour r\u00e9pondre aux besoins des moteurs \u00e9lectriques, des dispositifs de stockage magn\u00e9tique, etc.<\/p>\n<h2><span style=\"font-size: 14pt;\">Contr\u00f4le de la qualit\u00e9<\/span><\/h2>\n<p><span style=\"color: #0000ff;\"><a style=\"color: #0000ff;\" href=\"https:\/\/vimaterial.de\/fr\/controle-qualite\/\">Chaque lot<\/a> <\/span>de produits garantit strictement la qualit\u00e9, de la s\u00e9lection des fournisseurs de mati\u00e8res premi\u00e8res \u00e0 l\u2019utilisation d\u2019\u00e9quipements de test avanc\u00e9s pour surveiller avec pr\u00e9cision l\u2019ensemble du processus de production, jusqu\u2019au produit fini \u00e0 travers de nombreuses s\u00e9ries d\u2019\u00e9chantillonnage rigoureux et de certification par une tierce partie faisant autorit\u00e9, jusqu\u2019\u00e0 un syst\u00e8me de contr\u00f4le de la qualit\u00e9 complet et \u00e0 tol\u00e9rance z\u00e9ro pour garantir que chaque lot de produits respecte et d\u00e9passe les normes \u00e9lev\u00e9es de l\u2019industrie. Fournir \u00e0 nos clients la meilleure qualit\u00e9 et les produits les plus stables.<\/p>\n<h2><span style=\"font-size: 14pt;\">Emballage et stockage<\/span><\/h2>\n<p>La poudre de nitrate d\u2019ytterbium est emball\u00e9e dans un sac sous vide ou une bouteille sous vide dans un carton pour assurer un transport en toute s\u00e9curit\u00e9.<\/p>\n<p>La poudre de nitrate d\u2019ytterbium doit \u00eatre stock\u00e9e dans un environnement sec, frais et bien ventil\u00e9, scell\u00e9e et conserv\u00e9e dans des r\u00e9cipients d\u2019origine ou des r\u00e9cipients herm\u00e9tiques appropri\u00e9s, \u00e0 l\u2019abri des substances inflammables, combustibles et r\u00e9ductrices, afin d\u2019\u00e9viter l\u2019humidit\u00e9 et le contact avec l\u2019eau afin d\u2019\u00e9viter la d\u00e9liquescence, et en m\u00eame temps, pour \u00e9viter le m\u00e9lange et le stockage avec des acides, des alcalis et d\u2019autres substances, afin d\u2019\u00e9viter les r\u00e9actions chimiques.<\/p>\n","protected":false},"excerpt":{"rendered":"<p>La poudre de nitrate d&#8217;ytterbium est une sorte de poudre cristalline soluble dans l\u2019eau, d\u00e9liquescente blanche ou incolore contenant l\u2019\u00e9l\u00e9ment de terre rare ytterbium, qui est principalement utilis\u00e9 dans la pr\u00e9paration de mat\u00e9riaux optiques, le dopage des terres rares, la catalyse et la recherche scientifique et d\u2019autres domaines.<\/p>\n<p>VIMATERIAL fournit de la poudre de nitrate d\u2019ytterbium dans diverses sp\u00e9cifications et prend en charge le service de liaison de cible. Nous acceptons la personnalisation des produits, <span style=\"color: #0000ff;\"><a style=\"color: #0000ff;\" href=\"https:\/\/vimaterial.de\/fr\/contact\/\">contactez-nous.<\/a><\/span><\/p>\n<p>&nbsp;<\/p>\n","protected":false},"featured_media":1034596,"comment_status":"open","ping_status":"closed","template":"","meta":{"_acf_changed":false},"product_brand":[],"product_cat":[241],"product_tag":[],"class_list":{"0":"post-1028794","1":"product","2":"type-product","3":"status-publish","4":"has-post-thumbnail","6":"product_cat-materiaux-a-base-de-terres-rares","8":"first","9":"instock","10":"shipping-taxable","11":"purchasable","12":"product-type-variable"},"acf":[],"_links":{"self":[{"href":"https:\/\/vimaterial.de\/fr\/wp-json\/wp\/v2\/product\/1028794","targetHints":{"allow":["GET"]}}],"collection":[{"href":"https:\/\/vimaterial.de\/fr\/wp-json\/wp\/v2\/product"}],"about":[{"href":"https:\/\/vimaterial.de\/fr\/wp-json\/wp\/v2\/types\/product"}],"replies":[{"embeddable":true,"href":"https:\/\/vimaterial.de\/fr\/wp-json\/wp\/v2\/comments?post=1028794"}],"wp:featuredmedia":[{"embeddable":true,"href":"https:\/\/vimaterial.de\/fr\/wp-json\/wp\/v2\/media\/1034596"}],"wp:attachment":[{"href":"https:\/\/vimaterial.de\/fr\/wp-json\/wp\/v2\/media?parent=1028794"}],"wp:term":[{"taxonomy":"product_brand","embeddable":true,"href":"https:\/\/vimaterial.de\/fr\/wp-json\/wp\/v2\/product_brand?post=1028794"},{"taxonomy":"product_cat","embeddable":true,"href":"https:\/\/vimaterial.de\/fr\/wp-json\/wp\/v2\/product_cat?post=1028794"},{"taxonomy":"product_tag","embeddable":true,"href":"https:\/\/vimaterial.de\/fr\/wp-json\/wp\/v2\/product_tag?post=1028794"}],"curies":[{"name":"wp","href":"https:\/\/api.w.org\/{rel}","templated":true}]}}