{"id":1028776,"date":"2024-06-17T16:19:49","date_gmt":"2024-06-17T08:19:49","guid":{"rendered":"https:\/\/vimaterial.de\/product\/carbonate-dytterbium\/"},"modified":"2025-03-10T16:02:42","modified_gmt":"2025-03-10T08:02:42","slug":"carbonate-dytterbium","status":"publish","type":"product","link":"https:\/\/vimaterial.de\/fr\/product\/carbonate-dytterbium\/","title":{"rendered":"Carbonate d\u2019ytterbium"},"content":{"rendered":"<p>La poudre de carbonate d&#8217;ytterbium est une sorte de poudre de compos\u00e9 inorganique d\u2019apparence blanche ou blanc cass\u00e9 et d\u2019une certaine stabilit\u00e9 chimique, qui a une valeur d\u2019application importante dans les domaines de l\u2019extraction et de la s\u00e9paration des terres rares, de la pr\u00e9paration des mat\u00e9riaux optiques et de l\u2019industrie c\u00e9ramique.<\/p>\n<p>VIMATERIAL fournit de la poudre de carbonate d&#8217;ytterbium dans diverses sp\u00e9cifications et prend en charge le service de liaison de cible. Nous acceptons la personnalisation des produits,<span style=\"color: #0000ff;\"><a style=\"color: #0000ff;\" href=\"https:\/\/vimaterial.de\/fr\/contact\/\"> contactez-nous.<\/a><\/span><\/p>\n<h2><span style=\"font-size: 14pt;\">Propri\u00e9t\u00e9s<\/span><\/h2>\n<p>Formule mol\u00e9culaire : Yb\u2082(CO\u2083)\u2083<\/p>\n<p>Poids mol\u00e9culaire : 526.141<\/p>\n<p>Apparence\u00a0: Poudre solide blanche<\/p>\n<p>Solubilit\u00e9 : substance insoluble, mais soluble dans une solution acide forte.<\/p>\n<p>Stabilit\u00e9\u00a0: \u00c0 temp\u00e9rature et pression ambiantes, Yb\u2082(CO\u2083)\u2083 a une certaine stabilit\u00e9. Cependant, dans des conditions de temp\u00e9rature \u00e9lev\u00e9e, il subira une r\u00e9action de d\u00e9composition pour produire de l\u2019oxyde d\u2019ytterbium (Yb\u2082O\u2083) et du dioxyde de carbone (CO\u2082). De plus, dans des environnements fortement acides ou alcalins, sa stabilit\u00e9 est affect\u00e9e et il est facilement consomm\u00e9 par des r\u00e9actions avec des acides ou des bases.<\/p>\n<h3>Applications<\/h3>\n<p>Champ optique\u00a0: La poudre Yb\u2082(CO\u2083)\u2083 peut \u00eatre utilis\u00e9e comme additif pour le verre optique, utilis\u00e9 dans la fabrication de verre avec des propri\u00e9t\u00e9s optiques sp\u00e9ciales, qui peut am\u00e9liorer efficacement l\u2019indice de r\u00e9fraction, la dispersion et d\u2019autres param\u00e8tres optiques du verre, et am\u00e9liorer la qualit\u00e9 d\u2019image des dispositifs optiques.<\/p>\n<p>Mat\u00e9riaux \u00e9lectroniques : Dans la pr\u00e9paration de mat\u00e9riaux \u00e9lectroniques, la poudre d\u2019Yb\u2082(CO\u2083)\u2083 peut \u00eatre utilis\u00e9e comme mati\u00e8re premi\u00e8re pour la synth\u00e8se de mat\u00e9riaux c\u00e9ramiques \u00e9lectroniques dop\u00e9s aux terres rares, ce qui peut aider \u00e0 am\u00e9liorer les propri\u00e9t\u00e9s di\u00e9lectriques et pi\u00e9zo\u00e9lectriques des composants \u00e9lectroniques, et ainsi am\u00e9liorer les performances et la stabilit\u00e9 des dispositifs \u00e9lectroniques.<\/p>\n<p>Champ catalytique : La poudre d&#8217;Yb\u2082(CO\u2083)\u2083 peut \u00eatre utilis\u00e9e comme catalyseur ou support de catalyseur dans certaines r\u00e9actions chimiques organiques apr\u00e8s un traitement sp\u00e9cial, ce qui peut am\u00e9liorer l\u2019activit\u00e9 et la s\u00e9lectivit\u00e9 de la r\u00e9action et favoriser la r\u00e9action chimique.<\/p>\n<h2><span style=\"font-size: 14pt;\">Contr\u00f4le de la qualit\u00e9<\/span><\/h2>\n<p><span style=\"color: #0000ff;\"><a style=\"color: #0000ff;\" href=\"https:\/\/vimaterial.de\/fr\/controle-qualite\/\">Chaque lot<\/a> <\/span>de produits garantit strictement la qualit\u00e9, de la s\u00e9lection des fournisseurs de mati\u00e8res premi\u00e8res \u00e0 l\u2019utilisation d\u2019\u00e9quipements de test avanc\u00e9s pour surveiller avec pr\u00e9cision l\u2019ensemble du processus de production, jusqu\u2019au produit fini \u00e0 travers de nombreuses s\u00e9ries d\u2019\u00e9chantillonnage rigoureux et de certification par une tierce partie faisant autorit\u00e9, jusqu\u2019\u00e0 un syst\u00e8me de contr\u00f4le de la qualit\u00e9 complet et \u00e0 tol\u00e9rance z\u00e9ro pour garantir que chaque lot de produits respecte et d\u00e9passe les normes \u00e9lev\u00e9es de l\u2019industrie. Fournir \u00e0 nos clients la meilleure qualit\u00e9 et les produits les plus stables.<\/p>\n<h2><span style=\"font-size: 14pt;\">Emballage et stockage<\/span><\/h2>\n<p>La poudre de carbonate d&#8217;ytterbium est emball\u00e9e dans un sac sous vide ou une bouteille sous vide dans un carton pour assurer un transport en toute s\u00e9curit\u00e9.<\/p>\n<p>La poudre de carbonate d&#8217;ytterbium doit \u00eatre scell\u00e9e et stock\u00e9e dans un environnement sec, frais et ventil\u00e9, la temp\u00e9rature doit \u00eatre maintenue \u00e0 temp\u00e9rature ambiante et \u00e9viter la lumi\u00e8re directe du soleil, et elle doit \u00eatre tenue \u00e0 l\u2019\u00e9cart des substances corrosives telles que les acides, les alcalis et les agents oxydants puissants pour l\u2019emp\u00eacher de r\u00e9agir et de se d\u00e9t\u00e9riorer.<\/p>\n","protected":false},"excerpt":{"rendered":"<p>La poudre de carbonate d&#8217;ytterbium est une sorte de poudre de compos\u00e9 inorganique d\u2019apparence blanche ou blanc cass\u00e9 et d\u2019une certaine stabilit\u00e9 chimique, qui a une valeur d\u2019application importante dans les domaines de l\u2019extraction et de la s\u00e9paration des terres rares, de la pr\u00e9paration des mat\u00e9riaux optiques et de l\u2019industrie c\u00e9ramique.<\/p>\n<p>VIMATERIAL fournit de la poudre de carbonate d&#8217;ytterbium dans diverses sp\u00e9cifications et prend en charge le service de liaison de cible. Nous acceptons la personnalisation des produits,<span style=\"color: #0000ff;\"><a style=\"color: #0000ff;\" href=\"https:\/\/vimaterial.de\/fr\/contact\/\"> contactez-nous.<\/a><\/span><\/p>\n<p>&nbsp;<\/p>\n<p>&nbsp;<\/p>\n<p>&nbsp;<\/p>\n","protected":false},"featured_media":1038401,"comment_status":"open","ping_status":"closed","template":"","meta":{"_acf_changed":false},"product_brand":[],"product_cat":[241],"product_tag":[],"class_list":{"0":"post-1028776","1":"product","2":"type-product","3":"status-publish","4":"has-post-thumbnail","6":"product_cat-materiaux-a-base-de-terres-rares","8":"first","9":"instock","10":"shipping-taxable","11":"purchasable","12":"product-type-variable"},"acf":[],"_links":{"self":[{"href":"https:\/\/vimaterial.de\/fr\/wp-json\/wp\/v2\/product\/1028776","targetHints":{"allow":["GET"]}}],"collection":[{"href":"https:\/\/vimaterial.de\/fr\/wp-json\/wp\/v2\/product"}],"about":[{"href":"https:\/\/vimaterial.de\/fr\/wp-json\/wp\/v2\/types\/product"}],"replies":[{"embeddable":true,"href":"https:\/\/vimaterial.de\/fr\/wp-json\/wp\/v2\/comments?post=1028776"}],"wp:featuredmedia":[{"embeddable":true,"href":"https:\/\/vimaterial.de\/fr\/wp-json\/wp\/v2\/media\/1038401"}],"wp:attachment":[{"href":"https:\/\/vimaterial.de\/fr\/wp-json\/wp\/v2\/media?parent=1028776"}],"wp:term":[{"taxonomy":"product_brand","embeddable":true,"href":"https:\/\/vimaterial.de\/fr\/wp-json\/wp\/v2\/product_brand?post=1028776"},{"taxonomy":"product_cat","embeddable":true,"href":"https:\/\/vimaterial.de\/fr\/wp-json\/wp\/v2\/product_cat?post=1028776"},{"taxonomy":"product_tag","embeddable":true,"href":"https:\/\/vimaterial.de\/fr\/wp-json\/wp\/v2\/product_tag?post=1028776"}],"curies":[{"name":"wp","href":"https:\/\/api.w.org\/{rel}","templated":true}]}}