{"id":1028736,"date":"2024-06-17T16:19:50","date_gmt":"2024-06-17T08:19:50","guid":{"rendered":"https:\/\/vimaterial.de\/product\/oxyde-dytterbium-2\/"},"modified":"2024-10-21T17:52:20","modified_gmt":"2024-10-21T09:52:20","slug":"oxyde-dytterbium-2","status":"publish","type":"product","link":"https:\/\/vimaterial.de\/fr\/product\/oxyde-dytterbium-2\/","title":{"rendered":"Oxyde d\u2019ytterbium"},"content":{"rendered":"<p>Oxyde d\u2019ytterbium, c\u2019est-\u00e0-dire les particules d\u2019oxyde d\u2019ytterbium, sont un oxyde de terres rares important.<\/p>\n<h4>Informations de base<\/h4>\n<p>Formule chimique\u00a0: Yb\u2082O\u2083 .<\/p>\n<p>Poids mol\u00e9culaire : 394,08 .<\/p>\n<p>Num\u00e9ro d\u2019enregistrement CAS : 1314-37-0 .<\/p>\n<p>Apparence\u00a0: G\u00e9n\u00e9ralement une poudre blanche et l\u00e9g\u00e8rement verd\u00e2tre, il existe \u00e9galement des nanoparticules d\u2019oxyde d\u2019ytterbium poudreuses blanches ou jaun\u00e2tres.<\/p>\n<p>Densit\u00e9 : 9,17 g\/cm\u00b3.<\/p>\n<p>Point de fusion : 2372\u00b0C.<\/p>\n<p>Point d\u2019\u00e9bullition : 4070\u00b0C.<\/p>\n<h4>Applications<\/h4>\n<p>Champ optique\u00a0: c\u2019est un additif important pour le verre optique et la c\u00e9ramique, qui peut am\u00e9liorer l\u2019indice de r\u00e9fraction, la duret\u00e9 et la stabilit\u00e9 chimique du verre et de la c\u00e9ramique, ce qui le rend largement utilis\u00e9 dans les instruments optiques, les \u00e9quipements \u00e9lectroniques et d\u2019autres domaines\u00a0; Il peut \u00e9galement \u00eatre utilis\u00e9 dans la fabrication d\u2019amplificateurs \u00e0 fibre optique et de dopants \u00e0 fibre optique, ce qui peut aider \u00e0 am\u00e9liorer l\u2019efficacit\u00e9 de la transmission et de l\u2019amplification des signaux optiques.<\/p>\n<p>Champ laser\u00a0: utilis\u00e9 comme dopant dans le cristal de grenat, il peut am\u00e9liorer consid\u00e9rablement les performances du cristal laser, comme l\u2019augmentation de la puissance de sortie du laser, l\u2019am\u00e9lioration de la qualit\u00e9 du faisceau laser, etc., et joue un r\u00f4le important dans le traitement laser, la communication laser, la th\u00e9rapie laser et de nombreuses autres applications laser.<\/p>\n<p>Industrie \u00e9lectronique\u00a0: utilis\u00e9 dans la fabrication de mat\u00e9riaux \u00e0 bulles magn\u00e9tiques pour ordinateurs, de sorte que le stockage de bulles magn\u00e9tiques \u00e0 grande vitesse, grande capacit\u00e9, petite taille, multifonctionnel et autres caract\u00e9ristiques\u00a0; Peut \u00e9galement \u00eatre utilis\u00e9 comme dopant dans les composants \u00e9lectroniques pour am\u00e9liorer les performances des composants \u00e9lectroniques.<\/p>\n","protected":false},"excerpt":{"rendered":"<p>Oxyde d\u2019ytterbium, c\u2019est-\u00e0-dire les particules d\u2019oxyde d\u2019ytterbium, sont un oxyde de terres rares important.<\/p>\n<p>Champ optique\u00a0: c\u2019est un additif important pour le verre optique et la c\u00e9ramique, qui peut am\u00e9liorer l\u2019indice de r\u00e9fraction, la duret\u00e9 et la stabilit\u00e9 chimique du verre et de la c\u00e9ramique, ce qui le rend largement utilis\u00e9 dans les instruments optiques, les \u00e9quipements \u00e9lectroniques et d\u2019autres domaines\u00a0; Il peut \u00e9galement \u00eatre utilis\u00e9 dans la fabrication d\u2019amplificateurs \u00e0 fibre optique et de dopants \u00e0 fibre optique, ce qui peut aider \u00e0 am\u00e9liorer l\u2019efficacit\u00e9 de la transmission et de l\u2019amplification des signaux optiques.<\/p>\n<p>&nbsp;<\/p>\n","protected":false},"featured_media":1034611,"comment_status":"open","ping_status":"closed","template":"","meta":{"_acf_changed":false},"product_brand":[],"product_cat":[236],"product_tag":[],"class_list":{"0":"post-1028736","1":"product","2":"type-product","3":"status-publish","4":"has-post-thumbnail","6":"product_cat-materiaux-devaporation","8":"first","9":"instock","10":"shipping-taxable","11":"product-type-variable"},"acf":[],"_links":{"self":[{"href":"https:\/\/vimaterial.de\/fr\/wp-json\/wp\/v2\/product\/1028736","targetHints":{"allow":["GET"]}}],"collection":[{"href":"https:\/\/vimaterial.de\/fr\/wp-json\/wp\/v2\/product"}],"about":[{"href":"https:\/\/vimaterial.de\/fr\/wp-json\/wp\/v2\/types\/product"}],"replies":[{"embeddable":true,"href":"https:\/\/vimaterial.de\/fr\/wp-json\/wp\/v2\/comments?post=1028736"}],"wp:featuredmedia":[{"embeddable":true,"href":"https:\/\/vimaterial.de\/fr\/wp-json\/wp\/v2\/media\/1034611"}],"wp:attachment":[{"href":"https:\/\/vimaterial.de\/fr\/wp-json\/wp\/v2\/media?parent=1028736"}],"wp:term":[{"taxonomy":"product_brand","embeddable":true,"href":"https:\/\/vimaterial.de\/fr\/wp-json\/wp\/v2\/product_brand?post=1028736"},{"taxonomy":"product_cat","embeddable":true,"href":"https:\/\/vimaterial.de\/fr\/wp-json\/wp\/v2\/product_cat?post=1028736"},{"taxonomy":"product_tag","embeddable":true,"href":"https:\/\/vimaterial.de\/fr\/wp-json\/wp\/v2\/product_tag?post=1028736"}],"curies":[{"name":"wp","href":"https:\/\/api.w.org\/{rel}","templated":true}]}}