{"id":1028709,"date":"2024-06-17T16:19:51","date_gmt":"2024-06-17T08:19:51","guid":{"rendered":"https:\/\/vimaterial.de\/product\/oxyde-dytterbium\/"},"modified":"2025-03-05T13:32:50","modified_gmt":"2025-03-05T05:32:50","slug":"oxyde-dytterbium","status":"publish","type":"product","link":"https:\/\/vimaterial.de\/fr\/product\/oxyde-dytterbium\/","title":{"rendered":"Oxyde d\u2019ytterbium"},"content":{"rendered":"<p>La cible de pulv\u00e9risation cathodique <span style=\"color: #0000ff;\"><a style=\"color: #0000ff;\" href=\"https:\/\/vimaterial.de\/fr\/product\/oxyde-dyttrium-3\/\">d&#8217;oxyde d&#8217;ytterbium<\/a> Yb2O3 <\/span>est une sorte de cible compos\u00e9e d\u2019\u00e9l\u00e9ments de terres rares d&#8217;ytterbium et d\u2019oxyg\u00e8ne de haute puret\u00e9 et de propri\u00e9t\u00e9s physicochimiques sp\u00e9cifiques, qui est principalement utilis\u00e9e pour d\u00e9poser des films minces d\u2019Yb\u2082O\u2083 sur une vari\u00e9t\u00e9 de substrats par le processus de pulv\u00e9risation afin de r\u00e9aliser les fonctions sp\u00e9cifiques dans les domaines de l\u2019optique, l\u2019\u00e9lectricit\u00e9, l\u2019\u00e9lectronique, etc., et est principalement utilis\u00e9 pour le rev\u00eatement optique afin d\u2019am\u00e9liorer les performances optiques, en tant que couche isolante dans les appareils \u00e9lectroniques.<\/p>\n<p>VIMATERIAL fournit une cible de pulv\u00e9risation \u00e0 l\u2019oxyde d&#8217;ytterbium dans diverses sp\u00e9cifications et prend en charge le service de liaison de cible. Nous acceptons la personnalisation des produits, <span style=\"color: #0000ff;\"><a style=\"color: #0000ff;\" href=\"https:\/\/vimaterial.de\/fr\/contact\/\">contactez-nous<\/a><\/span>.<\/p>\n<h2><span style=\"font-size: 14pt;\">Caract\u00e9ristiques<\/span><\/h2>\n<p>Formule mol\u00e9culaire : Yb\u2082O\u2083<\/p>\n<p>Poids mol\u00e9culaire : 394,08<\/p>\n<p>Apparence\u00a0: poudre amorphe blanche<\/p>\n<p>Densit\u00e9 : 9,17 g\/cm\u00b3<\/p>\n<p>Point de fusion : 2355\u00b0C<\/p>\n<p>Point d\u2019\u00e9bullition : 4070\u00b0C<\/p>\n<p>Structure cristalline : syst\u00e8me cristallin cubique<\/p>\n<h2><span style=\"font-size: 14pt;\">Application<\/span><\/h2>\n<p>Optique : Les cibles de pulv\u00e9risation cathodique <span style=\"color: #000000;\">Yb2O3 d&#8217;oxyde d&#8217;ytterbium <\/span>peuvent \u00eatre utilis\u00e9es pour pr\u00e9parer des films optiques afin d\u2019am\u00e9liorer l\u2019uniformit\u00e9 de l\u2019indice de r\u00e9fraction des dispositifs optiques, d\u2019am\u00e9liorer les propri\u00e9t\u00e9s antireflets et d\u2019\u00eatre utilis\u00e9es pour fabriquer des composants optiques infrarouges.<\/p>\n<p>\u00c9lectronique\u00a0: Dans le domaine de l\u2019\u00e9lectronique, les cibles <span style=\"color: #000000;\">de pulv\u00e9risation d&#8217;oxyde d&#8217;ytterbium Yb2O3<\/span> peuvent \u00eatre utilis\u00e9es pour fabriquer des films minces \u00e0 constante di\u00e9lectrique \u00e9lev\u00e9e afin d\u2019am\u00e9liorer les performances des transistors, d\u2019augmenter la capacit\u00e9 de stockage et comme rev\u00eatements isolants pour les composants \u00e9lectroniques.<\/p>\n<p>\u00c9nergie : <span style=\"color: #000000;\">Oxyde d&#8217;ytterbium Les cibles de pulv\u00e9risation Yb2O3 <\/span>peuvent \u00eatre utilis\u00e9es pour pulv\u00e9riser des films minces pour les cellules solaires afin d\u2019am\u00e9liorer l\u2019efficacit\u00e9 de la conversion photovolta\u00efque, et pour les rev\u00eatements d\u2019\u00e9lectrolyte ou d\u2019\u00e9lectrode pour les piles \u00e0 combustible \u00e0 oxyde solide afin d\u2019am\u00e9liorer les performances des cellules.<\/p>\n<h2><span style=\"font-size: 14pt;\">Contr\u00f4le de la qualit\u00e9<\/span><\/h2>\n<p><span style=\"color: #0000ff;\"><a style=\"color: #0000ff;\" href=\"https:\/\/vimaterial.de\/fr\/controle-qualite\/\">Chaque lot<\/a> <\/span>de produits garantit strictement la qualit\u00e9, de la s\u00e9lection des fournisseurs de mati\u00e8res premi\u00e8res \u00e0 l\u2019utilisation d\u2019\u00e9quipements de test avanc\u00e9s pour surveiller avec pr\u00e9cision l\u2019ensemble du processus de production, jusqu\u2019au produit fini \u00e0 travers de nombreuses s\u00e9ries d\u2019\u00e9chantillonnage rigoureux et de certification par une tierce partie faisant autorit\u00e9, jusqu\u2019\u00e0 un syst\u00e8me de contr\u00f4le de la qualit\u00e9 complet et \u00e0 tol\u00e9rance z\u00e9ro pour garantir que chaque lot de produits respecte et d\u00e9passe les normes \u00e9lev\u00e9es de l\u2019industrie. Fournir \u00e0 nos clients la meilleure qualit\u00e9 et les produits les plus stables.<\/p>\n<h2><span style=\"font-size: 14pt;\">Emballage et stockage<\/span><\/h2>\n<p>La cible de pulv\u00e9risation \u00e0 <span style=\"color: #000000;\">l\u2019oxyde d&#8217;ytterbium Yb2O3<\/span> est emball\u00e9e apr\u00e8s un double ensachage sous vide et emball\u00e9e dans un carton ext\u00e9rieur pour assurer la s\u00e9curit\u00e9 du transport.<\/p>\n<p><span style=\"color: #000000;\">Les cibles de pulv\u00e9risation d\u2019oxyde d&#8217;ytterbium Yb2O3<\/span> doivent \u00eatre stock\u00e9es dans un environnement sec et propre \u00e0 une temp\u00e9rature appropri\u00e9e, de pr\u00e9f\u00e9rence dans des emballages scell\u00e9s, en \u00e9vitant tout contact avec l\u2019humidit\u00e9, les acides et les alcalis, etc., pour \u00e9viter l\u2019oxydation, l\u2019humidit\u00e9 ou la contamination.<\/p>\n","protected":false},"excerpt":{"rendered":"<p>La cible de pulv\u00e9risation cathodique <span style=\"color: #0000ff;\"><a style=\"color: #0000ff;\" href=\"https:\/\/vimaterial.de\/fr\/product\/oxyde-dyttrium-3\/\">d&#8217;oxyde d&#8217;ytterbium<\/a> Yb2O3 <\/span>est une sorte de cible compos\u00e9e d\u2019\u00e9l\u00e9ments de terres rares d&#8217;ytterbium et d\u2019oxyg\u00e8ne de haute puret\u00e9 et de propri\u00e9t\u00e9s physicochimiques sp\u00e9cifiques, qui est principalement utilis\u00e9e pour d\u00e9poser des films minces d\u2019Yb\u2082O\u2083 sur une vari\u00e9t\u00e9 de substrats par le processus de pulv\u00e9risation afin de r\u00e9aliser les fonctions sp\u00e9cifiques dans les domaines de l\u2019optique, l\u2019\u00e9lectricit\u00e9, l\u2019\u00e9lectronique, etc., et est principalement utilis\u00e9 pour le rev\u00eatement optique afin d\u2019am\u00e9liorer les performances optiques, en tant que couche isolante dans les appareils \u00e9lectroniques.<\/p>\n<p>VIMATERIAL fournit une cible de pulv\u00e9risation \u00e0 l\u2019oxyde d&#8217;ytterbium dans diverses sp\u00e9cifications et prend en charge le service de liaison de cible. Nous acceptons la personnalisation des produits, <span style=\"color: #0000ff;\"><a style=\"color: #0000ff;\" href=\"https:\/\/vimaterial.de\/fr\/contact\/\">contactez-nous<\/a><\/span>.<\/p>\n","protected":false},"featured_media":1034621,"comment_status":"open","ping_status":"closed","template":"","meta":{"_acf_changed":false},"product_brand":[],"product_cat":[235],"product_tag":[],"class_list":{"0":"post-1028709","1":"product","2":"type-product","3":"status-publish","4":"has-post-thumbnail","6":"product_cat-cibles-de-pulverisation-planaire","8":"first","9":"instock","10":"shipping-taxable","11":"product-type-variable"},"acf":[],"_links":{"self":[{"href":"https:\/\/vimaterial.de\/fr\/wp-json\/wp\/v2\/product\/1028709","targetHints":{"allow":["GET"]}}],"collection":[{"href":"https:\/\/vimaterial.de\/fr\/wp-json\/wp\/v2\/product"}],"about":[{"href":"https:\/\/vimaterial.de\/fr\/wp-json\/wp\/v2\/types\/product"}],"replies":[{"embeddable":true,"href":"https:\/\/vimaterial.de\/fr\/wp-json\/wp\/v2\/comments?post=1028709"}],"wp:featuredmedia":[{"embeddable":true,"href":"https:\/\/vimaterial.de\/fr\/wp-json\/wp\/v2\/media\/1034621"}],"wp:attachment":[{"href":"https:\/\/vimaterial.de\/fr\/wp-json\/wp\/v2\/media?parent=1028709"}],"wp:term":[{"taxonomy":"product_brand","embeddable":true,"href":"https:\/\/vimaterial.de\/fr\/wp-json\/wp\/v2\/product_brand?post=1028709"},{"taxonomy":"product_cat","embeddable":true,"href":"https:\/\/vimaterial.de\/fr\/wp-json\/wp\/v2\/product_cat?post=1028709"},{"taxonomy":"product_tag","embeddable":true,"href":"https:\/\/vimaterial.de\/fr\/wp-json\/wp\/v2\/product_tag?post=1028709"}],"curies":[{"name":"wp","href":"https:\/\/api.w.org\/{rel}","templated":true}]}}