{"id":1028654,"date":"2024-06-17T16:19:52","date_gmt":"2024-06-17T08:19:52","guid":{"rendered":"https:\/\/vimaterial.de\/product\/fluorure-dytterbium\/"},"modified":"2025-03-04T14:48:16","modified_gmt":"2025-03-04T06:48:16","slug":"fluorure-dytterbium","status":"publish","type":"product","link":"https:\/\/vimaterial.de\/fr\/product\/fluorure-dytterbium\/","title":{"rendered":"Fluorure d\u2019ytterbium"},"content":{"rendered":"<p>Particules blanches de <span style=\"color: #0000ff;\"><a style=\"color: #0000ff;\" href=\"https:\/\/vimaterial.de\/fr\/product\/fluorure-dytterbium-2\/\">granules de fluorure d&#8217;ytterbium<\/a><\/span>, insolubles dans l\u2019eau, \u00e0 haute stabilit\u00e9 chimique, souvent utilis\u00e9es comme mat\u00e9riaux de rev\u00eatement optique et pour la pr\u00e9paration de mat\u00e9riaux laser \u00e0 cristal de terres rares.<\/p>\n<p>VIMATERIAL fournit de la poudre de fluorure d&#8217;ytterbium dans diverses sp\u00e9cifications et prend en charge le service de liaison de cible. Nous acceptons la personnalisation des produits,<span style=\"color: #0000ff;\"><a style=\"color: #0000ff;\" href=\"https:\/\/vimaterial.de\/fr\/contact\/\"> contactez-nous.<\/a><\/span><\/p>\n<h2><span style=\"font-size: 14pt;\">Caract\u00e9ristique<\/span><\/h2>\n<p>Formule mol\u00e9culaire : YbF\u2083<\/p>\n<p>Poids mol\u00e9culaire : 230,934 g\/mol<\/p>\n<p>Apparence\u00a0: cristal blanc<\/p>\n<p>Densit\u00e9 : 8,20 g\/cm\u00b3<\/p>\n<p>Point de fusion : 1052\u00b0C<\/p>\n<p>Point d\u2019\u00e9bullition : 2380\u00b0C<\/p>\n<p>Structure cristalline : appartient g\u00e9n\u00e9ralement au syst\u00e8me cristallin tripartite, avec une certaine configuration spatiale, dans laquelle les ions ytterbium (Yb\u00b3\u207a) et les ions fluorure (F-) par liaison ionique.<\/p>\n<h2><span style=\"font-size: 14pt;\">Applications<\/span><\/h2>\n<p>Additifs pour verre optique : Les granules de fluorure d&#8217;ytterbium sont utilis\u00e9s comme additifs pour le verre optique afin d\u2019augmenter l\u2019indice de r\u00e9fraction et les propri\u00e9t\u00e9s de dispersion du verre et d\u2019am\u00e9liorer les propri\u00e9t\u00e9s optiques du verre.<\/p>\n<p>Rev\u00eatement des composants optiques : Les granules de fluorure d&#8217;ytterbium sont utilis\u00e9s comme mat\u00e9riaux de rev\u00eatement pour les composants optiques en raison de leur indice de r\u00e9fraction \u00e9lev\u00e9 et de leurs faibles propri\u00e9t\u00e9s de dispersion, am\u00e9liorant les performances des composants optiques pour r\u00e9pondre aux besoins des syst\u00e8mes optiques de haute pr\u00e9cision.<\/p>\n<p>Pr\u00e9paration de fibres optiques \u00e0 indice de r\u00e9fraction \u00e9lev\u00e9 : Les granules de fluorure d&#8217;ytterbium sont utilis\u00e9s pour pr\u00e9parer des fibres optiques \u00e0 indice de r\u00e9fraction \u00e9lev\u00e9, qui ont un large \u00e9ventail d\u2019applications dans les communications par fibre optique et dans d\u2019autres domaines.<\/p>\n<h2><span style=\"font-size: 14pt;\">Contr\u00f4le de la qualit\u00e9<\/span><\/h2>\n<p><span style=\"color: #0000ff;\"><a style=\"color: #0000ff;\" href=\"https:\/\/vimaterial.de\/fr\/controle-qualite\/\">Chaque lot de produits<\/a><\/span>\u00a0garantit strictement la qualit\u00e9, de la s\u00e9lection des fournisseurs de mati\u00e8res premi\u00e8res \u00e0 l\u2019utilisation d\u2019\u00e9quipements de test avanc\u00e9s pour surveiller avec pr\u00e9cision l\u2019ensemble du processus de production, jusqu\u2019au produit fini \u00e0 travers de nombreuses s\u00e9ries d\u2019\u00e9chantillonnage rigoureux et de certification par une tierce partie faisant autorit\u00e9, jusqu\u2019\u00e0 un syst\u00e8me de contr\u00f4le de la qualit\u00e9 complet et \u00e0 tol\u00e9rance z\u00e9ro pour garantir que chaque lot de produits respecte et d\u00e9passe les normes \u00e9lev\u00e9es de l\u2019industrie. Fournir \u00e0 nos clients la meilleure qualit\u00e9 et les produits les plus stables.<\/p>\n<h2><span style=\"font-size: 14pt;\">Emballage et stockage<\/span><\/h2>\n<p>Les granul\u00e9s de fluorure d&#8217;ytterbium sont emball\u00e9s dans un sac sous vide ou une bouteille sous vide dans un carton pour assurer un transport en toute s\u00e9curit\u00e9.<\/p>\n<p>Les granul\u00e9s de fluorure d&#8217;ytterbium doivent \u00eatre scell\u00e9s et stock\u00e9s dans un environnement sec, frais et ventil\u00e9, en \u00e9vitant tout contact avec des substances corrosives telles que les acides et les alcalis ainsi que des agents oxydants puissants, et en pr\u00e9venant l\u2019humidit\u00e9, la d\u00e9t\u00e9rioration et la r\u00e9action chimique.<\/p>\n","protected":false},"excerpt":{"rendered":"<p>Particules blanches de <span style=\"color: #0000ff;\"><a style=\"color: #0000ff;\" href=\"https:\/\/vimaterial.de\/fr\/product\/fluorure-dytterbium-2\/\">granules de fluorure d&#8217;ytterbium<\/a><\/span>, insolubles dans l\u2019eau, \u00e0 haute stabilit\u00e9 chimique, souvent utilis\u00e9es comme mat\u00e9riaux de rev\u00eatement optique et pour la pr\u00e9paration de mat\u00e9riaux laser \u00e0 cristal de terres rares.<\/p>\n<p>VIMATERIAL fournit de la poudre de fluorure d\u2019ytterbium dans diverses sp\u00e9cifications et prend en charge le service de liaison de cible. Nous acceptons la personnalisation des produits,<span style=\"color: #0000ff;\"><a style=\"color: #0000ff;\" href=\"https:\/\/vimaterial.de\/fr\/contact\/\"> contactez-nous.<\/a><\/span><\/p>\n<p>&nbsp;<\/p>\n","protected":false},"featured_media":1034636,"comment_status":"open","ping_status":"closed","template":"","meta":{"_acf_changed":false},"product_brand":[],"product_cat":[236],"product_tag":[],"class_list":{"0":"post-1028654","1":"product","2":"type-product","3":"status-publish","4":"has-post-thumbnail","6":"product_cat-materiaux-devaporation","8":"first","9":"instock","10":"shipping-taxable","11":"purchasable","12":"product-type-variable"},"acf":[],"_links":{"self":[{"href":"https:\/\/vimaterial.de\/fr\/wp-json\/wp\/v2\/product\/1028654","targetHints":{"allow":["GET"]}}],"collection":[{"href":"https:\/\/vimaterial.de\/fr\/wp-json\/wp\/v2\/product"}],"about":[{"href":"https:\/\/vimaterial.de\/fr\/wp-json\/wp\/v2\/types\/product"}],"replies":[{"embeddable":true,"href":"https:\/\/vimaterial.de\/fr\/wp-json\/wp\/v2\/comments?post=1028654"}],"wp:featuredmedia":[{"embeddable":true,"href":"https:\/\/vimaterial.de\/fr\/wp-json\/wp\/v2\/media\/1034636"}],"wp:attachment":[{"href":"https:\/\/vimaterial.de\/fr\/wp-json\/wp\/v2\/media?parent=1028654"}],"wp:term":[{"taxonomy":"product_brand","embeddable":true,"href":"https:\/\/vimaterial.de\/fr\/wp-json\/wp\/v2\/product_brand?post=1028654"},{"taxonomy":"product_cat","embeddable":true,"href":"https:\/\/vimaterial.de\/fr\/wp-json\/wp\/v2\/product_cat?post=1028654"},{"taxonomy":"product_tag","embeddable":true,"href":"https:\/\/vimaterial.de\/fr\/wp-json\/wp\/v2\/product_tag?post=1028654"}],"curies":[{"name":"wp","href":"https:\/\/api.w.org\/{rel}","templated":true}]}}