{"id":1028644,"date":"2024-06-17T16:08:37","date_gmt":"2024-06-17T08:08:37","guid":{"rendered":"https:\/\/vimaterial.de\/product\/sulfure-de-samarium\/"},"modified":"2024-10-24T08:56:16","modified_gmt":"2024-10-24T00:56:16","slug":"sulfure-de-samarium","status":"publish","type":"product","link":"https:\/\/vimaterial.de\/fr\/product\/sulfure-de-samarium\/","title":{"rendered":"Sulfure de samarium"},"content":{"rendered":"<p>La poudre de sulfure de samarium est une poudre de sulfure de terres rares.<\/p>\n<h3>Informations de base :<\/h3>\n<p>Formule chimique : Sm2S3, compos\u00e9 de deux \u00e9l\u00e9ments, le samarium (Sm) et le soufre (S).<\/p>\n<p>Poids mol\u00e9culaire : 396,915 g\/mol.<\/p>\n<p>Apparence\u00a0: g\u00e9n\u00e9ralement en poudre de cristal brun rouge\u00e2tre.<\/p>\n<p>Densit\u00e9 : 5,87 g\/cm\u00b3.<\/p>\n<p>Point de fusion : environ 1720\u00b0C.<\/p>\n<p>Structure cristalline : structure cristalline cubique.<\/p>\n<p>Propri\u00e9t\u00e9s magn\u00e9tiques\u00a0: Certaines propri\u00e9t\u00e9s magn\u00e9tiques, la perm\u00e9abilit\u00e9 magn\u00e9tique est de +3300.0\u30fb10-\u2076 cm\u00b3\/mol.<\/p>\n<h3>Propri\u00e9t\u00e9s chimiques :<\/h3>\n<p>Stabilit\u00e9 : Stable \u00e0 temp\u00e9rature et pression ambiantes, mais commence \u00e0 s\u2019oxyder lorsqu\u2019il est chauff\u00e9 \u00e0 plus de 200\u00b0C.<\/p>\n<p>Solubilit\u00e9 : insoluble dans l\u2019eau, se d\u00e9compose dans l\u2019eau chaude et dilue l\u2019acide. Il peut \u00eatre oxyd\u00e9 en oxydes par des agents oxydants tels que le peroxyde d\u2019hydrog\u00e8ne.<\/p>\n<h3>Domaines d\u2019application :<\/h3>\n<p>R\u00e9actif analytique : Le sulfure de samarium peut \u00eatre utilis\u00e9 pour les tests analytiques en laboratoire.<\/p>\n<p>Mat\u00e9riau semi-conducteur : Le sulfure de samarium en tant que mat\u00e9riau semi-conducteur, il a une valeur d\u2019application potentielle dans le domaine de l\u2019\u00e9lectronique et de la photo\u00e9lectricit\u00e9.<\/p>\n<p>Mat\u00e9riau de stockage d\u2019\u00e9nergie\u00a0: Dans le domaine de l\u2019\u00e9nergie, il peut \u00eatre utilis\u00e9 comme mat\u00e9riau d\u2019\u00e9lectrode de supercondensateur, etc., montrant une bonne capacit\u00e9 de stockage d\u2019\u00e9nergie.<\/p>\n","protected":false},"excerpt":{"rendered":"<p>La poudre de sulfure de samarium est une poudre de sulfure de terres rares.<\/p>\n<p>R\u00e9actif analytique : peut \u00eatre utilis\u00e9 pour les tests analytiques en laboratoire.<\/p>\n<p>Mat\u00e9riau semi-conducteur : en tant que mat\u00e9riau semi-conducteur, il a une valeur d\u2019application potentielle dans le domaine de l\u2019\u00e9lectronique et de la photo\u00e9lectricit\u00e9.<\/p>\n<p>Mat\u00e9riau de stockage d\u2019\u00e9nergie\u00a0: Dans le domaine de l\u2019\u00e9nergie, il peut \u00eatre utilis\u00e9 comme mat\u00e9riau d\u2019\u00e9lectrode de supercondensateur, etc., montrant une bonne capacit\u00e9 de stockage d\u2019\u00e9nergie.<\/p>\n","protected":false},"featured_media":1034216,"comment_status":"open","ping_status":"closed","template":"","meta":{"_acf_changed":false},"product_brand":[],"product_cat":[241],"product_tag":[],"class_list":{"0":"post-1028644","1":"product","2":"type-product","3":"status-publish","4":"has-post-thumbnail","6":"product_cat-materiaux-a-base-de-terres-rares","8":"first","9":"instock","10":"shipping-taxable","11":"product-type-variable"},"acf":[],"_links":{"self":[{"href":"https:\/\/vimaterial.de\/fr\/wp-json\/wp\/v2\/product\/1028644","targetHints":{"allow":["GET"]}}],"collection":[{"href":"https:\/\/vimaterial.de\/fr\/wp-json\/wp\/v2\/product"}],"about":[{"href":"https:\/\/vimaterial.de\/fr\/wp-json\/wp\/v2\/types\/product"}],"replies":[{"embeddable":true,"href":"https:\/\/vimaterial.de\/fr\/wp-json\/wp\/v2\/comments?post=1028644"}],"wp:featuredmedia":[{"embeddable":true,"href":"https:\/\/vimaterial.de\/fr\/wp-json\/wp\/v2\/media\/1034216"}],"wp:attachment":[{"href":"https:\/\/vimaterial.de\/fr\/wp-json\/wp\/v2\/media?parent=1028644"}],"wp:term":[{"taxonomy":"product_brand","embeddable":true,"href":"https:\/\/vimaterial.de\/fr\/wp-json\/wp\/v2\/product_brand?post=1028644"},{"taxonomy":"product_cat","embeddable":true,"href":"https:\/\/vimaterial.de\/fr\/wp-json\/wp\/v2\/product_cat?post=1028644"},{"taxonomy":"product_tag","embeddable":true,"href":"https:\/\/vimaterial.de\/fr\/wp-json\/wp\/v2\/product_tag?post=1028644"}],"curies":[{"name":"wp","href":"https:\/\/api.w.org\/{rel}","templated":true}]}}