{"id":1028631,"date":"2024-06-17T16:08:38","date_gmt":"2024-06-17T08:08:38","guid":{"rendered":"https:\/\/vimaterial.de\/product\/borure-de-samarium-2\/"},"modified":"2024-10-23T16:06:27","modified_gmt":"2024-10-23T08:06:27","slug":"borure-de-samarium-2","status":"publish","type":"product","link":"https:\/\/vimaterial.de\/fr\/product\/borure-de-samarium-2\/","title":{"rendered":"Samarium Boride"},"content":{"rendered":"<p>La cible Samarium Boride est un mat\u00e9riau aux applications importantes.<\/p>\n<h3>Informations de base :<\/h3>\n<p>Composition chimique\u00a0: Il est principalement compos\u00e9 de deux \u00e9l\u00e9ments, le samarium (Sm) et le bore (B), et sa formule chimique est SmB6.<\/p>\n<p>Structure cristalline\u00a0: Il a une structure cristalline cubique.<\/p>\n<p>Puret\u00e9\u00a0: 99,5% et plus, une puret\u00e9 \u00e9lev\u00e9e est tr\u00e8s importante pour assurer la qualit\u00e9 et les performances du rev\u00eatement de pulv\u00e9risation cathodique.<\/p>\n<p>Num\u00e9ro CAS : 12008-30-9.<\/p>\n<p>Point de fusion \u00e9lev\u00e9 : SmB6 a un point de fusion \u00e9lev\u00e9 d\u2019environ 2350\u00b0C.<\/p>\n<h3>Domaines d\u2019application :<\/h3>\n<p>Spintronique : En raison de sa structure \u00e9lectronique unique et de ses propri\u00e9t\u00e9s de spin, Samarium Boride a des applications potentielles dans les dispositifs spintroniques.<\/p>\n<p>Informatique quantique topologique : En tant qu\u2019isolant topologique, Samarium Boride a un \u00e9tat de surface topologique avec un espace nul \u00e0 sa surface, une propri\u00e9t\u00e9 qui en fait une perspective d\u2019application importante dans l\u2019informatique quantique topologique.<\/p>\n<p>Champ optique\u00a0: Les cibles SmB6 les films pr\u00e9par\u00e9s ont \u00e9galement certaines applications dans le domaine de l\u2019optique, par exemple, peuvent \u00eatre utilis\u00e9s pour pr\u00e9parer des filtres optiques, des miroirs et d\u2019autres dispositifs optiques, l\u2019utilisation de ses propri\u00e9t\u00e9s optiques sp\u00e9ciales pour r\u00e9aliser la r\u00e9gulation et la transmission de la lumi\u00e8re.<\/p>\n","protected":false},"excerpt":{"rendered":"<p>La cible Samarium Boride est un mat\u00e9riau aux applications importantes.<\/p>\n<p>Spintronique : En raison de sa structure \u00e9lectronique unique et de ses propri\u00e9t\u00e9s de spin, SmB6 a des applications potentielles dans les dispositifs spintroniques.<\/p>\n<p>Informatique quantique topologique : En tant qu\u2019isolant topologique, SmB6 a un \u00e9tat de surface topologique avec un espace nul \u00e0 sa surface, une propri\u00e9t\u00e9 qui en fait une perspective d\u2019application importante dans l\u2019informatique quantique topologique.<\/p>\n","protected":false},"featured_media":1034226,"comment_status":"open","ping_status":"closed","template":"","meta":{"_acf_changed":false},"product_brand":[],"product_cat":[235],"product_tag":[],"class_list":{"0":"post-1028631","1":"product","2":"type-product","3":"status-publish","4":"has-post-thumbnail","6":"product_cat-cibles-de-pulverisation-planaire","8":"first","9":"instock","10":"shipping-taxable","11":"product-type-variable"},"acf":[],"_links":{"self":[{"href":"https:\/\/vimaterial.de\/fr\/wp-json\/wp\/v2\/product\/1028631","targetHints":{"allow":["GET"]}}],"collection":[{"href":"https:\/\/vimaterial.de\/fr\/wp-json\/wp\/v2\/product"}],"about":[{"href":"https:\/\/vimaterial.de\/fr\/wp-json\/wp\/v2\/types\/product"}],"replies":[{"embeddable":true,"href":"https:\/\/vimaterial.de\/fr\/wp-json\/wp\/v2\/comments?post=1028631"}],"wp:featuredmedia":[{"embeddable":true,"href":"https:\/\/vimaterial.de\/fr\/wp-json\/wp\/v2\/media\/1034226"}],"wp:attachment":[{"href":"https:\/\/vimaterial.de\/fr\/wp-json\/wp\/v2\/media?parent=1028631"}],"wp:term":[{"taxonomy":"product_brand","embeddable":true,"href":"https:\/\/vimaterial.de\/fr\/wp-json\/wp\/v2\/product_brand?post=1028631"},{"taxonomy":"product_cat","embeddable":true,"href":"https:\/\/vimaterial.de\/fr\/wp-json\/wp\/v2\/product_cat?post=1028631"},{"taxonomy":"product_tag","embeddable":true,"href":"https:\/\/vimaterial.de\/fr\/wp-json\/wp\/v2\/product_tag?post=1028631"}],"curies":[{"name":"wp","href":"https:\/\/api.w.org\/{rel}","templated":true}]}}