{"id":1028626,"date":"2024-06-17T16:08:37","date_gmt":"2024-06-17T08:08:37","guid":{"rendered":"https:\/\/vimaterial.de\/product\/borure-de-samarium\/"},"modified":"2024-10-24T09:13:25","modified_gmt":"2024-10-24T01:13:25","slug":"borure-de-samarium","status":"publish","type":"product","link":"https:\/\/vimaterial.de\/fr\/product\/borure-de-samarium\/","title":{"rendered":"Samarium Boride"},"content":{"rendered":"<h4>Informations de base<\/h4>\n<p>Samarium Boride\u00a0(SmB\u2086) est un compos\u00e9 interm\u00e9tallique compos\u00e9 de samarium (Sm) et de bore (B). Le samarium est un \u00e9l\u00e9ment de terre rare aux propri\u00e9t\u00e9s physiques et chimiques uniques, tandis que le bore est un \u00e9l\u00e9ment non m\u00e9tallique. La combinaison des deux forme du borure de samarium, qui montre une valeur particuli\u00e8re dans de nombreux domaines.<\/p>\n<h4>Propri\u00e9t\u00e9s physiques<\/h4>\n<p>Aspect et couleur : Il s\u2019agit g\u00e9n\u00e9ralement d\u2019une substance poudreuse noire ou gris-noir.<\/p>\n<p>Structure cristalline : Il a une structure cristalline cubique, ce qui lui conf\u00e8re un haut degr\u00e9 de sym\u00e9trie.<\/p>\n<p>Densit\u00e9 : La densit\u00e9 est relativement \u00e9lev\u00e9e, environ 5,07 g\/cm\u00b3. Duret\u00e9\u00a0: duret\u00e9 \u00e9lev\u00e9e et bonne r\u00e9sistance \u00e0 l\u2019usure.<\/p>\n<h4>Domaine d\u2019application<\/h4>\n<p>Dispositifs \u00e9lectroniques : Samarium Boride En raison de ses propri\u00e9t\u00e9s \u00e9lectriques particuli\u00e8res, telles que le comportement isolant Kondo, il peut \u00eatre utilis\u00e9 dans la fabrication de dispositifs \u00e9lectroniques \u00e0 haute fr\u00e9quence, de dispositifs \u00e9lectroniques supraconducteurs et d\u2019autres nouveaux types de dispositifs \u00e9lectroniques, et c\u2019est un mat\u00e9riau potentiel pour l\u2019\u00e9tude de l\u2019informatique quantique et du stockage d\u2019informations quantiques et d\u2019autres domaines.<\/p>\n<p>Recherche en science des mat\u00e9riaux : En tant que mat\u00e9riau isolant Kondo typique, il joue un r\u00f4le cl\u00e9 en tant que mat\u00e9riau exp\u00e9rimental dans l\u2019\u00e9tude des th\u00e9ories de pointe de la science des mat\u00e9riaux telles que les syst\u00e8mes \u00e9lectroniques fortement corr\u00e9l\u00e9s et les transitions de phase quantiques, aidant les scientifiques \u00e0 mieux comprendre les ph\u00e9nom\u00e8nes physiques complexes.<\/p>\n<p>Champ des mat\u00e9riaux r\u00e9sistants \u00e0 l\u2019usure : Avec sa grande duret\u00e9 et ses bonnes propri\u00e9t\u00e9s de r\u00e9sistance \u00e0 l\u2019usure, il peut \u00eatre utilis\u00e9 pour pr\u00e9parer des rev\u00eatements r\u00e9sistants \u00e0 l\u2019usure ou des pi\u00e8ces r\u00e9sistantes \u00e0 l\u2019usure, qui sont appliqu\u00e9s dans les machines, l\u2019a\u00e9rospatiale et d\u2019autres domaines.<\/p>\n","protected":false},"excerpt":{"rendered":"<p>Samarium Boride(SmB\u2086) est un compos\u00e9 interm\u00e9tallique compos\u00e9 de samarium (Sm) et de bore (B). Le samarium est un \u00e9l\u00e9ment de terre rare aux propri\u00e9t\u00e9s physiques et chimiques uniques, tandis que le bore est un \u00e9l\u00e9ment non m\u00e9tallique. La combinaison des deux forme du borure de samarium, qui montre une valeur particuli\u00e8re dans de nombreux domaines.<\/p>\n<p>Dispositifs \u00e9lectroniques : Samarium Boride En raison de ses propri\u00e9t\u00e9s \u00e9lectriques particuli\u00e8res, telles que le comportement isolant Kondo, il peut \u00eatre utilis\u00e9 dans la fabrication de dispositifs \u00e9lectroniques \u00e0 haute fr\u00e9quence, de dispositifs \u00e9lectroniques supraconducteurs et d\u2019autres nouveaux types de dispositifs \u00e9lectroniques, et c\u2019est un mat\u00e9riau potentiel pour l\u2019\u00e9tude de l\u2019informatique quantique et du stockage d\u2019informations quantiques et d\u2019autres domaines.<\/p>\n<p>&nbsp;<\/p>\n","protected":false},"featured_media":1034221,"comment_status":"open","ping_status":"closed","template":"","meta":{"_acf_changed":false},"product_brand":[],"product_cat":[241,240],"product_tag":[],"class_list":{"0":"post-1028626","1":"product","2":"type-product","3":"status-publish","4":"has-post-thumbnail","6":"product_cat-materiaux-a-base-de-terres-rares","7":"product_cat-materiaux-c-n-b-si","9":"first","10":"instock","11":"shipping-taxable","12":"purchasable","13":"product-type-variable"},"acf":[],"_links":{"self":[{"href":"https:\/\/vimaterial.de\/fr\/wp-json\/wp\/v2\/product\/1028626","targetHints":{"allow":["GET"]}}],"collection":[{"href":"https:\/\/vimaterial.de\/fr\/wp-json\/wp\/v2\/product"}],"about":[{"href":"https:\/\/vimaterial.de\/fr\/wp-json\/wp\/v2\/types\/product"}],"replies":[{"embeddable":true,"href":"https:\/\/vimaterial.de\/fr\/wp-json\/wp\/v2\/comments?post=1028626"}],"wp:featuredmedia":[{"embeddable":true,"href":"https:\/\/vimaterial.de\/fr\/wp-json\/wp\/v2\/media\/1034221"}],"wp:attachment":[{"href":"https:\/\/vimaterial.de\/fr\/wp-json\/wp\/v2\/media?parent=1028626"}],"wp:term":[{"taxonomy":"product_brand","embeddable":true,"href":"https:\/\/vimaterial.de\/fr\/wp-json\/wp\/v2\/product_brand?post=1028626"},{"taxonomy":"product_cat","embeddable":true,"href":"https:\/\/vimaterial.de\/fr\/wp-json\/wp\/v2\/product_cat?post=1028626"},{"taxonomy":"product_tag","embeddable":true,"href":"https:\/\/vimaterial.de\/fr\/wp-json\/wp\/v2\/product_tag?post=1028626"}],"curies":[{"name":"wp","href":"https:\/\/api.w.org\/{rel}","templated":true}]}}