{"id":1028607,"date":"2024-06-17T16:08:38","date_gmt":"2024-06-17T08:08:38","guid":{"rendered":"https:\/\/vimaterial.de\/product\/chlorure-de-samarium\/"},"modified":"2024-10-23T16:27:07","modified_gmt":"2024-10-23T08:27:07","slug":"chlorure-de-samarium","status":"publish","type":"product","link":"https:\/\/vimaterial.de\/fr\/product\/chlorure-de-samarium\/","title":{"rendered":"Chlorure de samarium"},"content":{"rendered":"<p>La poudre de chlorure de samarium est un compos\u00e9 de terres rares important.<\/p>\n<h3>Informations de base :<\/h3>\n<p>Formule chimique : SmCl3, compos\u00e9 d\u2019\u00e9l\u00e9ments samarium (Sm) et chlore (Cl).<\/p>\n<p>N\u00b0 CAS : 10361-82-7.<\/p>\n<p>N\u00b0 EINECS : 233-797-0.<\/p>\n<p>Poids mol\u00e9culaire : 256,72.<\/p>\n<p>Apparence\u00a0: G\u00e9n\u00e9ralement poudre blanche \u00e0 jaune.<\/p>\n<p>Densit\u00e9 : 2,383 g\/ml (25\/4\u00b0C).<\/p>\n<p>Point de fusion : 686\u00b12\u00b0C.<\/p>\n<h3>M\u00e9thode de pr\u00e9paration :<\/h3>\n<p>Chloration directe de l\u2019oxyde de terres rares : utilisez de l\u2019oxyde de samarium pour r\u00e9agir avec le chlore gazeux dans certaines conditions afin de produire du chlorure de samarium.<\/p>\n<p>M\u00e9thode de chloration au chlorure d\u2019ammonium\u00a0: M\u00e9langez le chlorure d\u2019ammonium avec de l\u2019oxyde de samarium selon 2 ~ 3 fois la quantit\u00e9 th\u00e9orique et chauffez-le \u00e0 moins de 300 ~ 350 \u00b0C pour chlorer l\u2019oxyde de samarium, puis \u00e9liminez l\u2019exc\u00e8s de chlorure d\u2019ammonium par d\u00e9gazage.<\/p>\n<p>M\u00e9thode de dissolution de l\u2019acide chlorhydrique : Dissoudre l\u2019oxyde de samarium dans l\u2019acide chlorhydrique, \u00e9vaporer, concentrer et pr\u00e9cipiter les cristaux hexahydrat\u00e9s apr\u00e8s refroidissement au bain-marie.<\/p>\n<h3>Utilise:<\/h3>\n<p>Pr\u00e9paration du samarium m\u00e9tal : le chlorure de samarium peut \u00eatre utilis\u00e9 comme mati\u00e8re premi\u00e8re pour la pr\u00e9paration du samarium m\u00e9tal, qui a de nombreuses utilisations dans le domaine des aimants, etc.<\/p>\n<p>Flux\u00a0: Le chlorure de samarium anhydre peut \u00eatre utilis\u00e9 comme flux pour le chlorure de sodium et le chlorure de calcium.<\/p>\n<p>Recherche chimique : Il peut \u00eatre utilis\u00e9 comme mat\u00e9riau de d\u00e9part pour pr\u00e9parer d\u2019autres compos\u00e9s de samarium en laboratoire pour des recherches chimiques connexes.<\/p>\n","protected":false},"excerpt":{"rendered":"<p>La poudre de chlorure de samarium est un compos\u00e9 de terres rares important.<\/p>\n<p>Pr\u00e9paration du samarium m\u00e9tal : SmCl3 peut \u00eatre utilis\u00e9 comme mati\u00e8re premi\u00e8re pour la pr\u00e9paration du samarium m\u00e9tal, qui a de nombreuses utilisations dans le domaine des aimants, etc.<\/p>\n<p>&nbsp;<\/p>\n","protected":false},"featured_media":1034231,"comment_status":"open","ping_status":"closed","template":"","meta":{"_acf_changed":false},"product_brand":[],"product_cat":[241],"product_tag":[],"class_list":{"0":"post-1028607","1":"product","2":"type-product","3":"status-publish","4":"has-post-thumbnail","6":"product_cat-materiaux-a-base-de-terres-rares","8":"first","9":"instock","10":"shipping-taxable","11":"purchasable","12":"product-type-variable"},"acf":[],"_links":{"self":[{"href":"https:\/\/vimaterial.de\/fr\/wp-json\/wp\/v2\/product\/1028607","targetHints":{"allow":["GET"]}}],"collection":[{"href":"https:\/\/vimaterial.de\/fr\/wp-json\/wp\/v2\/product"}],"about":[{"href":"https:\/\/vimaterial.de\/fr\/wp-json\/wp\/v2\/types\/product"}],"replies":[{"embeddable":true,"href":"https:\/\/vimaterial.de\/fr\/wp-json\/wp\/v2\/comments?post=1028607"}],"wp:featuredmedia":[{"embeddable":true,"href":"https:\/\/vimaterial.de\/fr\/wp-json\/wp\/v2\/media\/1034231"}],"wp:attachment":[{"href":"https:\/\/vimaterial.de\/fr\/wp-json\/wp\/v2\/media?parent=1028607"}],"wp:term":[{"taxonomy":"product_brand","embeddable":true,"href":"https:\/\/vimaterial.de\/fr\/wp-json\/wp\/v2\/product_brand?post=1028607"},{"taxonomy":"product_cat","embeddable":true,"href":"https:\/\/vimaterial.de\/fr\/wp-json\/wp\/v2\/product_cat?post=1028607"},{"taxonomy":"product_tag","embeddable":true,"href":"https:\/\/vimaterial.de\/fr\/wp-json\/wp\/v2\/product_tag?post=1028607"}],"curies":[{"name":"wp","href":"https:\/\/api.w.org\/{rel}","templated":true}]}}