{"id":1028585,"date":"2024-06-17T16:08:39","date_gmt":"2024-06-17T08:08:39","guid":{"rendered":"https:\/\/vimaterial.de\/product\/alliage-de-samarium-et-de-cobalt-2\/"},"modified":"2024-10-23T15:16:00","modified_gmt":"2024-10-23T07:16:00","slug":"alliage-de-samarium-et-de-cobalt-2","status":"publish","type":"product","link":"https:\/\/vimaterial.de\/fr\/product\/alliage-de-samarium-et-de-cobalt-2\/","title":{"rendered":"Alliage de samarium et de cobalt"},"content":{"rendered":"<p>La cible en alliage de samarium et de cobalt est une cible importante en mat\u00e9riau magn\u00e9tique.<\/p>\n<p>Informations de base :<\/p>\n<p>Composition\u00a0: Il est compos\u00e9 de deux \u00e9l\u00e9ments de samarium (Sm) et de cobalt (Co) dans un rapport sp\u00e9cifique, et sa formule chimique est SmCo5.<br \/>\nStructure cristalline : Structure cristalline de type CaCu5.<br \/>\nAspect : G\u00e9n\u00e9ralement gris ou noir grumeleux solide.<br \/>\nDensit\u00e9\u00a0: La densit\u00e9 est relativement \u00e9lev\u00e9e, ce qui donne \u00e0 la cible une meilleure stabilit\u00e9 et durabilit\u00e9 dans le processus de pulv\u00e9risation.<br \/>\nDuret\u00e9 : Duret\u00e9 plus \u00e9lev\u00e9e pour r\u00e9sister au bombardement ionique pendant le processus de pulv\u00e9risation et moins susceptible d\u2019\u00eatre d\u00e9form\u00e9e ou endommag\u00e9e.<\/p>\n<p>Domaines d\u2019application :<\/p>\n<p>Champ de stockage magn\u00e9tique : En raison des excellentes propri\u00e9t\u00e9s magn\u00e9tiques des cibles en alliage de samarium et de cobalt, elles peuvent \u00eatre utilis\u00e9es pour pr\u00e9parer des rev\u00eatements magn\u00e9tiques pour des supports de stockage magn\u00e9tiques tels que des disques durs, des bandes magn\u00e9tiques, etc., ce qui peut am\u00e9liorer la densit\u00e9 de stockage et la vitesse de lecture et d\u2019\u00e9criture des donn\u00e9es.<\/p>\n<p>Domaine des syst\u00e8mes micro\u00e9lectrom\u00e9caniques (MEMS) : Dans les dispositifs MEMS, les cibles en alliage de samarium et de cobalt peuvent \u00eatre utilis\u00e9es pour pr\u00e9parer des capteurs magn\u00e9tiques miniatures, des actionneurs et d\u2019autres composants afin de fournir des fonctions magn\u00e9tiques aux dispositifs MEMS.<\/p>\n<p>Champ de moteur \u00e0 aimant permanent : Les cibles en alliage de samarium et de cobalt peuvent \u00eatre utilis\u00e9es pour pr\u00e9parer des aimants permanents pour les moteurs \u00e0 aimants permanents, am\u00e9liorant ainsi l\u2019efficacit\u00e9 et la densit\u00e9 de puissance des moteurs.<\/p>\n","protected":false},"excerpt":{"rendered":"<p>La cible en alliage de samarium et de cobalt est une cible importante en mat\u00e9riau magn\u00e9tique.<\/p>\n<p>Champ de stockage magn\u00e9tique : En raison des excellentes propri\u00e9t\u00e9s magn\u00e9tiques des cibles SmCo5, elles peuvent \u00eatre utilis\u00e9es pour pr\u00e9parer des rev\u00eatements magn\u00e9tiques pour les supports de stockage magn\u00e9tiques tels que les disques durs, les bandes magn\u00e9tiques, etc., ce qui peut am\u00e9liorer la densit\u00e9 de stockage et la vitesse de lecture et d\u2019\u00e9criture des donn\u00e9es.<\/p>\n<p>Domaine des syst\u00e8mes micro\u00e9lectrom\u00e9caniques (MEMS) : Dans les dispositifs MEMS, les cibles SmCo5 peuvent \u00eatre utilis\u00e9es pour pr\u00e9parer des capteurs magn\u00e9tiques miniatures, des actionneurs et d\u2019autres composants afin de fournir des fonctions magn\u00e9tiques aux dispositifs MEMS.<\/p>\n","protected":false},"featured_media":1034241,"comment_status":"open","ping_status":"closed","template":"","meta":{"_acf_changed":false},"product_brand":[],"product_cat":[235],"product_tag":[],"class_list":{"0":"post-1028585","1":"product","2":"type-product","3":"status-publish","4":"has-post-thumbnail","6":"product_cat-cibles-de-pulverisation-planaire","8":"first","9":"instock","10":"shipping-taxable","11":"product-type-variable"},"acf":[],"_links":{"self":[{"href":"https:\/\/vimaterial.de\/fr\/wp-json\/wp\/v2\/product\/1028585","targetHints":{"allow":["GET"]}}],"collection":[{"href":"https:\/\/vimaterial.de\/fr\/wp-json\/wp\/v2\/product"}],"about":[{"href":"https:\/\/vimaterial.de\/fr\/wp-json\/wp\/v2\/types\/product"}],"replies":[{"embeddable":true,"href":"https:\/\/vimaterial.de\/fr\/wp-json\/wp\/v2\/comments?post=1028585"}],"wp:featuredmedia":[{"embeddable":true,"href":"https:\/\/vimaterial.de\/fr\/wp-json\/wp\/v2\/media\/1034241"}],"wp:attachment":[{"href":"https:\/\/vimaterial.de\/fr\/wp-json\/wp\/v2\/media?parent=1028585"}],"wp:term":[{"taxonomy":"product_brand","embeddable":true,"href":"https:\/\/vimaterial.de\/fr\/wp-json\/wp\/v2\/product_brand?post=1028585"},{"taxonomy":"product_cat","embeddable":true,"href":"https:\/\/vimaterial.de\/fr\/wp-json\/wp\/v2\/product_cat?post=1028585"},{"taxonomy":"product_tag","embeddable":true,"href":"https:\/\/vimaterial.de\/fr\/wp-json\/wp\/v2\/product_tag?post=1028585"}],"curies":[{"name":"wp","href":"https:\/\/api.w.org\/{rel}","templated":true}]}}