{"id":1028492,"date":"2024-06-17T16:08:40","date_gmt":"2024-06-17T08:08:40","guid":{"rendered":"https:\/\/vimaterial.de\/product\/oxyde-deuropium-3\/"},"modified":"2024-10-23T14:58:01","modified_gmt":"2024-10-23T06:58:01","slug":"oxyde-deuropium-3","status":"publish","type":"product","link":"https:\/\/vimaterial.de\/fr\/product\/oxyde-deuropium-3\/","title":{"rendered":"Oxyde d\u2019europium"},"content":{"rendered":"<p>Oxyde d\u2019europium\u00a0est un compos\u00e9 important de terres rares.<\/p>\n<h3>Informations de base :<\/h3>\n<p>Formule chimique : Eu\u2082O\u2083, indiquant qu\u2019il se compose de deux ions europium (Eu\u00b3\u207a) et de trois ions oxyg\u00e8ne (O\u00b2-).<\/p>\n<p>Poids mol\u00e9culaire : 351,9262.<\/p>\n<p>N\u00b0 CAS : 1308-96-9.<\/p>\n<p>Apparence\u00a0: G\u00e9n\u00e9ralement une poudre l\u00e9g\u00e8rement ros\u00e9e.<\/p>\n<p>Densit\u00e9 : Densit\u00e9 relative 7,42 g\/cm\u00b3.<\/p>\n<p>Point de fusion : le point de fusion est d\u2019environ 2002\u00b0C.<\/p>\n<p>Solubilit\u00e9 : insoluble dans l\u2019eau, mais soluble dans l\u2019acide.<\/p>\n<h3>Utilise:<\/h3>\n<p>Champ de phosphore\u00a0: Oxyde d\u2019europium utilis\u00e9 comme activateur du phosphore rouge pour les t\u00e9l\u00e9viseurs couleur et du phosphore pour les lampes au mercure \u00e0 haute pression, etc. Il joue un r\u00f4le important dans la technologie d\u2019affichage et le domaine de l\u2019\u00e9clairage.<\/p>\n<p>Industrie chimique : Oxyde d\u2019europium peut \u00eatre utilis\u00e9 dans la production de colorants, d\u2019acc\u00e9l\u00e9rateurs de vulcanisation du caoutchouc, de fongicides pesticides, de r\u00e9sines amin\u00e9es, de r\u00e9sines \u00e9thyl\u00e8nediamine-formald\u00e9hyde, d\u2019agent ch\u00e9lateur m\u00e9tallique EDTA, etc.<\/p>\n<p>Autres domaines : utilis\u00e9 comme solvant pour la fibrine, etc., et a certaines applications dans le domaine de la biom\u00e9decine ; Il a \u00e9galement des applications importantes dans l\u2019industrie de l\u2019\u00e9nergie atomique et peut \u00eatre utilis\u00e9 dans la fabrication de mat\u00e9riaux de contr\u00f4le de r\u00e9acteur et de mat\u00e9riaux de protection contre les neutrons.<\/p>\n","protected":false},"excerpt":{"rendered":"<p>L\u2019oxyde d\u2019europium est un compos\u00e9 important de terres rares.<\/p>\n<p>Champ de phosphore : Oxyde d\u2019europium utilis\u00e9 comme activateur du phosphore rouge pour les t\u00e9l\u00e9viseurs couleur et du phosphore pour les lampes au mercure \u00e0 haute pression, etc. Il joue un r\u00f4le important dans la technologie d\u2019affichage et le domaine de l\u2019\u00e9clairage.<\/p>\n<p>Industrie chimique\u00a0: Il peut \u00eatre utilis\u00e9 dans la production de colorants, d\u2019acc\u00e9l\u00e9rateurs de vulcanisation du caoutchouc, de fongicides pesticides, de r\u00e9sines amin\u00e9es, de r\u00e9sines d\u2019\u00e9thyl\u00e8nediamine ur\u00e9e-formald\u00e9hyde, d\u2019agent ch\u00e9lateur m\u00e9tallique EDTA, etc.<\/p>\n","protected":false},"featured_media":1034271,"comment_status":"open","ping_status":"closed","template":"","meta":{"_acf_changed":false},"product_brand":[],"product_cat":[236],"product_tag":[],"class_list":{"0":"post-1028492","1":"product","2":"type-product","3":"status-publish","4":"has-post-thumbnail","6":"product_cat-materiaux-devaporation","8":"first","9":"instock","10":"shipping-taxable","11":"product-type-variable"},"acf":[],"_links":{"self":[{"href":"https:\/\/vimaterial.de\/fr\/wp-json\/wp\/v2\/product\/1028492","targetHints":{"allow":["GET"]}}],"collection":[{"href":"https:\/\/vimaterial.de\/fr\/wp-json\/wp\/v2\/product"}],"about":[{"href":"https:\/\/vimaterial.de\/fr\/wp-json\/wp\/v2\/types\/product"}],"replies":[{"embeddable":true,"href":"https:\/\/vimaterial.de\/fr\/wp-json\/wp\/v2\/comments?post=1028492"}],"wp:featuredmedia":[{"embeddable":true,"href":"https:\/\/vimaterial.de\/fr\/wp-json\/wp\/v2\/media\/1034271"}],"wp:attachment":[{"href":"https:\/\/vimaterial.de\/fr\/wp-json\/wp\/v2\/media?parent=1028492"}],"wp:term":[{"taxonomy":"product_brand","embeddable":true,"href":"https:\/\/vimaterial.de\/fr\/wp-json\/wp\/v2\/product_brand?post=1028492"},{"taxonomy":"product_cat","embeddable":true,"href":"https:\/\/vimaterial.de\/fr\/wp-json\/wp\/v2\/product_cat?post=1028492"},{"taxonomy":"product_tag","embeddable":true,"href":"https:\/\/vimaterial.de\/fr\/wp-json\/wp\/v2\/product_tag?post=1028492"}],"curies":[{"name":"wp","href":"https:\/\/api.w.org\/{rel}","templated":true}]}}