{"id":1028160,"date":"2024-06-17T16:12:02","date_gmt":"2024-06-17T08:12:02","guid":{"rendered":"https:\/\/vimaterial.de\/product\/chlorure-de-gadolinium\/"},"modified":"2024-10-22T17:19:59","modified_gmt":"2024-10-22T09:19:59","slug":"chlorure-de-gadolinium","status":"publish","type":"product","link":"https:\/\/vimaterial.de\/fr\/product\/chlorure-de-gadolinium\/","title":{"rendered":"Chlorure de gadolinium"},"content":{"rendered":"<p>Les particules de chlorure de gadolinium sont blanches, solubles dans l\u2019eau et l\u2019alcool, et dilib\u00e9rables dans l\u2019air humide. Ils peuvent \u00eatre utilis\u00e9s dans la fabrication de mat\u00e9riaux ferro-alliages de gadolinium, d\u2019interm\u00e9diaires de compos\u00e9s de gadolinium et de r\u00e9actifs chimiques. Sa formule chimique est GdCl3 ou GdCl3 6H2O.<\/p>\n<p>Propri\u00e9t\u00e9s:<\/p>\n<p>Num\u00e9ro EINECS : 233-386-6<br \/>\nApparence : G\u00e9n\u00e9ralement blanc cristallin granulaire<br \/>\nDensit\u00e9 : environ 4,52 g\/cm\u00b3<br \/>\nPoint de fusion : Le point de fusion du chlorure de gadolinium anhydre est de 609\u00b0C ; Le chlorure de gadolinium hexahydrat\u00e9 perdra progressivement de l\u2019eau cristalline lorsqu\u2019il est chauff\u00e9 et deviendra finalement anhydre<br \/>\nSolubilit\u00e9 : Facilement soluble dans l\u2019eau et l\u2019\u00e9thanol, d\u00e9liquescence facile dans l\u2019air humide<\/p>\n<p>Application :<\/p>\n<p>Domaine industriel : il peut \u00eatre utilis\u00e9 dans la fabrication de mat\u00e9riaux ferro-alliages de gadolinium, qui ont des applications dans les mat\u00e9riaux magn\u00e9tiques permanents, les mat\u00e9riaux magn\u00e9tostrictifs, etc. C\u2019est \u00e9galement une source importante d\u2019interm\u00e9diaires de compos\u00e9s de gadolinium pour la synth\u00e8se ult\u00e9rieure d\u2019autres compos\u00e9s de gadolinium.<\/p>\n<p>R\u00e9actifs chimiques : En tant que r\u00e9actif chimique couramment utilis\u00e9 en laboratoire, il est utilis\u00e9 pour l\u2019analyse chimique associ\u00e9e, la recherche exp\u00e9rimentale, etc.<\/p>\n<p>M\u00e9dical : Certains compos\u00e9s contenant du gadolinum peuvent \u00eatre utilis\u00e9s comme agents de contraste en imagerie par r\u00e9sonance magn\u00e9tique (IRM) pour aider \u00e0 am\u00e9liorer la clart\u00e9 et la pr\u00e9cision de l\u2019imagerie.<\/p>\n","protected":false},"excerpt":{"rendered":"<p>Les particules de chlorure de gadolinium sont blanches, solubles dans l\u2019eau et l\u2019alcool, et dilib\u00e9rables dans l\u2019air humide. Ils peuvent \u00eatre utilis\u00e9s dans la fabrication de mat\u00e9riaux ferro-alliages de gadolinium, d\u2019interm\u00e9diaires de compos\u00e9s de gadolinium et de r\u00e9actifs chimiques. Sa formule chimique est GdCl3 ou GdCl3 6H2O.<\/p>\n","protected":false},"featured_media":1037656,"comment_status":"open","ping_status":"closed","template":"","meta":{"_acf_changed":false},"product_brand":[],"product_cat":[236],"product_tag":[],"class_list":{"0":"post-1028160","1":"product","2":"type-product","3":"status-publish","4":"has-post-thumbnail","6":"product_cat-materiaux-devaporation","8":"first","9":"instock","10":"shipping-taxable","11":"purchasable","12":"product-type-variable"},"acf":[],"_links":{"self":[{"href":"https:\/\/vimaterial.de\/fr\/wp-json\/wp\/v2\/product\/1028160","targetHints":{"allow":["GET"]}}],"collection":[{"href":"https:\/\/vimaterial.de\/fr\/wp-json\/wp\/v2\/product"}],"about":[{"href":"https:\/\/vimaterial.de\/fr\/wp-json\/wp\/v2\/types\/product"}],"replies":[{"embeddable":true,"href":"https:\/\/vimaterial.de\/fr\/wp-json\/wp\/v2\/comments?post=1028160"}],"wp:featuredmedia":[{"embeddable":true,"href":"https:\/\/vimaterial.de\/fr\/wp-json\/wp\/v2\/media\/1037656"}],"wp:attachment":[{"href":"https:\/\/vimaterial.de\/fr\/wp-json\/wp\/v2\/media?parent=1028160"}],"wp:term":[{"taxonomy":"product_brand","embeddable":true,"href":"https:\/\/vimaterial.de\/fr\/wp-json\/wp\/v2\/product_brand?post=1028160"},{"taxonomy":"product_cat","embeddable":true,"href":"https:\/\/vimaterial.de\/fr\/wp-json\/wp\/v2\/product_cat?post=1028160"},{"taxonomy":"product_tag","embeddable":true,"href":"https:\/\/vimaterial.de\/fr\/wp-json\/wp\/v2\/product_tag?post=1028160"}],"curies":[{"name":"wp","href":"https:\/\/api.w.org\/{rel}","templated":true}]}}