{"id":1028106,"date":"2024-06-17T16:12:03","date_gmt":"2024-06-17T08:12:03","guid":{"rendered":"https:\/\/vimaterial.de\/product\/fluorure-de-gadolinium-dfm-2\/"},"modified":"2024-10-23T13:40:51","modified_gmt":"2024-10-23T05:40:51","slug":"fluorure-de-gadolinium-dfm-2","status":"publish","type":"product","link":"https:\/\/vimaterial.de\/fr\/product\/fluorure-de-gadolinium-dfm-2\/","title":{"rendered":"Fluorure de gadolinium (DFM)"},"content":{"rendered":"<p>La cible au fluorure de gadolinium est une cible de pulv\u00e9risation importante avec de multiples propri\u00e9t\u00e9s et applications.<\/p>\n<h3>Informations de base :<\/h3>\n<p>Composition\u00a0: le composant principal est GdF\u2083, qui se compose des \u00e9l\u00e9ments gadolinium et fluor.<\/p>\n<p>Apparence\u00a0: G\u00e9n\u00e9ralement des flocons solides, ronds ou d\u2019autres formes personnalis\u00e9es.<\/p>\n<p>Densit\u00e9 : relativement \u00e9lev\u00e9e, ce qui conf\u00e8re aux cibles de fluorure de gadolinium une bonne stabilit\u00e9 lors de la pulv\u00e9risation.<\/p>\n<p>Point de fusion : 1231\u00b0C.<\/p>\n<p>Duret\u00e9\u00a0: A un certain degr\u00e9 de duret\u00e9 pour r\u00e9sister au bombardement et \u00e0 l\u2019abrasion par les ions pendant le processus de pulv\u00e9risation.<\/p>\n<h3>Domaine d\u2019application :<\/h3>\n<p>Champ optique : il peut \u00eatre utilis\u00e9 pour pr\u00e9parer des films optiques, tels que le placage de films GdF\u2083 sur des lentilles optiques, des filtres, des dispositifs laser et d\u2019autres composants optiques, ce qui peut am\u00e9liorer les performances des composants optiques, tels que l\u2019augmentation de l\u2019indice de r\u00e9fraction et l\u2019am\u00e9lioration de la transmission optique.<\/p>\n<p>Domaine \u00e9lectronique\u00a0: dans la fabrication de dispositifs \u00e9lectroniques, la cible GdF\u2083 peut \u00eatre utilis\u00e9e pour la pr\u00e9paration de films \u00e9lectroniques, tels que des dispositifs semi-conducteurs, des circuits int\u00e9gr\u00e9s et d\u2019autres composants \u00e9lectroniques recouverts d\u2019un film de fluorure de gadolinium, peut am\u00e9liorer les performances des composants \u00e9lectroniques, tels que l\u2019am\u00e9lioration de la conductivit\u00e9 \u00e9lectrique, des propri\u00e9t\u00e9s magn\u00e9tiques am\u00e9lior\u00e9es.<\/p>\n<p>Recherche en science des mat\u00e9riaux : Parce que le fluorure de gadolinium a des propri\u00e9t\u00e9s physiques et chimiques uniques, les cibles de fluorure de gadolinium ont \u00e9galement des applications importantes dans la recherche en science des mat\u00e9riaux.<\/p>\n","protected":false},"excerpt":{"rendered":"<p>La cible au fluorure de gadolinium est une cible de pulv\u00e9risation importante avec de multiples propri\u00e9t\u00e9s et applications.<\/p>\n<p>Champ optique : il peut \u00eatre utilis\u00e9 pour pr\u00e9parer des films optiques, tels que le placage de films GdF\u2083 sur des lentilles optiques, des filtres, des dispositifs laser et d\u2019autres composants optiques, ce qui peut am\u00e9liorer les performances des composants optiques, tels que l\u2019augmentation de l\u2019indice de r\u00e9fraction et l\u2019am\u00e9lioration de la transmission optique.<\/p>\n<p>Domaine \u00e9lectronique\u00a0: dans la fabrication de dispositifs \u00e9lectroniques, la cible GdF\u2083 peut \u00eatre utilis\u00e9e pour la pr\u00e9paration de films \u00e9lectroniques, tels que des dispositifs semi-conducteurs, des circuits int\u00e9gr\u00e9s et d\u2019autres composants \u00e9lectroniques recouverts d\u2019un film GdF\u2083, peut am\u00e9liorer les performances des composants \u00e9lectroniques, tels que l\u2019am\u00e9lioration de la conductivit\u00e9 \u00e9lectrique, des propri\u00e9t\u00e9s magn\u00e9tiques am\u00e9lior\u00e9es.<\/p>\n","protected":false},"featured_media":1038738,"comment_status":"open","ping_status":"closed","template":"","meta":{"_acf_changed":false},"product_brand":[],"product_cat":[235],"product_tag":[],"class_list":{"0":"post-1028106","1":"product","2":"type-product","3":"status-publish","4":"has-post-thumbnail","6":"product_cat-cibles-de-pulverisation-planaire","8":"first","9":"instock","10":"shipping-taxable","11":"product-type-variable"},"acf":[],"_links":{"self":[{"href":"https:\/\/vimaterial.de\/fr\/wp-json\/wp\/v2\/product\/1028106","targetHints":{"allow":["GET"]}}],"collection":[{"href":"https:\/\/vimaterial.de\/fr\/wp-json\/wp\/v2\/product"}],"about":[{"href":"https:\/\/vimaterial.de\/fr\/wp-json\/wp\/v2\/types\/product"}],"replies":[{"embeddable":true,"href":"https:\/\/vimaterial.de\/fr\/wp-json\/wp\/v2\/comments?post=1028106"}],"wp:featuredmedia":[{"embeddable":true,"href":"https:\/\/vimaterial.de\/fr\/wp-json\/wp\/v2\/media\/1038738"}],"wp:attachment":[{"href":"https:\/\/vimaterial.de\/fr\/wp-json\/wp\/v2\/media?parent=1028106"}],"wp:term":[{"taxonomy":"product_brand","embeddable":true,"href":"https:\/\/vimaterial.de\/fr\/wp-json\/wp\/v2\/product_brand?post=1028106"},{"taxonomy":"product_cat","embeddable":true,"href":"https:\/\/vimaterial.de\/fr\/wp-json\/wp\/v2\/product_cat?post=1028106"},{"taxonomy":"product_tag","embeddable":true,"href":"https:\/\/vimaterial.de\/fr\/wp-json\/wp\/v2\/product_tag?post=1028106"}],"curies":[{"name":"wp","href":"https:\/\/api.w.org\/{rel}","templated":true}]}}