{"id":1028094,"date":"2024-06-17T16:12:03","date_gmt":"2024-06-17T08:12:03","guid":{"rendered":"https:\/\/vimaterial.de\/product\/scandate-de-gadolinium-3\/"},"modified":"2024-10-23T14:30:16","modified_gmt":"2024-10-23T06:30:16","slug":"scandate-de-gadolinium-3","status":"publish","type":"product","link":"https:\/\/vimaterial.de\/fr\/product\/scandate-de-gadolinium-3\/","title":{"rendered":"Gadolinium Scandate"},"content":{"rendered":"<p>Les cibles de gadolinium Scandate sont des mat\u00e9riaux aux propri\u00e9t\u00e9s exceptionnelles et au potentiel d\u2019application.<\/p>\n<h3>Propri\u00e9t\u00e9s de base :<\/h3>\n<p>Composition : compos\u00e9 de trois \u00e9l\u00e9ments : le gadolinium (Gd), le scandium (Sc) et l\u2019oxyg\u00e8ne (O).<\/p>\n<p>Structure cristalline : Il appartient au syst\u00e8me cristallin orthorhombique, et le groupe spatial est Pnma (62).<\/p>\n<p>Aspect : g\u00e9n\u00e9ralement solide sous forme de flocons ou de disques.<\/p>\n<h3>Domaine d\u2019application :<\/h3>\n<p>Domaine des semi-conducteurs\u00a0: Gadolinium Scandate peut \u00eatre utilis\u00e9 dans la fabrication de dispositifs \u00e0 semi-conducteurs, tels que dans les circuits int\u00e9gr\u00e9s, les transistors \u00e0 couche mince et d\u2019autres dispositifs, en pulv\u00e9risant la cible GdScO\u2083 pour former un film mince, il peut am\u00e9liorer les performances \u00e9lectriques et la stabilit\u00e9 du dispositif.<\/p>\n<p>Champ optique : Gr\u00e2ce \u00e0 ses propri\u00e9t\u00e9s optiques particuli\u00e8res, il peut \u00eatre utilis\u00e9 pour pr\u00e9parer des films optiques, tels que des films am\u00e9liorant la transmission, des films r\u00e9fl\u00e9chissants, des films polarisants, etc. Ces films optiques ont un large \u00e9ventail d\u2019applications dans les dispositifs optiques, la technologie laser, la communication optique et d\u2019autres domaines.<\/p>\n<p>Champ magn\u00e9tique : Parce que le gadolinium poss\u00e8de certaines propri\u00e9t\u00e9s magn\u00e9tiques, les cibles GdScO\u2083 ont \u00e9galement des applications potentielles dans le domaine du magn\u00e9tisme. Par exemple, il peut \u00eatre utilis\u00e9 pour pr\u00e9parer des films magn\u00e9tiques destin\u00e9s \u00e0 \u00eatre utilis\u00e9s dans des dispositifs tels que le stockage magn\u00e9tique et les capteurs magn\u00e9tiques.<\/p>\n<p>Champ de supraconductivit\u00e9 : Dans certaines recherches sur les mat\u00e9riaux supraconducteurs, les cibles GdScO\u2083 peuvent \u00eatre utilis\u00e9es comme dopants ou mat\u00e9riaux de substrat pour am\u00e9liorer les propri\u00e9t\u00e9s des mat\u00e9riaux supraconducteurs.<\/p>\n","protected":false},"excerpt":{"rendered":"<p>Les cibles de gadolinium Scandate sont des mat\u00e9riaux aux propri\u00e9t\u00e9s exceptionnelles et au potentiel d\u2019application.<\/p>\n<p>Domaine des semi-conducteurs\u00a0: Gadolinium Scandate peut \u00eatre utilis\u00e9 dans la fabrication de dispositifs \u00e0 semi-conducteurs, tels que dans les circuits int\u00e9gr\u00e9s, les transistors \u00e0 couche mince et d\u2019autres dispositifs, en pulv\u00e9risant la cible GdScO\u2083 pour former un film mince, il peut am\u00e9liorer les performances \u00e9lectriques et la stabilit\u00e9 du dispositif.<\/p>\n<p>Champ optique : Gr\u00e2ce \u00e0 ses propri\u00e9t\u00e9s optiques particuli\u00e8res, il peut \u00eatre utilis\u00e9 pour pr\u00e9parer des films optiques, tels que des films am\u00e9liorant la transmission, des films r\u00e9fl\u00e9chissants, des films polarisants, etc. Ces films optiques ont un large \u00e9ventail d\u2019applications dans les dispositifs optiques, la technologie laser, la communication optique et d\u2019autres domaines.<\/p>\n","protected":false},"featured_media":1038745,"comment_status":"open","ping_status":"closed","template":"","meta":{"_acf_changed":false},"product_brand":[],"product_cat":[236],"product_tag":[],"class_list":{"0":"post-1028094","1":"product","2":"type-product","3":"status-publish","4":"has-post-thumbnail","6":"product_cat-materiaux-devaporation","8":"first","9":"instock","10":"shipping-taxable","11":"purchasable","12":"product-type-variable"},"acf":[],"_links":{"self":[{"href":"https:\/\/vimaterial.de\/fr\/wp-json\/wp\/v2\/product\/1028094","targetHints":{"allow":["GET"]}}],"collection":[{"href":"https:\/\/vimaterial.de\/fr\/wp-json\/wp\/v2\/product"}],"about":[{"href":"https:\/\/vimaterial.de\/fr\/wp-json\/wp\/v2\/types\/product"}],"replies":[{"embeddable":true,"href":"https:\/\/vimaterial.de\/fr\/wp-json\/wp\/v2\/comments?post=1028094"}],"wp:featuredmedia":[{"embeddable":true,"href":"https:\/\/vimaterial.de\/fr\/wp-json\/wp\/v2\/media\/1038745"}],"wp:attachment":[{"href":"https:\/\/vimaterial.de\/fr\/wp-json\/wp\/v2\/media?parent=1028094"}],"wp:term":[{"taxonomy":"product_brand","embeddable":true,"href":"https:\/\/vimaterial.de\/fr\/wp-json\/wp\/v2\/product_brand?post=1028094"},{"taxonomy":"product_cat","embeddable":true,"href":"https:\/\/vimaterial.de\/fr\/wp-json\/wp\/v2\/product_cat?post=1028094"},{"taxonomy":"product_tag","embeddable":true,"href":"https:\/\/vimaterial.de\/fr\/wp-json\/wp\/v2\/product_tag?post=1028094"}],"curies":[{"name":"wp","href":"https:\/\/api.w.org\/{rel}","templated":true}]}}