{"id":1028088,"date":"2024-06-17T16:12:03","date_gmt":"2024-06-17T08:12:03","guid":{"rendered":"https:\/\/vimaterial.de\/product\/scandate-de-gadolinium-2\/"},"modified":"2024-10-23T14:07:48","modified_gmt":"2024-10-23T06:07:48","slug":"scandate-de-gadolinium-2","status":"publish","type":"product","link":"https:\/\/vimaterial.de\/fr\/product\/scandate-de-gadolinium-2\/","title":{"rendered":"Gadolinium Scandate"},"content":{"rendered":"<p>Les particules Gadolinium Scandate un mat\u00e9riau aux propri\u00e9t\u00e9s uniques et aux applications potentielles.<\/p>\n<h3>Informations de base :<\/h3>\n<p>Composition chimique : compos\u00e9 de trois \u00e9l\u00e9ments : le gadolinium (Gd), le scandium (Sc) et l\u2019oxyg\u00e8ne (O).<\/p>\n<p>Structure cristalline : Il appartient au syst\u00e8me cristallin orthorhombique avec le groupe d\u2019espace Pnma (62).<\/p>\n<p>Densit\u00e9 : Relativement \u00e9lev\u00e9e, ce qui lui conf\u00e8re une bonne stabilit\u00e9 et un bon poids dans certaines applications.<\/p>\n<p>Duret\u00e9\u00a0: Il a un certain degr\u00e9 de duret\u00e9, ce qui lui permet de r\u00e9sister aux forces ext\u00e9rieures dans une certaine mesure.<\/p>\n<h3>Propri\u00e9t\u00e9s chimiques :<\/h3>\n<p>Stabilit\u00e9 chimique : Le scandate de gadolinium a une bonne stabilit\u00e9 chimique \u00e0 temp\u00e9rature et pression ambiantes, mais dans un environnement chimique sp\u00e9cifique, tel qu\u2019un acide fort et un alcali, un certain degr\u00e9 de r\u00e9action chimique peut se produire.<\/p>\n<p>R\u00e9activit\u00e9\u00a0: en raison de sa structure cristalline sp\u00e9ciale et de sa structure \u00e9lectronique, il peut montrer une certaine activit\u00e9 dans certaines r\u00e9actions chimiques, par exemple, lorsqu\u2019il r\u00e9agit avec certains oxydes m\u00e9talliques ou d\u2019autres compos\u00e9s, il peut subir des r\u00e9actions d\u2019\u00e9change d\u2019ions, redox et autres.<\/p>\n<h3>Domaines d\u2019application :<\/h3>\n<p>Mat\u00e9riaux laser : dop\u00e9 \u00e0 certains ions de terres rares, le Gadolinium Scandate peut \u00eatre utilis\u00e9 comme mat\u00e9riau matriciel pour les cristaux laser et utilis\u00e9 dans la pr\u00e9paration des lasers.<\/p>\n<p>Dispositifs optiques : Gr\u00e2ce \u00e0 ses propri\u00e9t\u00e9s bir\u00e9fringentes, il est utilis\u00e9 pour pr\u00e9parer des dispositifs optiques tels que des polariseurs optiques et des plaques d\u2019onde, qui ont un potentiel d\u2019application dans les domaines de la communication optique et de la d\u00e9tection optique.<\/p>\n<p>Catalyseur : Il peut avoir une activit\u00e9 catalytique dans certaines r\u00e9actions chimiques, par exemple, dans l\u2019oxydation catalytique, l\u2019hydrog\u00e9nation catalytique et d\u2019autres r\u00e9actions, il peut \u00eatre utilis\u00e9 comme catalyseur ou support de catalyseur pour am\u00e9liorer l\u2019efficacit\u00e9 et la s\u00e9lectivit\u00e9 de la r\u00e9action.<\/p>\n<p>Capteurs : En raison de sa sensibilit\u00e9 aux changements de grandeurs physiques telles que la temp\u00e9rature et la pression, Gadolinium Scandate peut \u00eatre utilis\u00e9 pour pr\u00e9parer des capteurs de temp\u00e9rature, des capteurs de pression, etc.<\/p>\n","protected":false},"excerpt":{"rendered":"<p>Les particules Gadolinium Scandate un mat\u00e9riau aux propri\u00e9t\u00e9s uniques et aux applications potentielles.<\/p>\n<p>Mat\u00e9riaux laser : dop\u00e9 avec certains ions de terres rares, il peut \u00eatre utilis\u00e9 comme mat\u00e9riau matriciel pour les cristaux laser et utilis\u00e9 dans la pr\u00e9paration de lasers.<\/p>\n<p>Dispositifs optiques : Gr\u00e2ce \u00e0 ses propri\u00e9t\u00e9s bir\u00e9fringentes, il est utilis\u00e9 pour pr\u00e9parer des dispositifs optiques tels que des polariseurs optiques et des plaques d\u2019onde, qui ont un potentiel d\u2019application dans les domaines de la communication optique et de la d\u00e9tection optique.<\/p>\n","protected":false},"featured_media":1038745,"comment_status":"open","ping_status":"closed","template":"","meta":{"_acf_changed":false},"product_brand":[],"product_cat":[236],"product_tag":[],"class_list":{"0":"post-1028088","1":"product","2":"type-product","3":"status-publish","4":"has-post-thumbnail","6":"product_cat-materiaux-devaporation","8":"first","9":"instock","10":"shipping-taxable","11":"product-type-variable"},"acf":[],"_links":{"self":[{"href":"https:\/\/vimaterial.de\/fr\/wp-json\/wp\/v2\/product\/1028088","targetHints":{"allow":["GET"]}}],"collection":[{"href":"https:\/\/vimaterial.de\/fr\/wp-json\/wp\/v2\/product"}],"about":[{"href":"https:\/\/vimaterial.de\/fr\/wp-json\/wp\/v2\/types\/product"}],"replies":[{"embeddable":true,"href":"https:\/\/vimaterial.de\/fr\/wp-json\/wp\/v2\/comments?post=1028088"}],"wp:featuredmedia":[{"embeddable":true,"href":"https:\/\/vimaterial.de\/fr\/wp-json\/wp\/v2\/media\/1038745"}],"wp:attachment":[{"href":"https:\/\/vimaterial.de\/fr\/wp-json\/wp\/v2\/media?parent=1028088"}],"wp:term":[{"taxonomy":"product_brand","embeddable":true,"href":"https:\/\/vimaterial.de\/fr\/wp-json\/wp\/v2\/product_brand?post=1028088"},{"taxonomy":"product_cat","embeddable":true,"href":"https:\/\/vimaterial.de\/fr\/wp-json\/wp\/v2\/product_cat?post=1028088"},{"taxonomy":"product_tag","embeddable":true,"href":"https:\/\/vimaterial.de\/fr\/wp-json\/wp\/v2\/product_tag?post=1028088"}],"curies":[{"name":"wp","href":"https:\/\/api.w.org\/{rel}","templated":true}]}}