{"id":1028025,"date":"2024-06-17T16:12:04","date_gmt":"2024-06-17T08:12:04","guid":{"rendered":"https:\/\/vimaterial.de\/product\/terbium-metal-4\/"},"modified":"2024-10-23T10:52:50","modified_gmt":"2024-10-23T02:52:50","slug":"terbium-metal-4","status":"publish","type":"product","link":"https:\/\/vimaterial.de\/fr\/product\/terbium-metal-4\/","title":{"rendered":"Terbium m\u00e9tal"},"content":{"rendered":"<p>Les particules de terbium sont un mat\u00e9riau m\u00e9tallique important des terres rares.<\/p>\n<h3>Informations de base :<\/h3>\n<p>Num\u00e9ro atomique : 65.<\/p>\n<p>Poids atomique : 158,9254.<\/p>\n<p>Caract\u00e9ristiques d\u2019apparence\u00a0: Les particules m\u00e9talliques de terbium pur ont un \u00e9clat m\u00e9tallique gris argent\u00e9 dans des conditions normales.<\/p>\n<p>Densit\u00e9 : 8,272 g\/cm\u00b3.<\/p>\n<h3>Utilise:<\/h3>\n<p>Champ des mat\u00e9riaux magn\u00e9tiques : le terbium est largement utilis\u00e9 dans les mat\u00e9riaux magn\u00e9tiques. Par exemple, en ajoutant des particules de terbium aux mat\u00e9riaux magn\u00e9tiques permanents, la coercivit\u00e9 et les propri\u00e9t\u00e9s magn\u00e9tiques des mat\u00e9riaux peuvent \u00eatre am\u00e9lior\u00e9es et utilis\u00e9es pour fabriquer des aimants permanents \u00e0 haute performance, tels que dans les moteurs \u00e9lectriques, les g\u00e9n\u00e9rateurs, les \u00e9quipements d\u2019imagerie par r\u00e9sonance magn\u00e9tique, etc.<\/p>\n<p>Mat\u00e9riaux optiques : Les compos\u00e9s de terbium ont des propri\u00e9t\u00e9s optiques uniques et peuvent \u00eatre utilis\u00e9s dans la fabrication de verre optique et de phosphores. Dans les luminophes, le terbium joue le r\u00f4le d\u2019excitateur et peut \u00e9mettre de la lumi\u00e8re verte avec une couleur de lumi\u00e8re bonne et pure, qui peut \u00eatre utilis\u00e9e dans l\u2019affichage des couleurs, l\u2019\u00e9clairage et d\u2019autres domaines.<\/p>\n<p>Industrie de l\u2019\u00e9nergie atomique : Le terbium peut \u00eatre utilis\u00e9 comme mat\u00e9riau de contr\u00f4le et mat\u00e9riau structurel dans l\u2019industrie de l\u2019\u00e9nergie atomique. Le terbium peut \u00eatre utilis\u00e9 dans les r\u00e9acteurs nucl\u00e9aires et d\u2019autres environnements difficiles en raison de sa r\u00e9sistance \u00e9lev\u00e9e aux radiations et de sa grande stabilit\u00e9 \u00e0 la temp\u00e9rature.<\/p>\n","protected":false},"excerpt":{"rendered":"<p>Les particules de terbium m\u00e9tal sont un mat\u00e9riau m\u00e9tallique de terre rare important.<\/p>\n<p>Champ des mat\u00e9riaux magn\u00e9tiques : le terbium m\u00e9tal est largement utilis\u00e9 dans les mat\u00e9riaux magn\u00e9tiques. Par exemple, en ajoutant des particules de terbium aux mat\u00e9riaux magn\u00e9tiques permanents, la coercivit\u00e9 et les propri\u00e9t\u00e9s magn\u00e9tiques des mat\u00e9riaux peuvent \u00eatre am\u00e9lior\u00e9es et utilis\u00e9es pour fabriquer des aimants permanents \u00e0 haute performance, tels que dans les moteurs \u00e9lectriques, les g\u00e9n\u00e9rateurs, les \u00e9quipements d\u2019imagerie par r\u00e9sonance magn\u00e9tique, etc.<\/p>\n<p>Mat\u00e9riaux optiques : Les compos\u00e9s de terbium ont des propri\u00e9t\u00e9s optiques uniques et peuvent \u00eatre utilis\u00e9s dans la fabrication de verre optique et de phosphores. Dans les luminophes, le terbium joue le r\u00f4le d\u2019excitateur et peut \u00e9mettre de la lumi\u00e8re verte avec une couleur de lumi\u00e8re bonne et pure, qui peut \u00eatre utilis\u00e9e dans l\u2019affichage des couleurs, l\u2019\u00e9clairage et d\u2019autres domaines.<\/p>\n<p>&nbsp;<\/p>\n","protected":false},"featured_media":1038694,"comment_status":"open","ping_status":"closed","template":"","meta":{"_acf_changed":false},"product_brand":[],"product_cat":[236],"product_tag":[],"class_list":{"0":"post-1028025","1":"product","2":"type-product","3":"status-publish","4":"has-post-thumbnail","6":"product_cat-materiaux-devaporation","8":"first","9":"instock","10":"shipping-taxable","11":"product-type-variable"},"acf":[],"_links":{"self":[{"href":"https:\/\/vimaterial.de\/fr\/wp-json\/wp\/v2\/product\/1028025","targetHints":{"allow":["GET"]}}],"collection":[{"href":"https:\/\/vimaterial.de\/fr\/wp-json\/wp\/v2\/product"}],"about":[{"href":"https:\/\/vimaterial.de\/fr\/wp-json\/wp\/v2\/types\/product"}],"replies":[{"embeddable":true,"href":"https:\/\/vimaterial.de\/fr\/wp-json\/wp\/v2\/comments?post=1028025"}],"wp:featuredmedia":[{"embeddable":true,"href":"https:\/\/vimaterial.de\/fr\/wp-json\/wp\/v2\/media\/1038694"}],"wp:attachment":[{"href":"https:\/\/vimaterial.de\/fr\/wp-json\/wp\/v2\/media?parent=1028025"}],"wp:term":[{"taxonomy":"product_brand","embeddable":true,"href":"https:\/\/vimaterial.de\/fr\/wp-json\/wp\/v2\/product_brand?post=1028025"},{"taxonomy":"product_cat","embeddable":true,"href":"https:\/\/vimaterial.de\/fr\/wp-json\/wp\/v2\/product_cat?post=1028025"},{"taxonomy":"product_tag","embeddable":true,"href":"https:\/\/vimaterial.de\/fr\/wp-json\/wp\/v2\/product_tag?post=1028025"}],"curies":[{"name":"wp","href":"https:\/\/api.w.org\/{rel}","templated":true}]}}