{"id":1028002,"date":"2024-06-17T16:12:04","date_gmt":"2024-06-17T08:12:04","guid":{"rendered":"https:\/\/vimaterial.de\/product\/terbium-metal-3\/"},"modified":"2024-10-23T11:12:03","modified_gmt":"2024-10-23T03:12:03","slug":"terbium-metal-3","status":"publish","type":"product","link":"https:\/\/vimaterial.de\/fr\/product\/terbium-metal-3\/","title":{"rendered":"Terbium m\u00e9tal"},"content":{"rendered":"<p>La poudre de terbium m\u00e9tal est une poudre de m\u00e9tal de terre rare importante.<\/p>\n<h3>Propri\u00e9t\u00e9s de base :<\/h3>\n<p>Num\u00e9ro atomique : 65.<\/p>\n<p>Poids atomique : 158,9254.<\/p>\n<p>Caract\u00e9ristiques d\u2019apparence : se pr\u00e9sente g\u00e9n\u00e9ralement sous la forme d\u2019une poudre gris argent\u00e9 ou blanche.<\/p>\n<p>Densit\u00e9 : 8,234 g\/mL (\u00e0 25\u00b0C).<\/p>\n<p>Point de fusion : 1356\u00b0C.<\/p>\n<p>Point d\u2019\u00e9bullition : 3230\u00b0C.<\/p>\n<h4>Propri\u00e9t\u00e9s chimiques :<\/h4>\n<p>Activit\u00e9 : la poudre de terbium est chimiquement plus active et il est facile d\u2019avoir une r\u00e9action d\u2019oxydation lente avec l\u2019oxyg\u00e8ne de l\u2019air. Dans le m\u00eame temps, il peut r\u00e9agir avec l\u2019eau froide et doit \u00e9viter le contact avec les oxydes, les acides et l\u2019humidit\u00e9 humide pour \u00e9viter les r\u00e9actions chimiques.<\/p>\n<p>R\u00e9activit\u00e9 : Il peut r\u00e9agir avec certains acides pour produire du sel de terbium et de l\u2019hydrog\u00e8ne gazeux correspondants. Par exemple, le chlorure de terbium et l\u2019hydrog\u00e8ne gazeux peuvent \u00eatre g\u00e9n\u00e9r\u00e9s en r\u00e9agissant avec l\u2019acide chlorhydrique.<\/p>\n<h3>Utilise:<\/h3>\n<p>Dans le domaine des mat\u00e9riaux magn\u00e9tiques : dans les mat\u00e9riaux magn\u00e9tiques permanents, l\u2019ajout de poudre de terbium m\u00e9tal peut am\u00e9liorer la coercivit\u00e9 et les propri\u00e9t\u00e9s magn\u00e9tiques du mat\u00e9riau, qui est utilis\u00e9 pour fabriquer des aimants permanents haute performance, tels que dans les moteurs \u00e9lectriques, les g\u00e9n\u00e9rateurs, les \u00e9quipements d\u2019imagerie par r\u00e9sonance magn\u00e9tique, etc. Largement utilis\u00e9.<\/p>\n<p>Mat\u00e9riaux optiques : Les compos\u00e9s m\u00e9talliques de terbium ont des propri\u00e9t\u00e9s optiques uniques, et la poudre de terbium peut \u00eatre utilis\u00e9e dans la fabrication de verre optique et de phosphores. Par exemple, l\u2019oxyde de terbium peut \u00eatre utilis\u00e9 comme activateur pour les phosphores verts dans les tubes d\u2019images de t\u00e9l\u00e9vision couleur.<\/p>\n<p>Industrie de l\u2019\u00e9nergie atomique : Le terbium peut \u00eatre utilis\u00e9 comme mat\u00e9riau de contr\u00f4le et de structure, et peut fonctionner dans des environnements difficiles tels que les r\u00e9acteurs nucl\u00e9aires en raison de sa bonne r\u00e9sistance aux radiations et de sa stabilit\u00e9 \u00e0 haute temp\u00e9rature.<\/p>\n","protected":false},"excerpt":{"rendered":"<p>La poudre de terbium m\u00e9tal est une poudre de m\u00e9tal de terre rare importante.<\/p>\n<p>Dans le domaine des mat\u00e9riaux magn\u00e9tiques : dans les mat\u00e9riaux magn\u00e9tiques permanents, l\u2019ajout de poudre de terbium peut am\u00e9liorer la coercivit\u00e9 et les propri\u00e9t\u00e9s magn\u00e9tiques du mat\u00e9riau, qui est utilis\u00e9 pour fabriquer des aimants permanents haute performance, tels que dans les moteurs \u00e9lectriques, les g\u00e9n\u00e9rateurs, les \u00e9quipements d\u2019imagerie par r\u00e9sonance magn\u00e9tique, etc. Largement utilis\u00e9.<\/p>\n<p>Mat\u00e9riaux optiques : Les compos\u00e9s m\u00e9talliques de terbium ont des propri\u00e9t\u00e9s optiques uniques, et la poudre de terbium peut \u00eatre utilis\u00e9e dans la fabrication de verre optique et de phosphores. Par exemple, l\u2019oxyde de terbium peut \u00eatre utilis\u00e9 comme activateur pour les phosphores verts dans les tubes d\u2019images de t\u00e9l\u00e9vision couleur.<\/p>\n<p>&nbsp;<\/p>\n","protected":false},"featured_media":1038706,"comment_status":"open","ping_status":"closed","template":"","meta":{"_acf_changed":false},"product_brand":[],"product_cat":[166],"product_tag":[],"class_list":{"0":"post-1028002","1":"product","2":"type-product","3":"status-publish","4":"has-post-thumbnail","6":"product_cat-uncategorized-fr","8":"first","9":"instock","10":"shipping-taxable","11":"purchasable","12":"product-type-variable"},"acf":[],"_links":{"self":[{"href":"https:\/\/vimaterial.de\/fr\/wp-json\/wp\/v2\/product\/1028002","targetHints":{"allow":["GET"]}}],"collection":[{"href":"https:\/\/vimaterial.de\/fr\/wp-json\/wp\/v2\/product"}],"about":[{"href":"https:\/\/vimaterial.de\/fr\/wp-json\/wp\/v2\/types\/product"}],"replies":[{"embeddable":true,"href":"https:\/\/vimaterial.de\/fr\/wp-json\/wp\/v2\/comments?post=1028002"}],"wp:featuredmedia":[{"embeddable":true,"href":"https:\/\/vimaterial.de\/fr\/wp-json\/wp\/v2\/media\/1038706"}],"wp:attachment":[{"href":"https:\/\/vimaterial.de\/fr\/wp-json\/wp\/v2\/media?parent=1028002"}],"wp:term":[{"taxonomy":"product_brand","embeddable":true,"href":"https:\/\/vimaterial.de\/fr\/wp-json\/wp\/v2\/product_brand?post=1028002"},{"taxonomy":"product_cat","embeddable":true,"href":"https:\/\/vimaterial.de\/fr\/wp-json\/wp\/v2\/product_cat?post=1028002"},{"taxonomy":"product_tag","embeddable":true,"href":"https:\/\/vimaterial.de\/fr\/wp-json\/wp\/v2\/product_tag?post=1028002"}],"curies":[{"name":"wp","href":"https:\/\/api.w.org\/{rel}","templated":true}]}}