{"id":1027991,"date":"2024-06-17T16:12:04","date_gmt":"2024-06-17T08:12:04","guid":{"rendered":"https:\/\/vimaterial.de\/product\/terbium-metal-2\/"},"modified":"2024-10-23T13:22:19","modified_gmt":"2024-10-23T05:22:19","slug":"terbium-metal-2","status":"publish","type":"product","link":"https:\/\/vimaterial.de\/fr\/product\/terbium-metal-2\/","title":{"rendered":"Terbium m\u00e9tal"},"content":{"rendered":"<p>Les cibles m\u00e9talliques au terbium sont un mat\u00e9riau important.<\/p>\n<h3>Informations de base :<\/h3>\n<p>Num\u00e9ro atomique : 65.<\/p>\n<p>Apparence\u00a0: se pr\u00e9sente g\u00e9n\u00e9ralement sous la forme d\u2019un flocon solide gris argent\u00e9 ou arrondi et d\u2019autres formes.<\/p>\n<p>Densit\u00e9 : 8,27 g\/cm\u00b3.<\/p>\n<p>Point de fusion : 1356\u00b0C.<\/p>\n<h3>Domaine d\u2019application :<\/h3>\n<p>Champ optique : il peut \u00eatre utilis\u00e9 pour pr\u00e9parer des films optiques, tels que le rev\u00eatement de films de terbium sur des lentilles optiques, des filtres, des dispositifs laser et d\u2019autres composants optiques, ce qui peut am\u00e9liorer les performances des composants optiques, tels que l\u2019augmentation de l\u2019indice de r\u00e9fraction et l\u2019am\u00e9lioration de la transmission optique.<\/p>\n<p>\u00c9lectronique : Les cibles de terbium m\u00e9tal peuvent \u00eatre utilis\u00e9es pour pr\u00e9parer des films \u00e9lectroniques dans la fabrication de dispositifs \u00e9lectroniques, tels que dans des dispositifs \u00e0 semi-conducteurs, des circuits int\u00e9gr\u00e9s et d\u2019autres composants \u00e9lectroniques recouverts de films de terbium, ce qui peut am\u00e9liorer les performances des composants \u00e9lectroniques, tels que l\u2019am\u00e9lioration de la conductivit\u00e9 \u00e9lectrique, des propri\u00e9t\u00e9s magn\u00e9tiques am\u00e9lior\u00e9es, etc.<\/p>\n<p>Dans le domaine du magn\u00e9tisme, les cibles de terbium peuvent \u00eatre utilis\u00e9es pour la pr\u00e9paration de films magn\u00e9tiques, tels que des mat\u00e9riaux d\u2019enregistrement magn\u00e9tique, des capteurs magn\u00e9tiques et d\u2019autres dispositifs magn\u00e9tiques recouverts de films de terbium, ce qui peut am\u00e9liorer les performances des dispositifs magn\u00e9tiques, tels que l\u2019augmentation de la densit\u00e9 de stockage magn\u00e9tique, l\u2019am\u00e9lioration de la sensibilit\u00e9 magn\u00e9tique, etc.<\/p>\n","protected":false},"excerpt":{"rendered":"<p>Les cibles m\u00e9talliques au terbium sont un mat\u00e9riau important.<\/p>\n<p>Champ optique : il peut \u00eatre utilis\u00e9 pour pr\u00e9parer des films optiques, tels que le rev\u00eatement de films de terbium sur des lentilles optiques, des filtres, des dispositifs laser et d\u2019autres composants optiques, ce qui peut am\u00e9liorer les performances des composants optiques, tels que l\u2019augmentation de l\u2019indice de r\u00e9fraction et l\u2019am\u00e9lioration de la transmission optique.<\/p>\n<p>\u00c9lectronique : Les cibles de terbium m\u00e9tal peuvent \u00eatre utilis\u00e9es pour pr\u00e9parer des films \u00e9lectroniques dans la fabrication de dispositifs \u00e9lectroniques, tels que dans des dispositifs \u00e0 semi-conducteurs, des circuits int\u00e9gr\u00e9s et d\u2019autres composants \u00e9lectroniques recouverts de films de terbium, ce qui peut am\u00e9liorer les performances des composants \u00e9lectroniques, tels que l\u2019am\u00e9lioration de la conductivit\u00e9 \u00e9lectrique, des propri\u00e9t\u00e9s magn\u00e9tiques am\u00e9lior\u00e9es, etc.<\/p>\n","protected":false},"featured_media":1038727,"comment_status":"open","ping_status":"closed","template":"","meta":{"_acf_changed":false},"product_brand":[],"product_cat":[235],"product_tag":[],"class_list":{"0":"post-1027991","1":"product","2":"type-product","3":"status-publish","4":"has-post-thumbnail","6":"product_cat-cibles-de-pulverisation-planaire","8":"first","9":"instock","10":"shipping-taxable","11":"product-type-variable"},"acf":[],"_links":{"self":[{"href":"https:\/\/vimaterial.de\/fr\/wp-json\/wp\/v2\/product\/1027991","targetHints":{"allow":["GET"]}}],"collection":[{"href":"https:\/\/vimaterial.de\/fr\/wp-json\/wp\/v2\/product"}],"about":[{"href":"https:\/\/vimaterial.de\/fr\/wp-json\/wp\/v2\/types\/product"}],"replies":[{"embeddable":true,"href":"https:\/\/vimaterial.de\/fr\/wp-json\/wp\/v2\/comments?post=1027991"}],"wp:featuredmedia":[{"embeddable":true,"href":"https:\/\/vimaterial.de\/fr\/wp-json\/wp\/v2\/media\/1038727"}],"wp:attachment":[{"href":"https:\/\/vimaterial.de\/fr\/wp-json\/wp\/v2\/media?parent=1027991"}],"wp:term":[{"taxonomy":"product_brand","embeddable":true,"href":"https:\/\/vimaterial.de\/fr\/wp-json\/wp\/v2\/product_brand?post=1027991"},{"taxonomy":"product_cat","embeddable":true,"href":"https:\/\/vimaterial.de\/fr\/wp-json\/wp\/v2\/product_cat?post=1027991"},{"taxonomy":"product_tag","embeddable":true,"href":"https:\/\/vimaterial.de\/fr\/wp-json\/wp\/v2\/product_tag?post=1027991"}],"curies":[{"name":"wp","href":"https:\/\/api.w.org\/{rel}","templated":true}]}}