{"id":1027983,"date":"2024-06-17T16:12:04","date_gmt":"2024-06-17T08:12:04","guid":{"rendered":"https:\/\/vimaterial.de\/product\/terbium-metal\/"},"modified":"2024-10-23T11:33:22","modified_gmt":"2024-10-23T03:33:22","slug":"terbium-metal","status":"publish","type":"product","link":"https:\/\/vimaterial.de\/fr\/product\/terbium-metal\/","title":{"rendered":"Terbium m\u00e9tal"},"content":{"rendered":"<h3>Informations de base<\/h3>\n<p>Composition et structure : La feuille m\u00e9tallique de terbium est principalement compos\u00e9e de l\u2019\u00e9l\u00e9ment terbium (Tb) et est un mat\u00e9riau dans lequel le terbium est transform\u00e9 en une feuille mince. Le terbium m\u00e9tal est un m\u00e9tal de terre rare lanthanide avec un num\u00e9ro atomique de 65, et ses feuilles ont g\u00e9n\u00e9ralement une structure cristalline m\u00e9tallique.<\/p>\n<p>Apparence\u00a0: Il a g\u00e9n\u00e9ralement un \u00e9clat m\u00e9tallique gris argent\u00e9. Sa surface est relativement lisse et plate, et l\u2019\u00e9paisseur de la feuille est g\u00e9n\u00e9ralement tr\u00e8s fine, ce qui la rend tr\u00e8s flexible et lui permet d\u2019\u00eatre pli\u00e9e dans une certaine mesure sans se casser.<\/p>\n<h3>Applications<\/h3>\n<p>\u00c9lectronique : Les feuilles de terbium sont utilis\u00e9es comme mat\u00e9riaux d\u2019\u00e9lectrode ou de blindage \u00e9lectromagn\u00e9tique dans la fabrication de composants \u00e9lectroniques.<\/p>\n<p>Applications optiques : Les feuilles de terbium peuvent \u00eatre utilis\u00e9es comme substrats pour les miroirs optiques ou les filtres optiques. En raison de son \u00e9clat m\u00e9tallique et de certaines propri\u00e9t\u00e9s de r\u00e9flexion optique, la feuille de terbium peut am\u00e9liorer l\u2019efficacit\u00e9 r\u00e9fl\u00e9chissante des syst\u00e8mes optiques ou modifier les caract\u00e9ristiques de propagation de la lumi\u00e8re.<\/p>\n<p>Mat\u00e9riaux auxiliaires pour les mat\u00e9riaux magn\u00e9tiques : La feuille de terbium peut \u00eatre utilis\u00e9e comme additif ou mat\u00e9riau isolant dans la pr\u00e9paration des mat\u00e9riaux magn\u00e9tiques. Par exemple, les feuilles de terbium peuvent \u00eatre utilis\u00e9es pour s\u00e9parer diff\u00e9rentes couches magn\u00e9tiques dans la pr\u00e9paration de mat\u00e9riaux magn\u00e9tiques multicouches, ou comme mat\u00e9riau de dopage pour am\u00e9liorer les propri\u00e9t\u00e9s de l\u2019ensemble du mat\u00e9riau magn\u00e9tique.<\/p>\n","protected":false},"excerpt":{"rendered":"<p>\u00c9lectronique : Les feuilles de terbium m\u00e9tal sont utilis\u00e9es comme mat\u00e9riaux d\u2019\u00e9lectrode ou de blindage \u00e9lectromagn\u00e9tique dans la fabrication de composants \u00e9lectroniques.<\/p>\n<p>Applications optiques : Les feuilles m\u00e9talliques de terbium peuvent \u00eatre utilis\u00e9es comme substrats pour les miroirs optiques ou les filtres optiques. En raison de son \u00e9clat m\u00e9tallique et de certaines propri\u00e9t\u00e9s de r\u00e9flexion optique, la feuille de terbium peut am\u00e9liorer l\u2019efficacit\u00e9 r\u00e9fl\u00e9chissante des syst\u00e8mes optiques ou modifier les caract\u00e9ristiques de propagation de la lumi\u00e8re.<\/p>\n","protected":false},"featured_media":1038716,"comment_status":"open","ping_status":"closed","template":"","meta":{"_acf_changed":false},"product_brand":[],"product_cat":[245],"product_tag":[],"class_list":{"0":"post-1027983","1":"product","2":"type-product","3":"status-publish","4":"has-post-thumbnail","6":"product_cat-profil-fr","8":"first","9":"instock","10":"shipping-taxable","11":"purchasable","12":"product-type-variable"},"acf":[],"_links":{"self":[{"href":"https:\/\/vimaterial.de\/fr\/wp-json\/wp\/v2\/product\/1027983","targetHints":{"allow":["GET"]}}],"collection":[{"href":"https:\/\/vimaterial.de\/fr\/wp-json\/wp\/v2\/product"}],"about":[{"href":"https:\/\/vimaterial.de\/fr\/wp-json\/wp\/v2\/types\/product"}],"replies":[{"embeddable":true,"href":"https:\/\/vimaterial.de\/fr\/wp-json\/wp\/v2\/comments?post=1027983"}],"wp:featuredmedia":[{"embeddable":true,"href":"https:\/\/vimaterial.de\/fr\/wp-json\/wp\/v2\/media\/1038716"}],"wp:attachment":[{"href":"https:\/\/vimaterial.de\/fr\/wp-json\/wp\/v2\/media?parent=1027983"}],"wp:term":[{"taxonomy":"product_brand","embeddable":true,"href":"https:\/\/vimaterial.de\/fr\/wp-json\/wp\/v2\/product_brand?post=1027983"},{"taxonomy":"product_cat","embeddable":true,"href":"https:\/\/vimaterial.de\/fr\/wp-json\/wp\/v2\/product_cat?post=1027983"},{"taxonomy":"product_tag","embeddable":true,"href":"https:\/\/vimaterial.de\/fr\/wp-json\/wp\/v2\/product_tag?post=1027983"}],"curies":[{"name":"wp","href":"https:\/\/api.w.org\/{rel}","templated":true}]}}