{"id":1027962,"date":"2024-06-17T16:12:05","date_gmt":"2024-06-17T08:12:05","guid":{"rendered":"https:\/\/vimaterial.de\/product\/acetate-de-terbium-hydrate\/"},"modified":"2024-10-23T09:06:53","modified_gmt":"2024-10-23T01:06:53","slug":"acetate-de-terbium-hydrate","status":"publish","type":"product","link":"https:\/\/vimaterial.de\/fr\/product\/acetate-de-terbium-hydrate\/","title":{"rendered":"Hydrate d\u2019ac\u00e9tate de terbium"},"content":{"rendered":"<h3>Informations de base :<\/h3>\n<p>Formule chimique : Tb (CH\u2083COO)\u2083\u30fbxH\u2082O, o\u00f9 \u00ab x \u00bb repr\u00e9sente la quantit\u00e9 d\u2019eau de cristallisation, et la valeur exacte variera en fonction des conditions de pr\u00e9paration et d\u2019autres facteurs. Masse molaire : environ 354,07 g\/mol (lorsque x = 0, seule la masse mol\u00e9culaire relative de la portion terbium de l\u2019acide ac\u00e9tique est prise en compte).<\/p>\n<p>Densit\u00e9 : 3,56 g\/cm\u00b3.<\/p>\n<p>Apparence\u00a0: g\u00e9n\u00e9ralement poudre blanche, cristal ou solide granulaire.<\/p>\n<p>Solubilit\u00e9 : soluble dans l\u2019eau, peut former une solution transparente dans l\u2019eau ; \u00c9galement mod\u00e9r\u00e9ment soluble dans les acides min\u00e9raux forts.<\/p>\n<h3>Propri\u00e9t\u00e9s chimiques :<\/h3>\n<p>Dans des conditions de chauffage, l\u2019eau de cristallisation est progressivement perdue et une r\u00e9action de d\u00e9shydratation se produit. Avec une nouvelle augmentation de la temp\u00e9rature, l\u2019ac\u00e9tate se d\u00e9composera pour produire les produits correspondants tels que les oxydes. Il peut r\u00e9agir chimiquement avec d\u2019autres compos\u00e9s, par exemple avec un alcali, pour former un pr\u00e9cipit\u00e9 d\u2019hydroxyde de terbium.<\/p>\n<h3>Utilise:<\/h3>\n<p>Activateur du phosphore vert : Dans les \u00e9quipements d\u2019affichage tels que les tubes d\u2019images de t\u00e9l\u00e9vision couleur, en tant qu\u2019activateur du phosphore vert, Hydrate d\u2019ac\u00e9tate de terbium peut am\u00e9liorer les performances de luminescence du phosphore et rendre l\u2019affichage de l\u2019image plus clair et plus vif.<\/p>\n<p>Mat\u00e9riaux laser sp\u00e9ciaux : Hydrate d\u2019ac\u00e9tate de terbium utilis\u00e9 dans la fabrication de lasers sp\u00e9ciaux, avec des applications importantes dans le domaine de la technologie laser.<\/p>\n<p>Mat\u00e9riau magn\u00e9tostrictif : Hydrate d\u2019ac\u00e9tate de terbium est l\u2019un des composants du mat\u00e9riau magn\u00e9tostrictif Terfenol-D, qui a un effet magn\u00e9tostrictif important et a un large \u00e9ventail d\u2019applications dans les domaines des capteurs et des transducteurs.<\/p>\n","protected":false},"excerpt":{"rendered":"<p>Compos\u00e9s hydrat\u00e9s contenant de l\u2019eau de cristallisation, g\u00e9n\u00e9ralement des cristaux blancs, en poudre ou en granul\u00e9s, densit\u00e9 3,56 g\/cm\u00b3, solubles dans l\u2019eau, mod\u00e9r\u00e9ment solubles dans les acides min\u00e9raux forts. Il a des applications dans les catalyseurs de protection du p\u00e9trole et de l\u2019environnement, les alliages de terres rares, les poudres de polissage, les engrais de terres rares, etc. c\u2019est un activateur de phosphores verts dans les tubes d\u2019images de t\u00e9l\u00e9vision couleur, un mat\u00e9riau pour les lasers sp\u00e9ciaux, un additif dans la production d\u2019alliages et de dispositifs \u00e9lectroniques, et un constituant du mat\u00e9riau magn\u00e9tostrictif Terfenol &#8211; D. Il a \u00e9t\u00e9 utilis\u00e9 dans la production d\u2019une large gamme de produits et est utilis\u00e9 comme additif dans la production d\u2019appareils \u00e9lectroniques.<\/p>\n","protected":false},"featured_media":1038571,"comment_status":"open","ping_status":"closed","template":"","meta":{"_acf_changed":false},"product_brand":[],"product_cat":[241],"product_tag":[],"class_list":{"0":"post-1027962","1":"product","2":"type-product","3":"status-publish","4":"has-post-thumbnail","6":"product_cat-materiaux-a-base-de-terres-rares","8":"first","9":"instock","10":"shipping-taxable","11":"purchasable","12":"product-type-variable"},"acf":[],"_links":{"self":[{"href":"https:\/\/vimaterial.de\/fr\/wp-json\/wp\/v2\/product\/1027962","targetHints":{"allow":["GET"]}}],"collection":[{"href":"https:\/\/vimaterial.de\/fr\/wp-json\/wp\/v2\/product"}],"about":[{"href":"https:\/\/vimaterial.de\/fr\/wp-json\/wp\/v2\/types\/product"}],"replies":[{"embeddable":true,"href":"https:\/\/vimaterial.de\/fr\/wp-json\/wp\/v2\/comments?post=1027962"}],"wp:featuredmedia":[{"embeddable":true,"href":"https:\/\/vimaterial.de\/fr\/wp-json\/wp\/v2\/media\/1038571"}],"wp:attachment":[{"href":"https:\/\/vimaterial.de\/fr\/wp-json\/wp\/v2\/media?parent=1027962"}],"wp:term":[{"taxonomy":"product_brand","embeddable":true,"href":"https:\/\/vimaterial.de\/fr\/wp-json\/wp\/v2\/product_brand?post=1027962"},{"taxonomy":"product_cat","embeddable":true,"href":"https:\/\/vimaterial.de\/fr\/wp-json\/wp\/v2\/product_cat?post=1027962"},{"taxonomy":"product_tag","embeddable":true,"href":"https:\/\/vimaterial.de\/fr\/wp-json\/wp\/v2\/product_tag?post=1027962"}],"curies":[{"name":"wp","href":"https:\/\/api.w.org\/{rel}","templated":true}]}}