{"id":1027940,"date":"2024-06-17T16:12:05","date_gmt":"2024-06-17T08:12:05","guid":{"rendered":"https:\/\/vimaterial.de\/product\/oxyde-de-terbium-3\/"},"modified":"2024-10-23T09:57:50","modified_gmt":"2024-10-23T01:57:50","slug":"oxyde-de-terbium-3","status":"publish","type":"product","link":"https:\/\/vimaterial.de\/fr\/product\/oxyde-de-terbium-3\/","title":{"rendered":"Oxyde de terbium"},"content":{"rendered":"<p>Les particules d\u2019oxyde de terbium sont un compos\u00e9 important du terbium.<\/p>\n<h3>Informations de base :<\/h3>\n<p>Formule chimique : Tb\u2084O\u2087, compos\u00e9 des \u00e9l\u00e9ments terbium (Tb) et oxyg\u00e8ne (O).<\/p>\n<p>Masse molaire : 747,69 g\/mol.<\/p>\n<p>N\u00b0 CAS : 12037-01-3.<\/p>\n<p>Apparence\u00a0: Appara\u00eet g\u00e9n\u00e9ralement sous la forme d\u2019un solide en poudre brun fonc\u00e9 ou noir, mais peut varier l\u00e9g\u00e8rement en fonction de la m\u00e9thode de pr\u00e9paration et de la taille des particules.<\/p>\n<p>Densit\u00e9 : environ 7,3 g\/cm\u00b3.<\/p>\n<p>Point de fusion : \u00c9lev\u00e9, environ 2350 \u00b0C.<\/p>\n<h3>Utilise:<\/h3>\n<p>Pr\u00e9paration d\u2019autres compos\u00e9s du terbium : en raison de ses propri\u00e9t\u00e9s chimiques relativement stables, il s\u2019agit d\u2019une mati\u00e8re premi\u00e8re importante pour la pr\u00e9paration d\u2019autres compos\u00e9s du terbium (par exemple, le terbium m\u00e9tallique, le fluorure de terbium, le nitrate, etc.).<\/p>\n<p>Mat\u00e9riau fluorescent : L\u2019oxyde de terbium utilis\u00e9 comme activateur du phosphore vert pour les tubes de t\u00e9l\u00e9vision couleur, les lampes fluorescentes, etc. Il est capable d\u2019\u00e9mettre de la lumi\u00e8re verte \u00e0 l\u2019\u00e9tat excit\u00e9.<\/p>\n<p>Mat\u00e9riaux magn\u00e9to-optiques : Oxyde de terbium utilis\u00e9 dans la fabrication d\u2019\u00e9quipements d\u2019enregistrement magn\u00e9to-optiques et de verre magn\u00e9to-optique, etc. Ils ont un large \u00e9ventail d\u2019applications dans la technologie laser, par exemple, ils sont utilis\u00e9s dans la fabrication de mat\u00e9riaux cl\u00e9s tels que les rotateurs, les isolateurs et les circulateurs, qui sont largement utilis\u00e9s dans la technologie laser.<\/p>\n<p>Dispositifs \u00e0 semi-conducteurs : utilis\u00e9s comme dopants dans les dispositifs \u00e0 semi-conducteurs pour am\u00e9liorer les performances des dispositifs, tels que les lasers \u00e0 semi-conducteurs et d\u2019autres dispositifs.<\/p>\n","protected":false},"excerpt":{"rendered":"<p>Les particules d\u2019oxyde de terbium sont un compos\u00e9 important du terbium.<\/p>\n<p>Pr\u00e9paration d\u2019autres compos\u00e9s du terbium : en raison de ses propri\u00e9t\u00e9s chimiques relativement stables, il s\u2019agit d\u2019une mati\u00e8re premi\u00e8re importante pour la pr\u00e9paration d\u2019autres compos\u00e9s du terbium (par exemple, le terbium m\u00e9tallique, le fluorure de terbium, le nitrate, etc.).<\/p>\n<p>Mat\u00e9riau fluorescent : L\u2019oxyde de terbium est utilis\u00e9 comme activateur du phosphore vert pour les tubes de t\u00e9l\u00e9vision couleur, les lampes fluorescentes, etc. Il est capable d\u2019\u00e9mettre de la lumi\u00e8re verte \u00e0 l\u2019\u00e9tat excit\u00e9.<\/p>\n<p>&nbsp;<\/p>\n","protected":false},"featured_media":1038620,"comment_status":"open","ping_status":"closed","template":"","meta":{"_acf_changed":false},"product_brand":[],"product_cat":[236],"product_tag":[],"class_list":{"0":"post-1027940","1":"product","2":"type-product","3":"status-publish","4":"has-post-thumbnail","6":"product_cat-materiaux-devaporation","8":"first","9":"instock","10":"shipping-taxable","11":"product-type-variable"},"acf":[],"_links":{"self":[{"href":"https:\/\/vimaterial.de\/fr\/wp-json\/wp\/v2\/product\/1027940","targetHints":{"allow":["GET"]}}],"collection":[{"href":"https:\/\/vimaterial.de\/fr\/wp-json\/wp\/v2\/product"}],"about":[{"href":"https:\/\/vimaterial.de\/fr\/wp-json\/wp\/v2\/types\/product"}],"replies":[{"embeddable":true,"href":"https:\/\/vimaterial.de\/fr\/wp-json\/wp\/v2\/comments?post=1027940"}],"wp:featuredmedia":[{"embeddable":true,"href":"https:\/\/vimaterial.de\/fr\/wp-json\/wp\/v2\/media\/1038620"}],"wp:attachment":[{"href":"https:\/\/vimaterial.de\/fr\/wp-json\/wp\/v2\/media?parent=1027940"}],"wp:term":[{"taxonomy":"product_brand","embeddable":true,"href":"https:\/\/vimaterial.de\/fr\/wp-json\/wp\/v2\/product_brand?post=1027940"},{"taxonomy":"product_cat","embeddable":true,"href":"https:\/\/vimaterial.de\/fr\/wp-json\/wp\/v2\/product_cat?post=1027940"},{"taxonomy":"product_tag","embeddable":true,"href":"https:\/\/vimaterial.de\/fr\/wp-json\/wp\/v2\/product_tag?post=1027940"}],"curies":[{"name":"wp","href":"https:\/\/api.w.org\/{rel}","templated":true}]}}